{"id":1389,"date":"2020-10-22T14:02:31","date_gmt":"2020-10-22T12:02:31","guid":{"rendered":"https:\/\/www.touraine-montgolfiere.fr\/?page_id=1389"},"modified":"2021-08-16T12:03:10","modified_gmt":"2021-08-16T10:03:10","slug":"emplois-recrutement","status":"publish","type":"page","link":"https:\/\/www.touraine-montgolfiere.fr\/en\/emplois-recrutement\/","title":{"rendered":"(Fran\u00e7ais) Emplois Recrutement"},"content":{"rendered":"\t\t<div data-elementor-type=\"wp-page\" data-elementor-id=\"1389\" class=\"elementor elementor-1389\">\n\t\t\t\t\t\t<div class=\"elementor-inner\">\n\t\t\t\t<div class=\"elementor-section-wrap\">\n\t\t\t\t\t\t\t\t\t<section class=\"elementor-section elementor-top-section elementor-element elementor-element-6e4cd81 elementor-section-boxed elementor-section-height-default elementor-section-height-default\" data-id=\"6e4cd81\" data-element_type=\"section\">\n\t\t\t\t\t\t<div class=\"elementor-container elementor-column-gap-default\">\n\t\t\t\t\t\t\t<div class=\"elementor-row\">\n\t\t\t\t\t<div class=\"elementor-column elementor-col-16 elementor-top-column elementor-element elementor-element-81a8766\" data-id=\"81a8766\" data-element_type=\"column\">\n\t\t\t<div class=\"elementor-column-wrap\">\n\t\t\t\t\t\t\t<div class=\"elementor-widget-wrap\">\n\t\t\t\t\t\t\t\t<\/div>\n\t\t\t\t\t<\/div>\n\t\t<\/div>\n\t\t\t\t<div class=\"elementor-column elementor-col-66 elementor-top-column elementor-element elementor-element-f9cbd22\" data-id=\"f9cbd22\" data-element_type=\"column\">\n\t\t\t<div class=\"elementor-column-wrap elementor-element-populated\">\n\t\t\t\t\t\t\t<div class=\"elementor-widget-wrap\">\n\t\t\t\t\t\t<div class=\"elementor-element elementor-element-872e538 elementor-widget elementor-widget-text-editor\" data-id=\"872e538\" data-element_type=\"widget\" data-widget_type=\"text-editor.default\">\n\t\t\t\t<div class=\"elementor-widget-container\">\n\t\t\t\t\t\t\t\t<div class=\"elementor-text-editor elementor-clearfix\">\n\t\t\t\t<p style=\"text-align: left;\">O<b>ffre d&#8217;emploi : EQUIPIER<\/b><\/p><p>Touraine montgolfi\u00e8re recherche chauffeur pour convoyage de montgolfi\u00e8re.<br \/>Le poste consiste \u00e0 transporter en 4&#215;4 les passagers et le mat\u00e9riel pour la r\u00e9alisation de vols en montgolfi\u00e8re.<br \/>Aide \u00e0 la mise en \u0153uvre du ballon.<br \/>CDD saison 3 \u00e0 4\u00a0 heures par vol soit en d\u00e9but de matin\u00e9e soit en fin d&#8217;apr\u00e8s-midi.<br \/>M\u00e9thode, rigueur, condition physique et habilet\u00e9 au volant indispensable.<\/p><p>Permis B ou EB.<\/p><p style=\"text-align: center;\">_______________________<\/p>\t\t\t\t\t<\/div>\n\t\t\t\t\t\t<\/div>\n\t\t\t\t<\/div>\n\t\t\t\t\t\t<\/div>\n\t\t\t\t\t<\/div>\n\t\t<\/div>\n\t\t\t\t<div class=\"elementor-column elementor-col-16 elementor-top-column elementor-element elementor-element-be29718\" data-id=\"be29718\" data-element_type=\"column\">\n\t\t\t<div class=\"elementor-column-wrap\">\n\t\t\t\t\t\t\t<div class=\"elementor-widget-wrap\">\n\t\t\t\t\t\t\t\t<\/div>\n\t\t\t\t\t<\/div>\n\t\t<\/div>\n\t\t\t\t\t\t\t\t<\/div>\n\t\t\t\t\t<\/div>\n\t\t<\/section>\n\t\t\t\t<section class=\"elementor-section elementor-top-section elementor-element elementor-element-0d4ffc9 elementor-section-boxed elementor-section-height-default elementor-section-height-default\" data-id=\"0d4ffc9\" data-element_type=\"section\">\n\t\t\t\t\t\t<div class=\"elementor-container elementor-column-gap-default\">\n\t\t\t\t\t\t\t<div class=\"elementor-row\">\n\t\t\t\t\t<div class=\"elementor-column elementor-col-100 elementor-top-column elementor-element elementor-element-ba64d54\" data-id=\"ba64d54\" data-element_type=\"column\">\n\t\t\t<div class=\"elementor-column-wrap elementor-element-populated\">\n\t\t\t\t\t\t\t<div class=\"elementor-widget-wrap\">\n\t\t\t\t\t\t<div class=\"elementor-element elementor-element-d96dba3 elementor-widget elementor-widget-text-editor\" data-id=\"d96dba3\" data-element_type=\"widget\" data-widget_type=\"text-editor.default\">\n\t\t\t\t<div class=\"elementor-widget-container\">\n\t\t\t\t\t\t\t\t<div class=\"elementor-text-editor elementor-clearfix\">\n\t\t\t\t\t\t\t\t\t<\/div>\n\t\t\t\t\t\t<\/div>\n\t\t\t\t<\/div>\n\t\t\t\t\t\t<\/div>\n\t\t\t\t\t<\/div>\n\t\t<\/div>\n\t\t\t\t\t\t\t\t<\/div>\n\t\t\t\t\t<\/div>\n\t\t<\/section>\n\t\t\t\t<section class=\"elementor-section elementor-top-section elementor-element elementor-element-fbe7231 elementor-section-boxed elementor-section-height-default elementor-section-height-default\" data-id=\"fbe7231\" data-element_type=\"section\">\n\t\t\t\t\t\t<div class=\"elementor-container elementor-column-gap-default\">\n\t\t\t\t\t\t\t<div class=\"elementor-row\">\n\t\t\t\t\t<div class=\"elementor-column elementor-col-33 elementor-top-column elementor-element elementor-element-ff4695a\" data-id=\"ff4695a\" data-element_type=\"column\">\n\t\t\t<div class=\"elementor-column-wrap\">\n\t\t\t\t\t\t\t<div class=\"elementor-widget-wrap\">\n\t\t\t\t\t\t\t\t<\/div>\n\t\t\t\t\t<\/div>\n\t\t<\/div>\n\t\t\t\t<div class=\"elementor-column elementor-col-33 elementor-top-column elementor-element elementor-element-061c4c0\" data-id=\"061c4c0\" data-element_type=\"column\">\n\t\t\t<div class=\"elementor-column-wrap elementor-element-populated\">\n\t\t\t\t\t\t\t<div class=\"elementor-widget-wrap\">\n\t\t\t\t\t\t<div class=\"elementor-element elementor-element-ed8fe4e elementor-widget elementor-widget-text-editor\" data-id=\"ed8fe4e\" data-element_type=\"widget\" data-widget_type=\"text-editor.default\">\n\t\t\t\t<div class=\"elementor-widget-container\">\n\t\t\t\t\t\t\t\t<div class=\"elementor-text-editor elementor-clearfix\">\n\t\t\t\t<p>Of<b>fre d&#8217;emploi :\u00a0 PILOTE<\/b><\/p><p>Touraine montgolfi\u00e8re recherche 1 pilote montgolfi\u00e8re. CDI temps plein.<\/p><p style=\"text-align: center;\">_______________________<\/p>\t\t\t\t\t<\/div>\n\t\t\t\t\t\t<\/div>\n\t\t\t\t<\/div>\n\t\t\t\t\t\t<\/div>\n\t\t\t\t\t<\/div>\n\t\t<\/div>\n\t\t\t\t<div class=\"elementor-column elementor-col-33 elementor-top-column elementor-element elementor-element-99252ac\" data-id=\"99252ac\" data-element_type=\"column\">\n\t\t\t<div class=\"elementor-column-wrap\">\n\t\t\t\t\t\t\t<div class=\"elementor-widget-wrap\">\n\t\t\t\t\t\t\t\t<\/div>\n\t\t\t\t\t<\/div>\n\t\t<\/div>\n\t\t\t\t\t\t\t\t<\/div>\n\t\t\t\t\t<\/div>\n\t\t<\/section>\n\t\t\t\t\t\t\t\t\t<\/div>\n\t\t\t<\/div>\n\t\t\t\t\t<\/div>\n\t\t","protected":false},"excerpt":{"rendered":"<p>Offre d&#8217;emploi : EQUIPIER Touraine montgolfi\u00e8re recherche chauffeur pour convoyage de montgolfi\u00e8re.Le poste consiste \u00e0 transporter en 4&#215;4 les passagers et le mat\u00e9riel pour la r\u00e9alisation de vols en montgolfi\u00e8re.Aide \u00e0 la mise en \u0153uvre du ballon.CDD saison 3 \u00e0 4\u00a0 heures par vol soit en d\u00e9but de matin\u00e9e soit en fin d&#8217;apr\u00e8s-midi.M\u00e9thode, rigueur, condition [&hellip;]<\/p>\n","protected":false},"author":3,"featured_media":0,"parent":0,"menu_order":0,"comment_status":"closed","ping_status":"closed","template":"","meta":{"_vp_format_video_url":"","_vp_image_focal_point":[],"footnotes":""},"class_list":["post-1389","page","type-page","status-publish","hentry"],"yoast_head":"<!-- This site is optimized with the Yoast SEO plugin v24.9 - https:\/\/yoast.com\/wordpress\/plugins\/seo\/ -->\n<title>(Fran\u00e7ais) Emplois Recrutement - Vol en montgolfi\u00e8re survol des Ch\u00e2teaux de la Loire | Touraine Montgolfi\u00e8re<\/title>\n<meta name=\"robots\" content=\"index, follow, max-snippet:-1, max-image-preview:large, max-video-preview:-1\" \/>\n<link rel=\"canonical\" href=\"https:\/\/www.touraine-montgolfiere.fr\/emplois-recrutement\/\" \/>\n<meta property=\"og:locale\" content=\"en_US\" \/>\n<meta property=\"og:type\" content=\"article\" \/>\n<meta property=\"og:title\" content=\"(Fran\u00e7ais) Emplois Recrutement - Vol en montgolfi\u00e8re survol des Ch\u00e2teaux de la Loire | Touraine Montgolfi\u00e8re\" \/>\n<meta property=\"og:description\" content=\"Offre d&#8217;emploi : EQUIPIER Touraine montgolfi\u00e8re recherche chauffeur pour convoyage de montgolfi\u00e8re.Le poste consiste \u00e0 transporter en 4&#215;4 les passagers et le mat\u00e9riel pour la r\u00e9alisation de vols en montgolfi\u00e8re.Aide \u00e0 la mise en \u0153uvre du ballon.CDD saison 3 \u00e0 4\u00a0 heures par vol soit en d\u00e9but de matin\u00e9e soit en fin d&#8217;apr\u00e8s-midi.M\u00e9thode, rigueur, condition [&hellip;]\" \/>\n<meta property=\"og:url\" content=\"https:\/\/www.touraine-montgolfiere.fr\/emplois-recrutement\/\" \/>\n<meta property=\"og:site_name\" content=\"Vol en montgolfi\u00e8re survol des Ch\u00e2teaux de la Loire | Touraine Montgolfi\u00e8re\" \/>\n<meta property=\"article:modified_time\" content=\"2021-08-16T10:03:10+00:00\" \/>\n<meta name=\"twitter:card\" content=\"summary_large_image\" \/>\n<meta name=\"twitter:label1\" content=\"Est. reading time\" \/>\n\t<meta name=\"twitter:data1\" content=\"1 minute\" \/>\n<script type=\"application\/ld+json\" class=\"yoast-schema-graph\">{\"@context\":\"https:\/\/schema.org\",\"@graph\":[{\"@type\":\"WebPage\",\"@id\":\"https:\/\/www.touraine-montgolfiere.fr\/emplois-recrutement\/\",\"url\":\"https:\/\/www.touraine-montgolfiere.fr\/emplois-recrutement\/\",\"name\":\"(Fran\u00e7ais) Emplois Recrutement - Vol en montgolfi\u00e8re survol des Ch\u00e2teaux de la Loire | Touraine Montgolfi\u00e8re\",\"isPartOf\":{\"@id\":\"https:\/\/www.touraine-montgolfiere.fr\/#website\"},\"datePublished\":\"2020-10-22T12:02:31+00:00\",\"dateModified\":\"2021-08-16T10:03:10+00:00\",\"breadcrumb\":{\"@id\":\"https:\/\/www.touraine-montgolfiere.fr\/emplois-recrutement\/#breadcrumb\"},\"inLanguage\":\"en-US\",\"potentialAction\":[{\"@type\":\"ReadAction\",\"target\":[\"https:\/\/www.touraine-montgolfiere.fr\/emplois-recrutement\/\"]}]},{\"@type\":\"BreadcrumbList\",\"@id\":\"https:\/\/www.touraine-montgolfiere.fr\/emplois-recrutement\/#breadcrumb\",\"itemListElement\":[{\"@type\":\"ListItem\",\"position\":1,\"name\":\"Accueil\",\"item\":\"https:\/\/www.touraine-montgolfiere.fr\/\"},{\"@type\":\"ListItem\",\"position\":2,\"name\":\"Emplois Recrutement\"}]},{\"@type\":\"WebSite\",\"@id\":\"https:\/\/www.touraine-montgolfiere.fr\/#website\",\"url\":\"https:\/\/www.touraine-montgolfiere.fr\/\",\"name\":\"Vol en montgolfi\u00e8re survol des Ch\u00e2teaux de la Loire | Touraine Montgolfi\u00e8re\",\"description\":\"Vol en montgofi\u00e8re au dessus des ch\u00e2teaux de la Loire\",\"potentialAction\":[{\"@type\":\"SearchAction\",\"target\":{\"@type\":\"EntryPoint\",\"urlTemplate\":\"https:\/\/www.touraine-montgolfiere.fr\/?s={search_term_string}\"},\"query-input\":{\"@type\":\"PropertyValueSpecification\",\"valueRequired\":true,\"valueName\":\"search_term_string\"}}],\"inLanguage\":\"en-US\"}]}<\/script>\n<!-- \/ Yoast SEO plugin. -->","yoast_head_json":{"title":"(Fran\u00e7ais) Emplois Recrutement - Vol en montgolfi\u00e8re survol des Ch\u00e2teaux de la Loire | Touraine Montgolfi\u00e8re","robots":{"index":"index","follow":"follow","max-snippet":"max-snippet:-1","max-image-preview":"max-image-preview:large","max-video-preview":"max-video-preview:-1"},"canonical":"https:\/\/www.touraine-montgolfiere.fr\/emplois-recrutement\/","og_locale":"en_US","og_type":"article","og_title":"(Fran\u00e7ais) Emplois Recrutement - Vol en montgolfi\u00e8re survol des Ch\u00e2teaux de la Loire | Touraine Montgolfi\u00e8re","og_description":"Offre d&#8217;emploi : EQUIPIER Touraine montgolfi\u00e8re recherche chauffeur pour convoyage de montgolfi\u00e8re.Le poste consiste \u00e0 transporter en 4&#215;4 les passagers et le mat\u00e9riel pour la r\u00e9alisation de vols en montgolfi\u00e8re.Aide \u00e0 la mise en \u0153uvre du ballon.CDD saison 3 \u00e0 4\u00a0 heures par vol soit en d\u00e9but de matin\u00e9e soit en fin d&#8217;apr\u00e8s-midi.M\u00e9thode, rigueur, condition [&hellip;]","og_url":"https:\/\/www.touraine-montgolfiere.fr\/emplois-recrutement\/","og_site_name":"Vol en montgolfi\u00e8re survol des Ch\u00e2teaux de la Loire | Touraine Montgolfi\u00e8re","article_modified_time":"2021-08-16T10:03:10+00:00","twitter_card":"summary_large_image","twitter_misc":{"Est. reading time":"1 minute"},"schema":{"@context":"https:\/\/schema.org","@graph":[{"@type":"WebPage","@id":"https:\/\/www.touraine-montgolfiere.fr\/emplois-recrutement\/","url":"https:\/\/www.touraine-montgolfiere.fr\/emplois-recrutement\/","name":"(Fran\u00e7ais) Emplois Recrutement - Vol en montgolfi\u00e8re survol des Ch\u00e2teaux de la Loire | Touraine Montgolfi\u00e8re","isPartOf":{"@id":"https:\/\/www.touraine-montgolfiere.fr\/#website"},"datePublished":"2020-10-22T12:02:31+00:00","dateModified":"2021-08-16T10:03:10+00:00","breadcrumb":{"@id":"https:\/\/www.touraine-montgolfiere.fr\/emplois-recrutement\/#breadcrumb"},"inLanguage":"en-US","potentialAction":[{"@type":"ReadAction","target":["https:\/\/www.touraine-montgolfiere.fr\/emplois-recrutement\/"]}]},{"@type":"BreadcrumbList","@id":"https:\/\/www.touraine-montgolfiere.fr\/emplois-recrutement\/#breadcrumb","itemListElement":[{"@type":"ListItem","position":1,"name":"Accueil","item":"https:\/\/www.touraine-montgolfiere.fr\/"},{"@type":"ListItem","position":2,"name":"Emplois Recrutement"}]},{"@type":"WebSite","@id":"https:\/\/www.touraine-montgolfiere.fr\/#website","url":"https:\/\/www.touraine-montgolfiere.fr\/","name":"Vol en montgolfi\u00e8re survol des Ch\u00e2teaux de la Loire | Touraine Montgolfi\u00e8re","description":"Vol en montgofi\u00e8re au dessus des ch\u00e2teaux de la Loire","potentialAction":[{"@type":"SearchAction","target":{"@type":"EntryPoint","urlTemplate":"https:\/\/www.touraine-montgolfiere.fr\/?s={search_term_string}"},"query-input":{"@type":"PropertyValueSpecification","valueRequired":true,"valueName":"search_term_string"}}],"inLanguage":"en-US"}]}},"_links":{"self":[{"href":"https:\/\/www.touraine-montgolfiere.fr\/en\/wp-json\/wp\/v2\/pages\/1389","targetHints":{"allow":["GET"]}}],"collection":[{"href":"https:\/\/www.touraine-montgolfiere.fr\/en\/wp-json\/wp\/v2\/pages"}],"about":[{"href":"https:\/\/www.touraine-montgolfiere.fr\/en\/wp-json\/wp\/v2\/types\/page"}],"author":[{"embeddable":true,"href":"https:\/\/www.touraine-montgolfiere.fr\/en\/wp-json\/wp\/v2\/users\/3"}],"replies":[{"embeddable":true,"href":"https:\/\/www.touraine-montgolfiere.fr\/en\/wp-json\/wp\/v2\/comments?post=1389"}],"version-history":[{"count":27,"href":"https:\/\/www.touraine-montgolfiere.fr\/en\/wp-json\/wp\/v2\/pages\/1389\/revisions"}],"predecessor-version":[{"id":2110,"href":"https:\/\/www.touraine-montgolfiere.fr\/en\/wp-json\/wp\/v2\/pages\/1389\/revisions\/2110"}],"wp:attachment":[{"href":"https:\/\/www.touraine-montgolfiere.fr\/en\/wp-json\/wp\/v2\/media?parent=1389"}],"curies":[{"name":"wp","href":"https:\/\/api.w.org\/{rel}","templated":true}]}}