{"id":1601,"date":"2021-05-24T14:53:02","date_gmt":"2021-05-24T12:53:02","guid":{"rendered":"https:\/\/www.touraine-montgolfiere.fr\/?page_id=1601"},"modified":"2021-06-21T09:07:09","modified_gmt":"2021-06-21T07:07:09","slug":"organisation-vol-hotel","status":"publish","type":"page","link":"https:\/\/www.touraine-montgolfiere.fr\/en\/organisation-vol-hotel\/","title":{"rendered":"(Fran\u00e7ais) Vol avec H\u00f4tel"},"content":{"rendered":"\t\t<div data-elementor-type=\"wp-page\" data-elementor-id=\"1601\" class=\"elementor elementor-1601\">\n\t\t\t\t\t\t<div class=\"elementor-inner\">\n\t\t\t\t<div class=\"elementor-section-wrap\">\n\t\t\t\t\t\t\t\t\t<section class=\"elementor-section elementor-top-section elementor-element elementor-element-887920e elementor-section-boxed elementor-section-height-default elementor-section-height-default\" data-id=\"887920e\" data-element_type=\"section\">\n\t\t\t\t\t\t<div class=\"elementor-container elementor-column-gap-default\">\n\t\t\t\t\t\t\t<div class=\"elementor-row\">\n\t\t\t\t\t<div class=\"elementor-column elementor-col-16 elementor-top-column elementor-element elementor-element-d7dfc9d\" data-id=\"d7dfc9d\" data-element_type=\"column\">\n\t\t\t<div class=\"elementor-column-wrap\">\n\t\t\t\t\t\t\t<div class=\"elementor-widget-wrap\">\n\t\t\t\t\t\t\t\t<\/div>\n\t\t\t\t\t<\/div>\n\t\t<\/div>\n\t\t\t\t<div class=\"elementor-column elementor-col-66 elementor-top-column elementor-element elementor-element-a2f533f\" data-id=\"a2f533f\" data-element_type=\"column\">\n\t\t\t<div class=\"elementor-column-wrap elementor-element-populated\">\n\t\t\t\t\t\t\t<div class=\"elementor-widget-wrap\">\n\t\t\t\t\t\t<div class=\"elementor-element elementor-element-0e4757c elementor-widget elementor-widget-text-editor\" data-id=\"0e4757c\" data-element_type=\"widget\" data-widget_type=\"text-editor.default\">\n\t\t\t\t<div class=\"elementor-widget-container\">\n\t\t\t\t\t\t\t\t<div class=\"elementor-text-editor elementor-clearfix\">\n\t\t\t\t<p>Y a t&#8217;il une date de vol inscrite sur le cot\u00e9 droit de votre billet ?\u00a0<\/p><table style=\"border-collapse: collapse; width: 100%;\"><tbody><tr><td style=\"width: 50%;\"><a class=\"btnorganisation\" href=\"https:\/\/www.touraine-montgolfiere.fr\/vol-avec-hotel-date-definie\/\">Oui<\/a><br \/>La date de vol est d\u00e9j\u00e0 inscrite<\/td><td style=\"width: 50%;\"><a class=\"btnorganisation\" href=\"https:\/\/www.touraine-montgolfiere.fr\/vol-savec-hotel-date-non-definie\/\">Non<\/a><br \/>La date reste \u00e0 d\u00e9finir<\/td><\/tr><\/tbody><\/table>\t\t\t\t\t<\/div>\n\t\t\t\t\t\t<\/div>\n\t\t\t\t<\/div>\n\t\t\t\t\t\t<\/div>\n\t\t\t\t\t<\/div>\n\t\t<\/div>\n\t\t\t\t<div class=\"elementor-column elementor-col-16 elementor-top-column elementor-element elementor-element-4d8f7a7\" data-id=\"4d8f7a7\" data-element_type=\"column\">\n\t\t\t<div class=\"elementor-column-wrap elementor-element-populated\">\n\t\t\t\t\t\t\t<div class=\"elementor-widget-wrap\">\n\t\t\t\t\t\t<div class=\"elementor-element elementor-element-61eb1cc elementor-widget elementor-widget-image\" data-id=\"61eb1cc\" data-element_type=\"widget\" data-widget_type=\"image.default\">\n\t\t\t\t<div class=\"elementor-widget-container\">\n\t\t\t\t\t\t\t\t<div class=\"elementor-image\">\n\t\t\t\t\t\t\t\t\t\t\t\t<img loading=\"lazy\" decoding=\"async\" width=\"175\" height=\"329\" src=\"https:\/\/www.touraine-montgolfiere.fr\/wp-content\/uploads\/2021\/06\/billet-partie-droite.jpg\" class=\"attachment-large size-large\" alt=\"\" srcset=\"https:\/\/www.touraine-montgolfiere.fr\/wp-content\/uploads\/2021\/06\/billet-partie-droite.jpg 175w, https:\/\/www.touraine-montgolfiere.fr\/wp-content\/uploads\/2021\/06\/billet-partie-droite-160x300.jpg 160w\" sizes=\"auto, (max-width: 175px) 100vw, 175px\" \/>\t\t\t\t\t\t\t\t\t\t\t\t\t\t<\/div>\n\t\t\t\t\t\t<\/div>\n\t\t\t\t<\/div>\n\t\t\t\t\t\t<\/div>\n\t\t\t\t\t<\/div>\n\t\t<\/div>\n\t\t\t\t\t\t\t\t<\/div>\n\t\t\t\t\t<\/div>\n\t\t<\/section>\n\t\t\t\t\t\t\t\t\t<\/div>\n\t\t\t<\/div>\n\t\t\t\t\t<\/div>\n\t\t","protected":false},"excerpt":{"rendered":"<p>Y a t&#8217;il une date de vol inscrite sur le cot\u00e9 droit de votre billet ?\u00a0 OuiLa date de vol est d\u00e9j\u00e0 inscrite NonLa date reste \u00e0 d\u00e9finir<\/p>\n","protected":false},"author":3,"featured_media":0,"parent":0,"menu_order":0,"comment_status":"closed","ping_status":"closed","template":"page-titre.php","meta":{"_vp_format_video_url":"","_vp_image_focal_point":[],"footnotes":""},"class_list":["post-1601","page","type-page","status-publish","hentry"],"yoast_head":"<!-- This site is optimized with the Yoast SEO plugin v24.9 - https:\/\/yoast.com\/wordpress\/plugins\/seo\/ -->\n<title>(Fran\u00e7ais) Vol avec H\u00f4tel - Vol en montgolfi\u00e8re survol des Ch\u00e2teaux de la Loire | Touraine Montgolfi\u00e8re<\/title>\n<meta name=\"robots\" content=\"index, follow, max-snippet:-1, max-image-preview:large, max-video-preview:-1\" \/>\n<link rel=\"canonical\" href=\"https:\/\/www.touraine-montgolfiere.fr\/es\/organisation-vol-hotel\/\" \/>\n<meta property=\"og:locale\" content=\"en_US\" \/>\n<meta property=\"og:type\" content=\"article\" \/>\n<meta property=\"og:title\" content=\"(Fran\u00e7ais) Vol avec H\u00f4tel - Vol en montgolfi\u00e8re survol des Ch\u00e2teaux de la Loire | Touraine Montgolfi\u00e8re\" \/>\n<meta property=\"og:description\" content=\"Y a t&#8217;il une date de vol inscrite sur le cot\u00e9 droit de votre billet ?\u00a0 OuiLa date de vol est d\u00e9j\u00e0 inscrite NonLa date reste \u00e0 d\u00e9finir\" \/>\n<meta property=\"og:url\" content=\"https:\/\/www.touraine-montgolfiere.fr\/es\/organisation-vol-hotel\/\" \/>\n<meta property=\"og:site_name\" content=\"Vol en montgolfi\u00e8re survol des Ch\u00e2teaux de la Loire | Touraine Montgolfi\u00e8re\" \/>\n<meta property=\"article:modified_time\" content=\"2021-06-21T07:07:09+00:00\" \/>\n<meta property=\"og:image\" content=\"https:\/\/www.touraine-montgolfiere.fr\/wp-content\/uploads\/2021\/06\/billet-partie-droite.jpg\" \/>\n<meta name=\"twitter:card\" content=\"summary_large_image\" \/>\n<meta name=\"twitter:label1\" content=\"Est. reading time\" \/>\n\t<meta name=\"twitter:data1\" content=\"1 minute\" \/>\n<script type=\"application\/ld+json\" class=\"yoast-schema-graph\">{\"@context\":\"https:\/\/schema.org\",\"@graph\":[{\"@type\":\"WebPage\",\"@id\":\"https:\/\/www.touraine-montgolfiere.fr\/es\/organisation-vol-hotel\/\",\"url\":\"https:\/\/www.touraine-montgolfiere.fr\/es\/organisation-vol-hotel\/\",\"name\":\"(Fran\u00e7ais) Vol avec H\u00f4tel - Vol en montgolfi\u00e8re survol des Ch\u00e2teaux de la Loire | Touraine Montgolfi\u00e8re\",\"isPartOf\":{\"@id\":\"https:\/\/www.touraine-montgolfiere.fr\/#website\"},\"primaryImageOfPage\":{\"@id\":\"https:\/\/www.touraine-montgolfiere.fr\/es\/organisation-vol-hotel\/#primaryimage\"},\"image\":{\"@id\":\"https:\/\/www.touraine-montgolfiere.fr\/es\/organisation-vol-hotel\/#primaryimage\"},\"thumbnailUrl\":\"https:\/\/www.touraine-montgolfiere.fr\/wp-content\/uploads\/2021\/06\/billet-partie-droite.jpg\",\"datePublished\":\"2021-05-24T12:53:02+00:00\",\"dateModified\":\"2021-06-21T07:07:09+00:00\",\"breadcrumb\":{\"@id\":\"https:\/\/www.touraine-montgolfiere.fr\/es\/organisation-vol-hotel\/#breadcrumb\"},\"inLanguage\":\"en-US\",\"potentialAction\":[{\"@type\":\"ReadAction\",\"target\":[\"https:\/\/www.touraine-montgolfiere.fr\/es\/organisation-vol-hotel\/\"]}]},{\"@type\":\"ImageObject\",\"inLanguage\":\"en-US\",\"@id\":\"https:\/\/www.touraine-montgolfiere.fr\/es\/organisation-vol-hotel\/#primaryimage\",\"url\":\"https:\/\/www.touraine-montgolfiere.fr\/wp-content\/uploads\/2021\/06\/billet-partie-droite.jpg\",\"contentUrl\":\"https:\/\/www.touraine-montgolfiere.fr\/wp-content\/uploads\/2021\/06\/billet-partie-droite.jpg\"},{\"@type\":\"BreadcrumbList\",\"@id\":\"https:\/\/www.touraine-montgolfiere.fr\/es\/organisation-vol-hotel\/#breadcrumb\",\"itemListElement\":[{\"@type\":\"ListItem\",\"position\":1,\"name\":\"Accueil\",\"item\":\"https:\/\/www.touraine-montgolfiere.fr\/\"},{\"@type\":\"ListItem\",\"position\":2,\"name\":\"(Fran\u00e7ais) Vol avec H\u00f4tel\"}]},{\"@type\":\"WebSite\",\"@id\":\"https:\/\/www.touraine-montgolfiere.fr\/#website\",\"url\":\"https:\/\/www.touraine-montgolfiere.fr\/\",\"name\":\"Vol en montgolfi\u00e8re survol des Ch\u00e2teaux de la Loire | Touraine Montgolfi\u00e8re\",\"description\":\"Vol en montgofi\u00e8re au dessus des ch\u00e2teaux de la Loire\",\"potentialAction\":[{\"@type\":\"SearchAction\",\"target\":{\"@type\":\"EntryPoint\",\"urlTemplate\":\"https:\/\/www.touraine-montgolfiere.fr\/?s={search_term_string}\"},\"query-input\":{\"@type\":\"PropertyValueSpecification\",\"valueRequired\":true,\"valueName\":\"search_term_string\"}}],\"inLanguage\":\"en-US\"}]}<\/script>\n<!-- \/ Yoast SEO plugin. -->","yoast_head_json":{"title":"(Fran\u00e7ais) Vol avec H\u00f4tel - Vol en montgolfi\u00e8re survol des Ch\u00e2teaux de la Loire | Touraine Montgolfi\u00e8re","robots":{"index":"index","follow":"follow","max-snippet":"max-snippet:-1","max-image-preview":"max-image-preview:large","max-video-preview":"max-video-preview:-1"},"canonical":"https:\/\/www.touraine-montgolfiere.fr\/es\/organisation-vol-hotel\/","og_locale":"en_US","og_type":"article","og_title":"(Fran\u00e7ais) Vol avec H\u00f4tel - Vol en montgolfi\u00e8re survol des Ch\u00e2teaux de la Loire | Touraine Montgolfi\u00e8re","og_description":"Y a t&#8217;il une date de vol inscrite sur le cot\u00e9 droit de votre billet ?\u00a0 OuiLa date de vol est d\u00e9j\u00e0 inscrite NonLa date reste \u00e0 d\u00e9finir","og_url":"https:\/\/www.touraine-montgolfiere.fr\/es\/organisation-vol-hotel\/","og_site_name":"Vol en montgolfi\u00e8re survol des Ch\u00e2teaux de la Loire | Touraine Montgolfi\u00e8re","article_modified_time":"2021-06-21T07:07:09+00:00","og_image":[{"url":"https:\/\/www.touraine-montgolfiere.fr\/wp-content\/uploads\/2021\/06\/billet-partie-droite.jpg","type":"","width":"","height":""}],"twitter_card":"summary_large_image","twitter_misc":{"Est. reading time":"1 minute"},"schema":{"@context":"https:\/\/schema.org","@graph":[{"@type":"WebPage","@id":"https:\/\/www.touraine-montgolfiere.fr\/es\/organisation-vol-hotel\/","url":"https:\/\/www.touraine-montgolfiere.fr\/es\/organisation-vol-hotel\/","name":"(Fran\u00e7ais) Vol avec H\u00f4tel - Vol en montgolfi\u00e8re survol des Ch\u00e2teaux de la Loire | Touraine Montgolfi\u00e8re","isPartOf":{"@id":"https:\/\/www.touraine-montgolfiere.fr\/#website"},"primaryImageOfPage":{"@id":"https:\/\/www.touraine-montgolfiere.fr\/es\/organisation-vol-hotel\/#primaryimage"},"image":{"@id":"https:\/\/www.touraine-montgolfiere.fr\/es\/organisation-vol-hotel\/#primaryimage"},"thumbnailUrl":"https:\/\/www.touraine-montgolfiere.fr\/wp-content\/uploads\/2021\/06\/billet-partie-droite.jpg","datePublished":"2021-05-24T12:53:02+00:00","dateModified":"2021-06-21T07:07:09+00:00","breadcrumb":{"@id":"https:\/\/www.touraine-montgolfiere.fr\/es\/organisation-vol-hotel\/#breadcrumb"},"inLanguage":"en-US","potentialAction":[{"@type":"ReadAction","target":["https:\/\/www.touraine-montgolfiere.fr\/es\/organisation-vol-hotel\/"]}]},{"@type":"ImageObject","inLanguage":"en-US","@id":"https:\/\/www.touraine-montgolfiere.fr\/es\/organisation-vol-hotel\/#primaryimage","url":"https:\/\/www.touraine-montgolfiere.fr\/wp-content\/uploads\/2021\/06\/billet-partie-droite.jpg","contentUrl":"https:\/\/www.touraine-montgolfiere.fr\/wp-content\/uploads\/2021\/06\/billet-partie-droite.jpg"},{"@type":"BreadcrumbList","@id":"https:\/\/www.touraine-montgolfiere.fr\/es\/organisation-vol-hotel\/#breadcrumb","itemListElement":[{"@type":"ListItem","position":1,"name":"Accueil","item":"https:\/\/www.touraine-montgolfiere.fr\/"},{"@type":"ListItem","position":2,"name":"(Fran\u00e7ais) Vol avec H\u00f4tel"}]},{"@type":"WebSite","@id":"https:\/\/www.touraine-montgolfiere.fr\/#website","url":"https:\/\/www.touraine-montgolfiere.fr\/","name":"Vol en montgolfi\u00e8re survol des Ch\u00e2teaux de la Loire | Touraine Montgolfi\u00e8re","description":"Vol en montgofi\u00e8re au dessus des ch\u00e2teaux de la Loire","potentialAction":[{"@type":"SearchAction","target":{"@type":"EntryPoint","urlTemplate":"https:\/\/www.touraine-montgolfiere.fr\/?s={search_term_string}"},"query-input":{"@type":"PropertyValueSpecification","valueRequired":true,"valueName":"search_term_string"}}],"inLanguage":"en-US"}]}},"_links":{"self":[{"href":"https:\/\/www.touraine-montgolfiere.fr\/en\/wp-json\/wp\/v2\/pages\/1601","targetHints":{"allow":["GET"]}}],"collection":[{"href":"https:\/\/www.touraine-montgolfiere.fr\/en\/wp-json\/wp\/v2\/pages"}],"about":[{"href":"https:\/\/www.touraine-montgolfiere.fr\/en\/wp-json\/wp\/v2\/types\/page"}],"author":[{"embeddable":true,"href":"https:\/\/www.touraine-montgolfiere.fr\/en\/wp-json\/wp\/v2\/users\/3"}],"replies":[{"embeddable":true,"href":"https:\/\/www.touraine-montgolfiere.fr\/en\/wp-json\/wp\/v2\/comments?post=1601"}],"version-history":[{"count":16,"href":"https:\/\/www.touraine-montgolfiere.fr\/en\/wp-json\/wp\/v2\/pages\/1601\/revisions"}],"predecessor-version":[{"id":1925,"href":"https:\/\/www.touraine-montgolfiere.fr\/en\/wp-json\/wp\/v2\/pages\/1601\/revisions\/1925"}],"wp:attachment":[{"href":"https:\/\/www.touraine-montgolfiere.fr\/en\/wp-json\/wp\/v2\/media?parent=1601"}],"curies":[{"name":"wp","href":"https:\/\/api.w.org\/{rel}","templated":true}]}}