{"id":20,"date":"2019-04-12T09:25:28","date_gmt":"2019-04-12T07:25:28","guid":{"rendered":"http:\/\/151.80.88.73\/touraine-montgolfiere.fr\/?page_id=20"},"modified":"2023-03-11T10:04:31","modified_gmt":"2023-03-11T09:04:31","slug":"accueil","status":"publish","type":"page","link":"https:\/\/www.touraine-montgolfiere.fr\/en\/","title":{"rendered":"Home"},"content":{"rendered":"\t\t<div data-elementor-type=\"wp-post\" data-elementor-id=\"20\" class=\"elementor elementor-20\">\n\t\t\t\t\t\t<div class=\"elementor-inner\">\n\t\t\t\t<div class=\"elementor-section-wrap\">\n\t\t\t\t\t\t\t\t\t<section class=\"elementor-section elementor-top-section elementor-element elementor-element-04e454d elementor-section-boxed elementor-section-height-default elementor-section-height-default\" data-id=\"04e454d\" data-element_type=\"section\">\n\t\t\t\t\t\t<div class=\"elementor-container elementor-column-gap-default\">\n\t\t\t\t\t\t\t<div class=\"elementor-row\">\n\t\t\t\t\t<div class=\"elementor-column elementor-col-100 elementor-top-column elementor-element elementor-element-a854799\" data-id=\"a854799\" data-element_type=\"column\">\n\t\t\t<div class=\"elementor-column-wrap elementor-element-populated\">\n\t\t\t\t\t\t\t<div class=\"elementor-widget-wrap\">\n\t\t\t\t\t\t<div class=\"elementor-element elementor-element-09c34d2 elementor-widget elementor-widget-text-editor\" data-id=\"09c34d2\" data-element_type=\"widget\" data-widget_type=\"text-editor.default\">\n\t\t\t\t<div class=\"elementor-widget-container\">\n\t\t\t\t\t\t\t\t<div class=\"elementor-text-editor elementor-clearfix\">\n\t\t\t\t<p>With 35 years of aviation experience, Touraine Balloon \u00ae and its professional pilots from fighter aviation will share their passion and will make you discover their region. (At a slow speed&#8230;)<\/p><p>A unique and unforgettable adventure. Flights are taking place from April 15th until October 15th, mornings or evenings, depending on favorable weather conditions&#8230; calm winds with no rain, fog or risk of storm.<\/p><p>We are mainly taking off from Chenonceau, Amboise, and Chaumont.<br \/>This celestial adventure takes approximately 3 hours and is organized as follows<\/p><p><\/p>\t\t\t\t\t<\/div>\n\t\t\t\t\t\t<\/div>\n\t\t\t\t<\/div>\n\t\t\t\t\t\t<\/div>\n\t\t\t\t\t<\/div>\n\t\t<\/div>\n\t\t\t\t\t\t\t\t<\/div>\n\t\t\t\t\t<\/div>\n\t\t<\/section>\n\t\t\t\t\t\t\t\t\t<\/div>\n\t\t\t<\/div>\n\t\t\t\t\t<\/div>\n\t\t","protected":false},"excerpt":{"rendered":"<p>With 35 years of aviation experience, Touraine Balloon \u00ae and its professional pilots from fighter aviation will share their passion and will make you discover their region. (At a slow speed&#8230;) A unique and unforgettable adventure. Flights are taking place from April 15th until October 15th, mornings or evenings, depending on favorable weather conditions&#8230; calm [&hellip;]<\/p>\n","protected":false},"author":3,"featured_media":0,"parent":0,"menu_order":0,"comment_status":"closed","ping_status":"closed","template":"","meta":{"_vp_format_video_url":"","_vp_image_focal_point":[],"footnotes":""},"class_list":["post-20","page","type-page","status-publish","hentry"],"yoast_head":"<!-- This site is optimized with the Yoast SEO plugin v24.9 - https:\/\/yoast.com\/wordpress\/plugins\/seo\/ -->\n<title>(Fran\u00e7ais) Vol Montgolfi\u00e8re - Des professionnels issus de l\u2019Aviation de Chasse.<\/title>\n<meta name=\"description\" content=\"(Fran\u00e7ais) Aventure unique et inoubliable, Touraine Montgolfi\u00e8re \u00ae propose des vols en ballon au d\u00e9part des prestigieux ch\u00e2teaux de la Loire.\" \/>\n<meta name=\"robots\" content=\"index, follow, max-snippet:-1, max-image-preview:large, max-video-preview:-1\" \/>\n<link rel=\"canonical\" href=\"https:\/\/www.touraine-montgolfiere.fr\/\" \/>\n<meta property=\"og:locale\" content=\"en_US\" \/>\n<meta property=\"og:type\" content=\"article\" \/>\n<meta property=\"og:title\" content=\"[:fr]Vol Montgolfi\u00e8re - Des professionnels issus de l\u2019Aviation de Chasse.[:]\" \/>\n<meta property=\"og:description\" content=\"{:fr}Aventure unique et inoubliable, Touraine Montgolfi\u00e8re \u00ae propose des vols en ballon au d\u00e9part des prestigieux ch\u00e2teaux de la Loire. {:}\" \/>\n<meta property=\"og:url\" content=\"https:\/\/www.touraine-montgolfiere.fr\/\" \/>\n<meta property=\"og:site_name\" content=\"Vol en montgolfi\u00e8re survol des Ch\u00e2teaux de la Loire | Touraine Montgolfi\u00e8re\" \/>\n<meta property=\"article:modified_time\" content=\"2023-03-11T09:04:31+00:00\" \/>\n<meta name=\"twitter:card\" content=\"summary_large_image\" \/>\n<meta name=\"twitter:label1\" content=\"Est. reading time\" \/>\n\t<meta name=\"twitter:data1\" content=\"2 minutes\" \/>\n<script type=\"application\/ld+json\" class=\"yoast-schema-graph\">{\"@context\":\"https:\/\/schema.org\",\"@graph\":[{\"@type\":\"WebPage\",\"@id\":\"https:\/\/www.touraine-montgolfiere.fr\/\",\"url\":\"https:\/\/www.touraine-montgolfiere.fr\/\",\"name\":\"[:fr]Vol Montgolfi\u00e8re - Des professionnels issus de l\u2019Aviation de Chasse.[:]\",\"isPartOf\":{\"@id\":\"https:\/\/www.touraine-montgolfiere.fr\/#website\"},\"datePublished\":\"2019-04-12T07:25:28+00:00\",\"dateModified\":\"2023-03-11T09:04:31+00:00\",\"description\":\"{:fr}Aventure unique et inoubliable, Touraine Montgolfi\u00e8re \u00ae propose des vols en ballon au d\u00e9part des prestigieux ch\u00e2teaux de la Loire. {:}\",\"breadcrumb\":{\"@id\":\"https:\/\/www.touraine-montgolfiere.fr\/#breadcrumb\"},\"inLanguage\":\"en-US\",\"potentialAction\":[{\"@type\":\"ReadAction\",\"target\":[\"https:\/\/www.touraine-montgolfiere.fr\/\"]}]},{\"@type\":\"BreadcrumbList\",\"@id\":\"https:\/\/www.touraine-montgolfiere.fr\/#breadcrumb\",\"itemListElement\":[{\"@type\":\"ListItem\",\"position\":1,\"name\":\"Accueil\",\"item\":\"https:\/\/www.touraine-montgolfiere.fr\/\"},{\"@type\":\"ListItem\",\"position\":2,\"name\":\"[:fr]Accueil[:en]Home[:es]Bienvenida[:]\"}]},{\"@type\":\"WebSite\",\"@id\":\"https:\/\/www.touraine-montgolfiere.fr\/#website\",\"url\":\"https:\/\/www.touraine-montgolfiere.fr\/\",\"name\":\"Vol en montgolfi\u00e8re survol des Ch\u00e2teaux de la Loire | Touraine Montgolfi\u00e8re\",\"description\":\"Vol en montgofi\u00e8re au dessus des ch\u00e2teaux de la Loire\",\"potentialAction\":[{\"@type\":\"SearchAction\",\"target\":{\"@type\":\"EntryPoint\",\"urlTemplate\":\"https:\/\/www.touraine-montgolfiere.fr\/?s={search_term_string}\"},\"query-input\":{\"@type\":\"PropertyValueSpecification\",\"valueRequired\":true,\"valueName\":\"search_term_string\"}}],\"inLanguage\":\"en-US\"}]}<\/script>\n<!-- \/ Yoast SEO plugin. -->","yoast_head_json":{"title":"(Fran\u00e7ais) Vol Montgolfi\u00e8re - Des professionnels issus de l\u2019Aviation de Chasse.","description":"(Fran\u00e7ais) Aventure unique et inoubliable, Touraine Montgolfi\u00e8re \u00ae propose des vols en ballon au d\u00e9part des prestigieux ch\u00e2teaux de la Loire.","robots":{"index":"index","follow":"follow","max-snippet":"max-snippet:-1","max-image-preview":"max-image-preview:large","max-video-preview":"max-video-preview:-1"},"canonical":"https:\/\/www.touraine-montgolfiere.fr\/","og_locale":"en_US","og_type":"article","og_title":"[:fr]Vol Montgolfi\u00e8re - Des professionnels issus de l\u2019Aviation de Chasse.[:]","og_description":"{:fr}Aventure unique et inoubliable, Touraine Montgolfi\u00e8re \u00ae propose des vols en ballon au d\u00e9part des prestigieux ch\u00e2teaux de la Loire. {:}","og_url":"https:\/\/www.touraine-montgolfiere.fr\/","og_site_name":"Vol en montgolfi\u00e8re survol des Ch\u00e2teaux de la Loire | Touraine Montgolfi\u00e8re","article_modified_time":"2023-03-11T09:04:31+00:00","twitter_card":"summary_large_image","twitter_misc":{"Est. reading time":"2 minutes"},"schema":{"@context":"https:\/\/schema.org","@graph":[{"@type":"WebPage","@id":"https:\/\/www.touraine-montgolfiere.fr\/","url":"https:\/\/www.touraine-montgolfiere.fr\/","name":"[:fr]Vol Montgolfi\u00e8re - Des professionnels issus de l\u2019Aviation de Chasse.[:]","isPartOf":{"@id":"https:\/\/www.touraine-montgolfiere.fr\/#website"},"datePublished":"2019-04-12T07:25:28+00:00","dateModified":"2023-03-11T09:04:31+00:00","description":"{:fr}Aventure unique et inoubliable, Touraine Montgolfi\u00e8re \u00ae propose des vols en ballon au d\u00e9part des prestigieux ch\u00e2teaux de la Loire. {:}","breadcrumb":{"@id":"https:\/\/www.touraine-montgolfiere.fr\/#breadcrumb"},"inLanguage":"en-US","potentialAction":[{"@type":"ReadAction","target":["https:\/\/www.touraine-montgolfiere.fr\/"]}]},{"@type":"BreadcrumbList","@id":"https:\/\/www.touraine-montgolfiere.fr\/#breadcrumb","itemListElement":[{"@type":"ListItem","position":1,"name":"Accueil","item":"https:\/\/www.touraine-montgolfiere.fr\/"},{"@type":"ListItem","position":2,"name":"[:fr]Accueil[:en]Home[:es]Bienvenida[:]"}]},{"@type":"WebSite","@id":"https:\/\/www.touraine-montgolfiere.fr\/#website","url":"https:\/\/www.touraine-montgolfiere.fr\/","name":"Vol en montgolfi\u00e8re survol des Ch\u00e2teaux de la Loire | Touraine Montgolfi\u00e8re","description":"Vol en montgofi\u00e8re au dessus des ch\u00e2teaux de la Loire","potentialAction":[{"@type":"SearchAction","target":{"@type":"EntryPoint","urlTemplate":"https:\/\/www.touraine-montgolfiere.fr\/?s={search_term_string}"},"query-input":{"@type":"PropertyValueSpecification","valueRequired":true,"valueName":"search_term_string"}}],"inLanguage":"en-US"}]}},"_links":{"self":[{"href":"https:\/\/www.touraine-montgolfiere.fr\/en\/wp-json\/wp\/v2\/pages\/20","targetHints":{"allow":["GET"]}}],"collection":[{"href":"https:\/\/www.touraine-montgolfiere.fr\/en\/wp-json\/wp\/v2\/pages"}],"about":[{"href":"https:\/\/www.touraine-montgolfiere.fr\/en\/wp-json\/wp\/v2\/types\/page"}],"author":[{"embeddable":true,"href":"https:\/\/www.touraine-montgolfiere.fr\/en\/wp-json\/wp\/v2\/users\/3"}],"replies":[{"embeddable":true,"href":"https:\/\/www.touraine-montgolfiere.fr\/en\/wp-json\/wp\/v2\/comments?post=20"}],"version-history":[{"count":32,"href":"https:\/\/www.touraine-montgolfiere.fr\/en\/wp-json\/wp\/v2\/pages\/20\/revisions"}],"predecessor-version":[{"id":2578,"href":"https:\/\/www.touraine-montgolfiere.fr\/en\/wp-json\/wp\/v2\/pages\/20\/revisions\/2578"}],"wp:attachment":[{"href":"https:\/\/www.touraine-montgolfiere.fr\/en\/wp-json\/wp\/v2\/media?parent=20"}],"curies":[{"name":"wp","href":"https:\/\/api.w.org\/{rel}","templated":true}]}}