{"id":22,"date":"2019-04-12T10:46:32","date_gmt":"2019-04-12T08:46:32","guid":{"rendered":"http:\/\/151.80.88.73\/touraine-montgolfiere.fr\/?page_id=22"},"modified":"2022-05-17T11:32:26","modified_gmt":"2022-05-17T09:32:26","slug":"la-compagnie","status":"publish","type":"page","link":"https:\/\/www.touraine-montgolfiere.fr\/en\/la-compagnie\/","title":{"rendered":"The Compagny"},"content":{"rendered":"\t\t<div data-elementor-type=\"wp-post\" data-elementor-id=\"22\" class=\"elementor elementor-22\">\n\t\t\t\t\t\t<div class=\"elementor-inner\">\n\t\t\t\t<div class=\"elementor-section-wrap\">\n\t\t\t\t\t\t\t\t\t<section class=\"elementor-section elementor-top-section elementor-element elementor-element-27d407a elementor-section-boxed elementor-section-height-default elementor-section-height-default\" data-id=\"27d407a\" data-element_type=\"section\">\n\t\t\t\t\t\t<div class=\"elementor-container elementor-column-gap-default\">\n\t\t\t\t\t\t\t<div class=\"elementor-row\">\n\t\t\t\t\t<div class=\"elementor-column elementor-col-33 elementor-top-column elementor-element elementor-element-de17f63\" data-id=\"de17f63\" data-element_type=\"column\">\n\t\t\t<div class=\"elementor-column-wrap elementor-element-populated\">\n\t\t\t\t\t\t\t<div class=\"elementor-widget-wrap\">\n\t\t\t\t\t\t<div class=\"elementor-element elementor-element-f0e39ac elementor-widget elementor-widget-image\" data-id=\"f0e39ac\" data-element_type=\"widget\" data-widget_type=\"image.default\">\n\t\t\t\t<div class=\"elementor-widget-container\">\n\t\t\t\t\t\t\t\t<div class=\"elementor-image\">\n\t\t\t\t\t\t\t\t\t\t\t\t<img loading=\"lazy\" decoding=\"async\" width=\"850\" height=\"567\" src=\"https:\/\/www.touraine-montgolfiere.fr\/wp-content\/uploads\/2019\/04\/aerogare-amboise.jpg\" class=\"attachment-full size-full\" alt=\"L&#039;A\u00e9rogare \u00e0 Amboise\" srcset=\"https:\/\/www.touraine-montgolfiere.fr\/wp-content\/uploads\/2019\/04\/aerogare-amboise.jpg 850w, https:\/\/www.touraine-montgolfiere.fr\/wp-content\/uploads\/2019\/04\/aerogare-amboise-600x400.jpg 600w, https:\/\/www.touraine-montgolfiere.fr\/wp-content\/uploads\/2019\/04\/aerogare-amboise-300x200.jpg 300w, https:\/\/www.touraine-montgolfiere.fr\/wp-content\/uploads\/2019\/04\/aerogare-amboise-768x512.jpg 768w\" sizes=\"auto, (max-width: 850px) 100vw, 850px\" \/>\t\t\t\t\t\t\t\t\t\t\t\t\t\t<\/div>\n\t\t\t\t\t\t<\/div>\n\t\t\t\t<\/div>\n\t\t\t\t\t\t<\/div>\n\t\t\t\t\t<\/div>\n\t\t<\/div>\n\t\t\t\t<div class=\"elementor-column elementor-col-33 elementor-top-column elementor-element elementor-element-330370b\" data-id=\"330370b\" data-element_type=\"column\">\n\t\t\t<div class=\"elementor-column-wrap\">\n\t\t\t\t\t\t\t<div class=\"elementor-widget-wrap\">\n\t\t\t\t\t\t\t\t<\/div>\n\t\t\t\t\t<\/div>\n\t\t<\/div>\n\t\t\t\t<div class=\"elementor-column elementor-col-33 elementor-top-column elementor-element elementor-element-baa91af\" data-id=\"baa91af\" data-element_type=\"column\">\n\t\t\t<div class=\"elementor-column-wrap elementor-element-populated\">\n\t\t\t\t\t\t\t<div class=\"elementor-widget-wrap\">\n\t\t\t\t\t\t<div class=\"elementor-element elementor-element-ad76364 elementor-widget elementor-widget-text-editor\" data-id=\"ad76364\" data-element_type=\"widget\" data-widget_type=\"text-editor.default\">\n\t\t\t\t<div class=\"elementor-widget-container\">\n\t\t\t\t\t\t\t\t<div class=\"elementor-text-editor elementor-clearfix\">\n\t\t\t\t<p><\/p><p>Touraine Montgolfi\u00e8re is the leading company in Indre et Loire, specilized in public passenger transport in hot air balloons. Our pilot&#8217;s experience, gained in the French Air Force, has quickly led to the company becoming the point of reference in safety and flight organization.<\/p><p>Located in the heart of the Loire Valley, Touraine Montgolfi\u00e8re offers high quality services based at the most pretigious sites in the region.<\/p><p><\/p>\t\t\t\t\t<\/div>\n\t\t\t\t\t\t<\/div>\n\t\t\t\t<\/div>\n\t\t\t\t\t\t<\/div>\n\t\t\t\t\t<\/div>\n\t\t<\/div>\n\t\t\t\t\t\t\t\t<\/div>\n\t\t\t\t\t<\/div>\n\t\t<\/section>\n\t\t\t\t<section class=\"elementor-section elementor-top-section elementor-element elementor-element-8b512f0 elementor-section-boxed elementor-section-height-default elementor-section-height-default\" data-id=\"8b512f0\" data-element_type=\"section\">\n\t\t\t\t\t\t<div class=\"elementor-container elementor-column-gap-default\">\n\t\t\t\t\t\t\t<div class=\"elementor-row\">\n\t\t\t\t\t<div class=\"elementor-column elementor-col-33 elementor-top-column elementor-element elementor-element-7afef25\" data-id=\"7afef25\" data-element_type=\"column\">\n\t\t\t<div class=\"elementor-column-wrap elementor-element-populated\">\n\t\t\t\t\t\t\t<div class=\"elementor-widget-wrap\">\n\t\t\t\t\t\t<div class=\"elementor-element elementor-element-866b269 paveresa elementor-drop-cap-yes elementor-drop-cap-view-default elementor-widget elementor-widget-text-editor\" data-id=\"866b269\" data-element_type=\"widget\" data-settings=\"{&quot;drop_cap&quot;:&quot;yes&quot;}\" data-widget_type=\"text-editor.default\">\n\t\t\t\t<div class=\"elementor-widget-container\">\n\t\t\t\t\t\t\t\t<div class=\"elementor-text-editor elementor-clearfix\">\n\t\t\t\t<h2>Pilots<\/h2>\n<p><a href=\"https:\/\/www.touraine-montgolfiere.fr\/fr\/la-compagnie\/equipe-nos-pilotes\/\"><img loading=\"lazy\" decoding=\"async\" class=\"alignnone wp-image-364\" title=\"Pilote de chasse\" src=\"https:\/\/www.touraine-montgolfiere.fr\/wp-content\/uploads\/2019\/05\/2000-2001-188.jpeg\" alt=\"\" width=\"800\" height=\"600\" srcset=\"https:\/\/www.touraine-montgolfiere.fr\/wp-content\/uploads\/2019\/05\/2000-2001-188.jpeg 800w, https:\/\/www.touraine-montgolfiere.fr\/wp-content\/uploads\/2019\/05\/2000-2001-188-600x450.jpeg 600w, https:\/\/www.touraine-montgolfiere.fr\/wp-content\/uploads\/2019\/05\/2000-2001-188-300x225.jpeg 300w, https:\/\/www.touraine-montgolfiere.fr\/wp-content\/uploads\/2019\/05\/2000-2001-188-768x576.jpeg 768w\" sizes=\"auto, (max-width: 800px) 100vw, 800px\" \/><\/a><\/p>\n<div class=\"content\">\n<p><\/p>\n<p>Our pilots are professionals from civil and military aviation. They have the highest aeronautical qualifications.<\/p>\n<p><a href=\"https:\/\/www.touraine-montgolfiere.fr\/en\/la-compagnie\/equipe-nos-pilotes\/\">Learn more<\/a><\/p>\n<p><\/p>\n<\/div>\t\t\t\t\t<\/div>\n\t\t\t\t\t\t<\/div>\n\t\t\t\t<\/div>\n\t\t\t\t\t\t<\/div>\n\t\t\t\t\t<\/div>\n\t\t<\/div>\n\t\t\t\t<div class=\"elementor-column elementor-col-33 elementor-top-column elementor-element elementor-element-f99e3b5\" data-id=\"f99e3b5\" data-element_type=\"column\">\n\t\t\t<div class=\"elementor-column-wrap elementor-element-populated\">\n\t\t\t\t\t\t\t<div class=\"elementor-widget-wrap\">\n\t\t\t\t\t\t<div class=\"elementor-element elementor-element-fb6b10f paveresa elementor-drop-cap-yes elementor-drop-cap-view-default elementor-widget elementor-widget-text-editor\" data-id=\"fb6b10f\" data-element_type=\"widget\" data-settings=\"{&quot;drop_cap&quot;:&quot;yes&quot;}\" data-widget_type=\"text-editor.default\">\n\t\t\t\t<div class=\"elementor-widget-container\">\n\t\t\t\t\t\t\t\t<div class=\"elementor-text-editor elementor-clearfix\">\n\t\t\t\t<h2>L&#8217;A\u00e9rogare<\/h2><p><a href=\"https:\/\/www.touraine-montgolfiere.fr\/fr\/la-compagnie\/notre-base\/\"><img loading=\"lazy\" decoding=\"async\" class=\"\" src=\"https:\/\/www.touraine-montgolfiere.fr\/wp-content\/uploads\/2019\/05\/aerogare.jpg\" alt=\"l'aerogare\" width=\"600\" height=\"450\" \/><\/a><\/p><div class=\"content\"><p><\/p><p>The Touraine Montgolfi\u00e8re Terminal &#8220;AEROGARE&#8221; \u00a0is an \u00a0exclusive building,\u00a0perfectly adapted to the balloon flights.<br \/><a href=\"https:\/\/www.touraine-montgolfiere.fr\/en\/la-compagnie\/notre-base\/\">Learn More<\/a><\/p><p><\/p><\/div>\t\t\t\t\t<\/div>\n\t\t\t\t\t\t<\/div>\n\t\t\t\t<\/div>\n\t\t\t\t\t\t<\/div>\n\t\t\t\t\t<\/div>\n\t\t<\/div>\n\t\t\t\t<div class=\"elementor-column elementor-col-33 elementor-top-column elementor-element elementor-element-e1b4209\" data-id=\"e1b4209\" data-element_type=\"column\">\n\t\t\t<div class=\"elementor-column-wrap elementor-element-populated\">\n\t\t\t\t\t\t\t<div class=\"elementor-widget-wrap\">\n\t\t\t\t\t\t<div class=\"elementor-element elementor-element-93f144d paveresa elementor-drop-cap-yes elementor-drop-cap-view-default elementor-widget elementor-widget-text-editor\" data-id=\"93f144d\" data-element_type=\"widget\" data-settings=\"{&quot;drop_cap&quot;:&quot;yes&quot;}\" data-widget_type=\"text-editor.default\">\n\t\t\t\t<div class=\"elementor-widget-container\">\n\t\t\t\t\t\t\t\t<div class=\"elementor-text-editor elementor-clearfix\">\n\t\t\t\t<h2>Equipment<\/h2><p><a href=\"https:\/\/www.touraine-montgolfiere.fr\/nos-ballons\/\"><img loading=\"lazy\" decoding=\"async\" class=\"alignnone wp-image-151 size-full\" src=\"https:\/\/www.touraine-montgolfiere.fr\/wp-content\/uploads\/2019\/05\/materiel-touraine-montgolfiere.jpg\" alt=\"materiel vol montgolfiere\" width=\"800\" height=\"600\" srcset=\"https:\/\/www.touraine-montgolfiere.fr\/wp-content\/uploads\/2019\/05\/materiel-touraine-montgolfiere.jpg 800w, https:\/\/www.touraine-montgolfiere.fr\/wp-content\/uploads\/2019\/05\/materiel-touraine-montgolfiere-600x450.jpg 600w, https:\/\/www.touraine-montgolfiere.fr\/wp-content\/uploads\/2019\/05\/materiel-touraine-montgolfiere-300x225.jpg 300w, https:\/\/www.touraine-montgolfiere.fr\/wp-content\/uploads\/2019\/05\/materiel-touraine-montgolfiere-768x576.jpg 768w\" sizes=\"auto, (max-width: 800px) 100vw, 800px\" \/><\/a><\/p><div class=\"content\"><p><\/p><p>We have a fleet of 8 balloons fitted with pods from 1 to 16 seats. The equipment is constantly renewed and maintained by an independent approved workshop. <br \/><a href=\"https:\/\/www.touraine-montgolfiere.fr\/en\/nos-ballons\/\">Lear More<\/a><\/p><p><\/p><\/div>\t\t\t\t\t<\/div>\n\t\t\t\t\t\t<\/div>\n\t\t\t\t<\/div>\n\t\t\t\t\t\t<\/div>\n\t\t\t\t\t<\/div>\n\t\t<\/div>\n\t\t\t\t\t\t\t\t<\/div>\n\t\t\t\t\t<\/div>\n\t\t<\/section>\n\t\t\t\t<section class=\"elementor-section elementor-top-section elementor-element elementor-element-aa0f7d3 elementor-section-boxed elementor-section-height-default elementor-section-height-default\" data-id=\"aa0f7d3\" data-element_type=\"section\">\n\t\t\t\t\t\t<div class=\"elementor-container elementor-column-gap-default\">\n\t\t\t\t\t\t\t<div class=\"elementor-row\">\n\t\t\t\t\t<div class=\"elementor-column elementor-col-33 elementor-top-column elementor-element elementor-element-82491b6\" data-id=\"82491b6\" data-element_type=\"column\">\n\t\t\t<div class=\"elementor-column-wrap elementor-element-populated\">\n\t\t\t\t\t\t\t<div class=\"elementor-widget-wrap\">\n\t\t\t\t\t\t<div class=\"elementor-element elementor-element-3680ab8 pavecompagnie elementor-drop-cap-yes elementor-drop-cap-view-default elementor-widget elementor-widget-text-editor\" data-id=\"3680ab8\" data-element_type=\"widget\" data-settings=\"{&quot;drop_cap&quot;:&quot;yes&quot;}\" data-widget_type=\"text-editor.default\">\n\t\t\t\t<div class=\"elementor-widget-container\">\n\t\t\t\t\t\t\t\t<div class=\"elementor-text-editor elementor-clearfix\">\n\t\t\t\t<h2>Organization<\/h2><p><img loading=\"lazy\" decoding=\"async\" class=\"alignnone wp-image-152 size-full\" src=\"https:\/\/www.touraine-montgolfiere.fr\/wp-content\/uploads\/2019\/05\/organisation-touraine-montgolfiere.jpg\" alt=\"organisation vol montgolfi\u00e8re\" width=\"800\" height=\"600\" srcset=\"https:\/\/www.touraine-montgolfiere.fr\/wp-content\/uploads\/2019\/05\/organisation-touraine-montgolfiere.jpg 800w, https:\/\/www.touraine-montgolfiere.fr\/wp-content\/uploads\/2019\/05\/organisation-touraine-montgolfiere-600x450.jpg 600w, https:\/\/www.touraine-montgolfiere.fr\/wp-content\/uploads\/2019\/05\/organisation-touraine-montgolfiere-300x225.jpg 300w, https:\/\/www.touraine-montgolfiere.fr\/wp-content\/uploads\/2019\/05\/organisation-touraine-montgolfiere-768x576.jpg 768w\" sizes=\"auto, (max-width: 800px) 100vw, 800px\" \/><\/p><div class=\"content\"><p><\/p><p>Flights take place in good weather. In the case of strong wind, thunderstorms, rain or fog, flights are postponed free of charge.<\/p><p><\/p><\/div>\t\t\t\t\t<\/div>\n\t\t\t\t\t\t<\/div>\n\t\t\t\t<\/div>\n\t\t\t\t\t\t<\/div>\n\t\t\t\t\t<\/div>\n\t\t<\/div>\n\t\t\t\t<div class=\"elementor-column elementor-col-33 elementor-top-column elementor-element elementor-element-abeaf4d\" data-id=\"abeaf4d\" data-element_type=\"column\">\n\t\t\t<div class=\"elementor-column-wrap elementor-element-populated\">\n\t\t\t\t\t\t\t<div class=\"elementor-widget-wrap\">\n\t\t\t\t\t\t<div class=\"elementor-element elementor-element-ba8c6ba pavecompagnie elementor-drop-cap-yes elementor-drop-cap-view-default elementor-widget elementor-widget-text-editor\" data-id=\"ba8c6ba\" data-element_type=\"widget\" data-settings=\"{&quot;drop_cap&quot;:&quot;yes&quot;}\" data-widget_type=\"text-editor.default\">\n\t\t\t\t<div class=\"elementor-widget-container\">\n\t\t\t\t\t\t\t\t<div class=\"elementor-text-editor elementor-clearfix\">\n\t\t\t\t<h2>Security<\/h2><p><img loading=\"lazy\" decoding=\"async\" src=\"https:\/\/www.touraine-montgolfiere.fr\/wp-content\/uploads\/2019\/05\/securite-touraine-montgolfiere.jpg\" alt=\"s\u00e9curite en montgolfiere\" width=\"800\" height=\"600\" \/><\/p><div class=\"content\"><p><\/p><p>Our equipment is constantly renewed and in conformity with the most recent applicable standards and recommandations.<\/p><p><\/p><\/div>\t\t\t\t\t<\/div>\n\t\t\t\t\t\t<\/div>\n\t\t\t\t<\/div>\n\t\t\t\t\t\t<\/div>\n\t\t\t\t\t<\/div>\n\t\t<\/div>\n\t\t\t\t<div class=\"elementor-column elementor-col-33 elementor-top-column elementor-element elementor-element-7c33072\" data-id=\"7c33072\" data-element_type=\"column\">\n\t\t\t<div class=\"elementor-column-wrap elementor-element-populated\">\n\t\t\t\t\t\t\t<div class=\"elementor-widget-wrap\">\n\t\t\t\t\t\t<div class=\"elementor-element elementor-element-f5316ff pavecompagnie elementor-drop-cap-yes elementor-drop-cap-view-default elementor-widget elementor-widget-text-editor\" data-id=\"f5316ff\" data-element_type=\"widget\" data-settings=\"{&quot;drop_cap&quot;:&quot;yes&quot;}\" data-widget_type=\"text-editor.default\">\n\t\t\t\t<div class=\"elementor-widget-container\">\n\t\t\t\t\t\t\t\t<div class=\"elementor-text-editor elementor-clearfix\">\n\t\t\t\t<h2>Quality<\/h2>\n<p><img loading=\"lazy\" decoding=\"async\" src=\"https:\/\/www.touraine-montgolfiere.fr\/wp-content\/uploads\/2019\/05\/qualite-vol-touraine-montgolfiere.jpg\" alt=\"qualit\u00e9 vol montgolfiere\" width=\"800\" height=\"600\"><\/p>\n<div class=\"content\">\n<p><\/p>\n<p>No intermediary: with a ticket from Touraine Montgolfi\u00e8re, you are informed, welcomed and driven by employees of Touraine Montgolfi\u00e8re, in the company&#8217;s vehicles and hot air balloons.<\/p>\n<p><\/p>\n<\/div>\t\t\t\t\t<\/div>\n\t\t\t\t\t\t<\/div>\n\t\t\t\t<\/div>\n\t\t\t\t\t\t<\/div>\n\t\t\t\t\t<\/div>\n\t\t<\/div>\n\t\t\t\t\t\t\t\t<\/div>\n\t\t\t\t\t<\/div>\n\t\t<\/section>\n\t\t\t\t\t\t\t\t\t<\/div>\n\t\t\t<\/div>\n\t\t\t\t\t<\/div>\n\t\t","protected":false},"excerpt":{"rendered":"<p>Touraine Montgolfi\u00e8re is the leading company in Indre et Loire, specilized in public passenger transport in hot air balloons. Our pilot&#8217;s experience, gained in the French Air Force, has quickly led to the company becoming the point of reference in safety and flight organization. Located in the heart of the Loire Valley, Touraine Montgolfi\u00e8re offers [&hellip;]<\/p>\n","protected":false},"author":3,"featured_media":0,"parent":0,"menu_order":0,"comment_status":"closed","ping_status":"closed","template":"","meta":{"_vp_format_video_url":"","_vp_image_focal_point":[],"footnotes":""},"class_list":["post-22","page","type-page","status-publish","hentry"],"yoast_head":"<!-- This site is optimized with the Yoast SEO plugin v24.9 - https:\/\/yoast.com\/wordpress\/plugins\/seo\/ -->\n<title>The Compagny - Vol en montgolfi\u00e8re survol des Ch\u00e2teaux de la Loire | Touraine Montgolfi\u00e8re<\/title>\n<meta name=\"robots\" content=\"index, follow, max-snippet:-1, max-image-preview:large, max-video-preview:-1\" \/>\n<link rel=\"canonical\" href=\"https:\/\/www.touraine-montgolfiere.fr\/la-compagnie\/\" \/>\n<meta property=\"og:locale\" content=\"en_US\" \/>\n<meta property=\"og:type\" content=\"article\" \/>\n<meta property=\"og:title\" content=\"The Compagny - Vol en montgolfi\u00e8re survol des Ch\u00e2teaux de la Loire | Touraine Montgolfi\u00e8re\" \/>\n<meta property=\"og:description\" content=\"Touraine Montgolfi\u00e8re is the leading company in Indre et Loire, specilized in public passenger transport in hot air balloons. Our pilot&#8217;s experience, gained in the French Air Force, has quickly led to the company becoming the point of reference in safety and flight organization. Located in the heart of the Loire Valley, Touraine Montgolfi\u00e8re offers [&hellip;]\" \/>\n<meta property=\"og:url\" content=\"https:\/\/www.touraine-montgolfiere.fr\/la-compagnie\/\" \/>\n<meta property=\"og:site_name\" content=\"Vol en montgolfi\u00e8re survol des Ch\u00e2teaux de la Loire | Touraine Montgolfi\u00e8re\" \/>\n<meta property=\"article:modified_time\" content=\"2022-05-17T09:32:26+00:00\" \/>\n<meta property=\"og:image\" content=\"https:\/\/www.touraine-montgolfiere.fr\/wp-content\/uploads\/2019\/04\/aerogare-amboise.jpg\" \/>\n<meta name=\"twitter:card\" content=\"summary_large_image\" \/>\n<meta name=\"twitter:label1\" content=\"Est. reading time\" \/>\n\t<meta name=\"twitter:data1\" content=\"5 minutes\" \/>\n<script type=\"application\/ld+json\" class=\"yoast-schema-graph\">{\"@context\":\"https:\/\/schema.org\",\"@graph\":[{\"@type\":\"WebPage\",\"@id\":\"https:\/\/www.touraine-montgolfiere.fr\/la-compagnie\/\",\"url\":\"https:\/\/www.touraine-montgolfiere.fr\/la-compagnie\/\",\"name\":\"The Compagny - Vol en montgolfi\u00e8re survol des Ch\u00e2teaux de la Loire | Touraine Montgolfi\u00e8re\",\"isPartOf\":{\"@id\":\"https:\/\/www.touraine-montgolfiere.fr\/#website\"},\"primaryImageOfPage\":{\"@id\":\"https:\/\/www.touraine-montgolfiere.fr\/la-compagnie\/#primaryimage\"},\"image\":{\"@id\":\"https:\/\/www.touraine-montgolfiere.fr\/la-compagnie\/#primaryimage\"},\"thumbnailUrl\":\"https:\/\/www.touraine-montgolfiere.fr\/wp-content\/uploads\/2019\/04\/aerogare-amboise.jpg\",\"datePublished\":\"2019-04-12T08:46:32+00:00\",\"dateModified\":\"2022-05-17T09:32:26+00:00\",\"breadcrumb\":{\"@id\":\"https:\/\/www.touraine-montgolfiere.fr\/la-compagnie\/#breadcrumb\"},\"inLanguage\":\"en-US\",\"potentialAction\":[{\"@type\":\"ReadAction\",\"target\":[\"https:\/\/www.touraine-montgolfiere.fr\/la-compagnie\/\"]}]},{\"@type\":\"ImageObject\",\"inLanguage\":\"en-US\",\"@id\":\"https:\/\/www.touraine-montgolfiere.fr\/la-compagnie\/#primaryimage\",\"url\":\"https:\/\/www.touraine-montgolfiere.fr\/wp-content\/uploads\/2019\/04\/aerogare-amboise.jpg\",\"contentUrl\":\"https:\/\/www.touraine-montgolfiere.fr\/wp-content\/uploads\/2019\/04\/aerogare-amboise.jpg\"},{\"@type\":\"BreadcrumbList\",\"@id\":\"https:\/\/www.touraine-montgolfiere.fr\/la-compagnie\/#breadcrumb\",\"itemListElement\":[{\"@type\":\"ListItem\",\"position\":1,\"name\":\"Accueil\",\"item\":\"https:\/\/www.touraine-montgolfiere.fr\/\"},{\"@type\":\"ListItem\",\"position\":2,\"name\":\"[:fr]La Compagnie[:en]The Compagny[:es]La Empresa[:]\"}]},{\"@type\":\"WebSite\",\"@id\":\"https:\/\/www.touraine-montgolfiere.fr\/#website\",\"url\":\"https:\/\/www.touraine-montgolfiere.fr\/\",\"name\":\"Vol en montgolfi\u00e8re survol des Ch\u00e2teaux de la Loire | Touraine Montgolfi\u00e8re\",\"description\":\"Vol en montgofi\u00e8re au dessus des ch\u00e2teaux de la Loire\",\"potentialAction\":[{\"@type\":\"SearchAction\",\"target\":{\"@type\":\"EntryPoint\",\"urlTemplate\":\"https:\/\/www.touraine-montgolfiere.fr\/?s={search_term_string}\"},\"query-input\":{\"@type\":\"PropertyValueSpecification\",\"valueRequired\":true,\"valueName\":\"search_term_string\"}}],\"inLanguage\":\"en-US\"}]}<\/script>\n<!-- \/ Yoast SEO plugin. -->","yoast_head_json":{"title":"The Compagny - Vol en montgolfi\u00e8re survol des Ch\u00e2teaux de la Loire | Touraine Montgolfi\u00e8re","robots":{"index":"index","follow":"follow","max-snippet":"max-snippet:-1","max-image-preview":"max-image-preview:large","max-video-preview":"max-video-preview:-1"},"canonical":"https:\/\/www.touraine-montgolfiere.fr\/la-compagnie\/","og_locale":"en_US","og_type":"article","og_title":"The Compagny - Vol en montgolfi\u00e8re survol des Ch\u00e2teaux de la Loire | Touraine Montgolfi\u00e8re","og_description":"Touraine Montgolfi\u00e8re is the leading company in Indre et Loire, specilized in public passenger transport in hot air balloons. Our pilot&#8217;s experience, gained in the French Air Force, has quickly led to the company becoming the point of reference in safety and flight organization. Located in the heart of the Loire Valley, Touraine Montgolfi\u00e8re offers [&hellip;]","og_url":"https:\/\/www.touraine-montgolfiere.fr\/la-compagnie\/","og_site_name":"Vol en montgolfi\u00e8re survol des Ch\u00e2teaux de la Loire | Touraine Montgolfi\u00e8re","article_modified_time":"2022-05-17T09:32:26+00:00","og_image":[{"url":"https:\/\/www.touraine-montgolfiere.fr\/wp-content\/uploads\/2019\/04\/aerogare-amboise.jpg","type":"","width":"","height":""}],"twitter_card":"summary_large_image","twitter_misc":{"Est. reading time":"5 minutes"},"schema":{"@context":"https:\/\/schema.org","@graph":[{"@type":"WebPage","@id":"https:\/\/www.touraine-montgolfiere.fr\/la-compagnie\/","url":"https:\/\/www.touraine-montgolfiere.fr\/la-compagnie\/","name":"The Compagny - Vol en montgolfi\u00e8re survol des Ch\u00e2teaux de la Loire | Touraine Montgolfi\u00e8re","isPartOf":{"@id":"https:\/\/www.touraine-montgolfiere.fr\/#website"},"primaryImageOfPage":{"@id":"https:\/\/www.touraine-montgolfiere.fr\/la-compagnie\/#primaryimage"},"image":{"@id":"https:\/\/www.touraine-montgolfiere.fr\/la-compagnie\/#primaryimage"},"thumbnailUrl":"https:\/\/www.touraine-montgolfiere.fr\/wp-content\/uploads\/2019\/04\/aerogare-amboise.jpg","datePublished":"2019-04-12T08:46:32+00:00","dateModified":"2022-05-17T09:32:26+00:00","breadcrumb":{"@id":"https:\/\/www.touraine-montgolfiere.fr\/la-compagnie\/#breadcrumb"},"inLanguage":"en-US","potentialAction":[{"@type":"ReadAction","target":["https:\/\/www.touraine-montgolfiere.fr\/la-compagnie\/"]}]},{"@type":"ImageObject","inLanguage":"en-US","@id":"https:\/\/www.touraine-montgolfiere.fr\/la-compagnie\/#primaryimage","url":"https:\/\/www.touraine-montgolfiere.fr\/wp-content\/uploads\/2019\/04\/aerogare-amboise.jpg","contentUrl":"https:\/\/www.touraine-montgolfiere.fr\/wp-content\/uploads\/2019\/04\/aerogare-amboise.jpg"},{"@type":"BreadcrumbList","@id":"https:\/\/www.touraine-montgolfiere.fr\/la-compagnie\/#breadcrumb","itemListElement":[{"@type":"ListItem","position":1,"name":"Accueil","item":"https:\/\/www.touraine-montgolfiere.fr\/"},{"@type":"ListItem","position":2,"name":"[:fr]La Compagnie[:en]The Compagny[:es]La Empresa[:]"}]},{"@type":"WebSite","@id":"https:\/\/www.touraine-montgolfiere.fr\/#website","url":"https:\/\/www.touraine-montgolfiere.fr\/","name":"Vol en montgolfi\u00e8re survol des Ch\u00e2teaux de la Loire | Touraine Montgolfi\u00e8re","description":"Vol en montgofi\u00e8re au dessus des ch\u00e2teaux de la Loire","potentialAction":[{"@type":"SearchAction","target":{"@type":"EntryPoint","urlTemplate":"https:\/\/www.touraine-montgolfiere.fr\/?s={search_term_string}"},"query-input":{"@type":"PropertyValueSpecification","valueRequired":true,"valueName":"search_term_string"}}],"inLanguage":"en-US"}]}},"_links":{"self":[{"href":"https:\/\/www.touraine-montgolfiere.fr\/en\/wp-json\/wp\/v2\/pages\/22","targetHints":{"allow":["GET"]}}],"collection":[{"href":"https:\/\/www.touraine-montgolfiere.fr\/en\/wp-json\/wp\/v2\/pages"}],"about":[{"href":"https:\/\/www.touraine-montgolfiere.fr\/en\/wp-json\/wp\/v2\/types\/page"}],"author":[{"embeddable":true,"href":"https:\/\/www.touraine-montgolfiere.fr\/en\/wp-json\/wp\/v2\/users\/3"}],"replies":[{"embeddable":true,"href":"https:\/\/www.touraine-montgolfiere.fr\/en\/wp-json\/wp\/v2\/comments?post=22"}],"version-history":[{"count":109,"href":"https:\/\/www.touraine-montgolfiere.fr\/en\/wp-json\/wp\/v2\/pages\/22\/revisions"}],"predecessor-version":[{"id":2448,"href":"https:\/\/www.touraine-montgolfiere.fr\/en\/wp-json\/wp\/v2\/pages\/22\/revisions\/2448"}],"wp:attachment":[{"href":"https:\/\/www.touraine-montgolfiere.fr\/en\/wp-json\/wp\/v2\/media?parent=22"}],"curies":[{"name":"wp","href":"https:\/\/api.w.org\/{rel}","templated":true}]}}