{"id":42,"date":"2019-04-12T10:51:10","date_gmt":"2019-04-12T08:51:10","guid":{"rendered":"http:\/\/151.80.88.73\/touraine-montgolfiere.fr\/?page_id=42"},"modified":"2020-11-18T19:29:33","modified_gmt":"2020-11-18T18:29:33","slug":"mentions-legales","status":"publish","type":"page","link":"https:\/\/www.touraine-montgolfiere.fr\/en\/mentions-legales\/","title":{"rendered":"Legal Notices"},"content":{"rendered":"<p class=\"qtranxs-available-languages-message qtranxs-available-languages-message-en\">Sorry, this entry is only available in <a href=\"https:\/\/www.touraine-montgolfiere.fr\/fr\/wp-json\/wp\/v2\/pages\/42\" class=\"qtranxs-available-language-link qtranxs-available-language-link-fr\" title=\"Fran\u00e7ais\">Fran\u00e7ais<\/a>.<\/p>","protected":false},"excerpt":{"rendered":"<p>Sorry, this entry is only available in Fran\u00e7ais.<\/p>\n","protected":false},"author":3,"featured_media":0,"parent":0,"menu_order":0,"comment_status":"closed","ping_status":"closed","template":"","meta":{"_vp_format_video_url":"","_vp_image_focal_point":[],"footnotes":""},"class_list":["post-42","page","type-page","status-publish","hentry"],"yoast_head":"<!-- This site is optimized with the Yoast SEO plugin v24.9 - https:\/\/yoast.com\/wordpress\/plugins\/seo\/ -->\n<title>Legal Notices - Vol en montgolfi\u00e8re survol des Ch\u00e2teaux de la Loire | Touraine Montgolfi\u00e8re<\/title>\n<meta name=\"robots\" content=\"index, follow, max-snippet:-1, max-image-preview:large, max-video-preview:-1\" \/>\n<link rel=\"canonical\" href=\"https:\/\/www.touraine-montgolfiere.fr\/mentions-legales\/\" \/>\n<meta property=\"og:locale\" content=\"en_US\" \/>\n<meta property=\"og:type\" content=\"article\" \/>\n<meta property=\"og:title\" content=\"Legal Notices - Vol en montgolfi\u00e8re survol des Ch\u00e2teaux de la Loire | Touraine Montgolfi\u00e8re\" \/>\n<meta property=\"og:description\" content=\"Sorry, this entry is only available in Fran\u00e7ais.\" \/>\n<meta property=\"og:url\" content=\"https:\/\/www.touraine-montgolfiere.fr\/mentions-legales\/\" \/>\n<meta property=\"og:site_name\" content=\"Vol en montgolfi\u00e8re survol des Ch\u00e2teaux de la Loire | Touraine Montgolfi\u00e8re\" \/>\n<meta property=\"article:modified_time\" content=\"2020-11-18T18:29:33+00:00\" \/>\n<meta name=\"twitter:card\" content=\"summary_large_image\" \/>\n<meta name=\"twitter:label1\" content=\"Est. reading time\" \/>\n\t<meta name=\"twitter:data1\" content=\"1 minute\" \/>\n<script type=\"application\/ld+json\" class=\"yoast-schema-graph\">{\"@context\":\"https:\/\/schema.org\",\"@graph\":[{\"@type\":\"WebPage\",\"@id\":\"https:\/\/www.touraine-montgolfiere.fr\/mentions-legales\/\",\"url\":\"https:\/\/www.touraine-montgolfiere.fr\/mentions-legales\/\",\"name\":\"Legal Notices - Vol en montgolfi\u00e8re survol des Ch\u00e2teaux de la Loire | Touraine Montgolfi\u00e8re\",\"isPartOf\":{\"@id\":\"https:\/\/www.touraine-montgolfiere.fr\/#website\"},\"datePublished\":\"2019-04-12T08:51:10+00:00\",\"dateModified\":\"2020-11-18T18:29:33+00:00\",\"breadcrumb\":{\"@id\":\"https:\/\/www.touraine-montgolfiere.fr\/mentions-legales\/#breadcrumb\"},\"inLanguage\":\"en-US\",\"potentialAction\":[{\"@type\":\"ReadAction\",\"target\":[\"https:\/\/www.touraine-montgolfiere.fr\/mentions-legales\/\"]}]},{\"@type\":\"BreadcrumbList\",\"@id\":\"https:\/\/www.touraine-montgolfiere.fr\/mentions-legales\/#breadcrumb\",\"itemListElement\":[{\"@type\":\"ListItem\",\"position\":1,\"name\":\"Accueil\",\"item\":\"https:\/\/www.touraine-montgolfiere.fr\/\"},{\"@type\":\"ListItem\",\"position\":2,\"name\":\"Mentions L\u00e9gales\"}]},{\"@type\":\"WebSite\",\"@id\":\"https:\/\/www.touraine-montgolfiere.fr\/#website\",\"url\":\"https:\/\/www.touraine-montgolfiere.fr\/\",\"name\":\"Vol en montgolfi\u00e8re survol des Ch\u00e2teaux de la Loire | Touraine Montgolfi\u00e8re\",\"description\":\"Vol en montgofi\u00e8re au dessus des ch\u00e2teaux de la Loire\",\"potentialAction\":[{\"@type\":\"SearchAction\",\"target\":{\"@type\":\"EntryPoint\",\"urlTemplate\":\"https:\/\/www.touraine-montgolfiere.fr\/?s={search_term_string}\"},\"query-input\":{\"@type\":\"PropertyValueSpecification\",\"valueRequired\":true,\"valueName\":\"search_term_string\"}}],\"inLanguage\":\"en-US\"}]}<\/script>\n<!-- \/ Yoast SEO plugin. -->","yoast_head_json":{"title":"Legal Notices - Vol en montgolfi\u00e8re survol des Ch\u00e2teaux de la Loire | Touraine Montgolfi\u00e8re","robots":{"index":"index","follow":"follow","max-snippet":"max-snippet:-1","max-image-preview":"max-image-preview:large","max-video-preview":"max-video-preview:-1"},"canonical":"https:\/\/www.touraine-montgolfiere.fr\/mentions-legales\/","og_locale":"en_US","og_type":"article","og_title":"Legal Notices - Vol en montgolfi\u00e8re survol des Ch\u00e2teaux de la Loire | Touraine Montgolfi\u00e8re","og_description":"Sorry, this entry is only available in Fran\u00e7ais.","og_url":"https:\/\/www.touraine-montgolfiere.fr\/mentions-legales\/","og_site_name":"Vol en montgolfi\u00e8re survol des Ch\u00e2teaux de la Loire | Touraine Montgolfi\u00e8re","article_modified_time":"2020-11-18T18:29:33+00:00","twitter_card":"summary_large_image","twitter_misc":{"Est. reading time":"1 minute"},"schema":{"@context":"https:\/\/schema.org","@graph":[{"@type":"WebPage","@id":"https:\/\/www.touraine-montgolfiere.fr\/mentions-legales\/","url":"https:\/\/www.touraine-montgolfiere.fr\/mentions-legales\/","name":"Legal Notices - Vol en montgolfi\u00e8re survol des Ch\u00e2teaux de la Loire | Touraine Montgolfi\u00e8re","isPartOf":{"@id":"https:\/\/www.touraine-montgolfiere.fr\/#website"},"datePublished":"2019-04-12T08:51:10+00:00","dateModified":"2020-11-18T18:29:33+00:00","breadcrumb":{"@id":"https:\/\/www.touraine-montgolfiere.fr\/mentions-legales\/#breadcrumb"},"inLanguage":"en-US","potentialAction":[{"@type":"ReadAction","target":["https:\/\/www.touraine-montgolfiere.fr\/mentions-legales\/"]}]},{"@type":"BreadcrumbList","@id":"https:\/\/www.touraine-montgolfiere.fr\/mentions-legales\/#breadcrumb","itemListElement":[{"@type":"ListItem","position":1,"name":"Accueil","item":"https:\/\/www.touraine-montgolfiere.fr\/"},{"@type":"ListItem","position":2,"name":"Mentions L\u00e9gales"}]},{"@type":"WebSite","@id":"https:\/\/www.touraine-montgolfiere.fr\/#website","url":"https:\/\/www.touraine-montgolfiere.fr\/","name":"Vol en montgolfi\u00e8re survol des Ch\u00e2teaux de la Loire | Touraine Montgolfi\u00e8re","description":"Vol en montgofi\u00e8re au dessus des ch\u00e2teaux de la Loire","potentialAction":[{"@type":"SearchAction","target":{"@type":"EntryPoint","urlTemplate":"https:\/\/www.touraine-montgolfiere.fr\/?s={search_term_string}"},"query-input":{"@type":"PropertyValueSpecification","valueRequired":true,"valueName":"search_term_string"}}],"inLanguage":"en-US"}]}},"_links":{"self":[{"href":"https:\/\/www.touraine-montgolfiere.fr\/en\/wp-json\/wp\/v2\/pages\/42","targetHints":{"allow":["GET"]}}],"collection":[{"href":"https:\/\/www.touraine-montgolfiere.fr\/en\/wp-json\/wp\/v2\/pages"}],"about":[{"href":"https:\/\/www.touraine-montgolfiere.fr\/en\/wp-json\/wp\/v2\/types\/page"}],"author":[{"embeddable":true,"href":"https:\/\/www.touraine-montgolfiere.fr\/en\/wp-json\/wp\/v2\/users\/3"}],"replies":[{"embeddable":true,"href":"https:\/\/www.touraine-montgolfiere.fr\/en\/wp-json\/wp\/v2\/comments?post=42"}],"version-history":[{"count":12,"href":"https:\/\/www.touraine-montgolfiere.fr\/en\/wp-json\/wp\/v2\/pages\/42\/revisions"}],"predecessor-version":[{"id":1509,"href":"https:\/\/www.touraine-montgolfiere.fr\/en\/wp-json\/wp\/v2\/pages\/42\/revisions\/1509"}],"wp:attachment":[{"href":"https:\/\/www.touraine-montgolfiere.fr\/en\/wp-json\/wp\/v2\/media?parent=42"}],"curies":[{"name":"wp","href":"https:\/\/api.w.org\/{rel}","templated":true}]}}