{"id":509,"date":"2019-06-04T18:32:26","date_gmt":"2019-06-04T16:32:26","guid":{"rendered":"http:\/\/151.80.88.73\/touraine-montgolfiere.fr\/?page_id=509"},"modified":"2020-06-26T11:56:48","modified_gmt":"2020-06-26T09:56:48","slug":"videos","status":"publish","type":"page","link":"https:\/\/www.touraine-montgolfiere.fr\/en\/videos\/","title":{"rendered":"Videos"},"content":{"rendered":"\t\t<div data-elementor-type=\"wp-post\" data-elementor-id=\"509\" class=\"elementor elementor-509\">\n\t\t\t\t\t\t<div class=\"elementor-inner\">\n\t\t\t\t<div class=\"elementor-section-wrap\">\n\t\t\t\t\t\t\t\t\t<section class=\"elementor-section elementor-top-section elementor-element elementor-element-f64740b elementor-section-boxed elementor-section-height-default elementor-section-height-default\" data-id=\"f64740b\" data-element_type=\"section\">\n\t\t\t\t\t\t<div class=\"elementor-container elementor-column-gap-default\">\n\t\t\t\t\t\t\t<div class=\"elementor-row\">\n\t\t\t\t\t<div class=\"elementor-column elementor-col-100 elementor-top-column elementor-element elementor-element-640537e\" data-id=\"640537e\" data-element_type=\"column\">\n\t\t\t<div class=\"elementor-column-wrap elementor-element-populated\">\n\t\t\t\t\t\t\t<div class=\"elementor-widget-wrap\">\n\t\t\t\t\t\t<div class=\"elementor-element elementor-element-1578a50 elementor-aspect-ratio-169 elementor-widget elementor-widget-video\" data-id=\"1578a50\" data-element_type=\"widget\" data-settings=\"{&quot;youtube_url&quot;:&quot;https:\\\/\\\/youtu.be\\\/y8Kz1DxqW9E?t=2&quot;,&quot;autoplay&quot;:&quot;yes&quot;,&quot;video_type&quot;:&quot;youtube&quot;,&quot;controls&quot;:&quot;yes&quot;,&quot;aspect_ratio&quot;:&quot;169&quot;}\" data-widget_type=\"video.default\">\n\t\t\t\t<div class=\"elementor-widget-container\">\n\t\t\t\t\t<div class=\"elementor-wrapper elementor-fit-aspect-ratio elementor-open-inline\">\n\t\t\t<div class=\"elementor-video\"><\/div>\t\t<\/div>\n\t\t\t\t<\/div>\n\t\t\t\t<\/div>\n\t\t\t\t\t\t<\/div>\n\t\t\t\t\t<\/div>\n\t\t<\/div>\n\t\t\t\t\t\t\t\t<\/div>\n\t\t\t\t\t<\/div>\n\t\t<\/section>\n\t\t\t\t<section class=\"elementor-section elementor-top-section elementor-element elementor-element-1f0a31f elementor-section-boxed elementor-section-height-default elementor-section-height-default\" data-id=\"1f0a31f\" data-element_type=\"section\">\n\t\t\t\t\t\t<div class=\"elementor-container elementor-column-gap-default\">\n\t\t\t\t\t\t\t<div class=\"elementor-row\">\n\t\t\t\t\t<div class=\"elementor-column elementor-col-100 elementor-top-column elementor-element elementor-element-6a9caa9\" data-id=\"6a9caa9\" data-element_type=\"column\">\n\t\t\t<div class=\"elementor-column-wrap elementor-element-populated\">\n\t\t\t\t\t\t\t<div class=\"elementor-widget-wrap\">\n\t\t\t\t\t\t<div class=\"elementor-element elementor-element-2e05bcb elementor-aspect-ratio-169 elementor-widget elementor-widget-video\" data-id=\"2e05bcb\" data-element_type=\"widget\" data-settings=\"{&quot;youtube_url&quot;:&quot;https:\\\/\\\/youtu.be\\\/Q62O25jzels?t=25&quot;,&quot;video_type&quot;:&quot;youtube&quot;,&quot;controls&quot;:&quot;yes&quot;,&quot;aspect_ratio&quot;:&quot;169&quot;}\" data-widget_type=\"video.default\">\n\t\t\t\t<div class=\"elementor-widget-container\">\n\t\t\t\t\t<div class=\"elementor-wrapper elementor-fit-aspect-ratio elementor-open-inline\">\n\t\t\t<div class=\"elementor-video\"><\/div>\t\t<\/div>\n\t\t\t\t<\/div>\n\t\t\t\t<\/div>\n\t\t\t\t\t\t<\/div>\n\t\t\t\t\t<\/div>\n\t\t<\/div>\n\t\t\t\t\t\t\t\t<\/div>\n\t\t\t\t\t<\/div>\n\t\t<\/section>\n\t\t\t\t\t\t\t\t\t<\/div>\n\t\t\t<\/div>\n\t\t\t\t\t<\/div>\n\t\t","protected":false},"excerpt":{"rendered":"","protected":false},"author":3,"featured_media":0,"parent":0,"menu_order":0,"comment_status":"closed","ping_status":"closed","template":"","meta":{"_vp_format_video_url":"","_vp_image_focal_point":[],"footnotes":""},"class_list":["post-509","page","type-page","status-publish","hentry"],"yoast_head":"<!-- This site is optimized with the Yoast SEO plugin v24.9 - https:\/\/yoast.com\/wordpress\/plugins\/seo\/ -->\n<title>Videos - Vol en montgolfi\u00e8re survol des Ch\u00e2teaux de la Loire | Touraine Montgolfi\u00e8re<\/title>\n<meta name=\"robots\" content=\"index, follow, max-snippet:-1, max-image-preview:large, max-video-preview:-1\" \/>\n<link rel=\"canonical\" href=\"https:\/\/www.touraine-montgolfiere.fr\/videos\/\" \/>\n<meta property=\"og:locale\" content=\"en_US\" \/>\n<meta property=\"og:type\" content=\"article\" \/>\n<meta property=\"og:title\" content=\"Videos - Vol en montgolfi\u00e8re survol des Ch\u00e2teaux de la Loire | Touraine Montgolfi\u00e8re\" \/>\n<meta property=\"og:url\" content=\"https:\/\/www.touraine-montgolfiere.fr\/videos\/\" \/>\n<meta property=\"og:site_name\" content=\"Vol en montgolfi\u00e8re survol des Ch\u00e2teaux de la Loire | Touraine Montgolfi\u00e8re\" \/>\n<meta property=\"article:modified_time\" content=\"2020-06-26T09:56:48+00:00\" \/>\n<meta name=\"twitter:card\" content=\"summary_large_image\" \/>\n<script type=\"application\/ld+json\" class=\"yoast-schema-graph\">{\"@context\":\"https:\/\/schema.org\",\"@graph\":[{\"@type\":\"WebPage\",\"@id\":\"https:\/\/www.touraine-montgolfiere.fr\/videos\/\",\"url\":\"https:\/\/www.touraine-montgolfiere.fr\/videos\/\",\"name\":\"Videos - Vol en montgolfi\u00e8re survol des Ch\u00e2teaux de la Loire | Touraine Montgolfi\u00e8re\",\"isPartOf\":{\"@id\":\"https:\/\/www.touraine-montgolfiere.fr\/#website\"},\"datePublished\":\"2019-06-04T16:32:26+00:00\",\"dateModified\":\"2020-06-26T09:56:48+00:00\",\"breadcrumb\":{\"@id\":\"https:\/\/www.touraine-montgolfiere.fr\/videos\/#breadcrumb\"},\"inLanguage\":\"en-US\",\"potentialAction\":[{\"@type\":\"ReadAction\",\"target\":[\"https:\/\/www.touraine-montgolfiere.fr\/videos\/\"]}]},{\"@type\":\"BreadcrumbList\",\"@id\":\"https:\/\/www.touraine-montgolfiere.fr\/videos\/#breadcrumb\",\"itemListElement\":[{\"@type\":\"ListItem\",\"position\":1,\"name\":\"Accueil\",\"item\":\"https:\/\/www.touraine-montgolfiere.fr\/\"},{\"@type\":\"ListItem\",\"position\":2,\"name\":\"Vid\u00e9os\"}]},{\"@type\":\"WebSite\",\"@id\":\"https:\/\/www.touraine-montgolfiere.fr\/#website\",\"url\":\"https:\/\/www.touraine-montgolfiere.fr\/\",\"name\":\"Vol en montgolfi\u00e8re survol des Ch\u00e2teaux de la Loire | Touraine Montgolfi\u00e8re\",\"description\":\"Vol en montgofi\u00e8re au dessus des ch\u00e2teaux de la Loire\",\"potentialAction\":[{\"@type\":\"SearchAction\",\"target\":{\"@type\":\"EntryPoint\",\"urlTemplate\":\"https:\/\/www.touraine-montgolfiere.fr\/?s={search_term_string}\"},\"query-input\":{\"@type\":\"PropertyValueSpecification\",\"valueRequired\":true,\"valueName\":\"search_term_string\"}}],\"inLanguage\":\"en-US\"}]}<\/script>\n<!-- \/ Yoast SEO plugin. -->","yoast_head_json":{"title":"Videos - Vol en montgolfi\u00e8re survol des Ch\u00e2teaux de la Loire | Touraine Montgolfi\u00e8re","robots":{"index":"index","follow":"follow","max-snippet":"max-snippet:-1","max-image-preview":"max-image-preview:large","max-video-preview":"max-video-preview:-1"},"canonical":"https:\/\/www.touraine-montgolfiere.fr\/videos\/","og_locale":"en_US","og_type":"article","og_title":"Videos - Vol en montgolfi\u00e8re survol des Ch\u00e2teaux de la Loire | Touraine Montgolfi\u00e8re","og_url":"https:\/\/www.touraine-montgolfiere.fr\/videos\/","og_site_name":"Vol en montgolfi\u00e8re survol des Ch\u00e2teaux de la Loire | Touraine Montgolfi\u00e8re","article_modified_time":"2020-06-26T09:56:48+00:00","twitter_card":"summary_large_image","schema":{"@context":"https:\/\/schema.org","@graph":[{"@type":"WebPage","@id":"https:\/\/www.touraine-montgolfiere.fr\/videos\/","url":"https:\/\/www.touraine-montgolfiere.fr\/videos\/","name":"Videos - Vol en montgolfi\u00e8re survol des Ch\u00e2teaux de la Loire | Touraine Montgolfi\u00e8re","isPartOf":{"@id":"https:\/\/www.touraine-montgolfiere.fr\/#website"},"datePublished":"2019-06-04T16:32:26+00:00","dateModified":"2020-06-26T09:56:48+00:00","breadcrumb":{"@id":"https:\/\/www.touraine-montgolfiere.fr\/videos\/#breadcrumb"},"inLanguage":"en-US","potentialAction":[{"@type":"ReadAction","target":["https:\/\/www.touraine-montgolfiere.fr\/videos\/"]}]},{"@type":"BreadcrumbList","@id":"https:\/\/www.touraine-montgolfiere.fr\/videos\/#breadcrumb","itemListElement":[{"@type":"ListItem","position":1,"name":"Accueil","item":"https:\/\/www.touraine-montgolfiere.fr\/"},{"@type":"ListItem","position":2,"name":"Vid\u00e9os"}]},{"@type":"WebSite","@id":"https:\/\/www.touraine-montgolfiere.fr\/#website","url":"https:\/\/www.touraine-montgolfiere.fr\/","name":"Vol en montgolfi\u00e8re survol des Ch\u00e2teaux de la Loire | Touraine Montgolfi\u00e8re","description":"Vol en montgofi\u00e8re au dessus des ch\u00e2teaux de la Loire","potentialAction":[{"@type":"SearchAction","target":{"@type":"EntryPoint","urlTemplate":"https:\/\/www.touraine-montgolfiere.fr\/?s={search_term_string}"},"query-input":{"@type":"PropertyValueSpecification","valueRequired":true,"valueName":"search_term_string"}}],"inLanguage":"en-US"}]}},"_links":{"self":[{"href":"https:\/\/www.touraine-montgolfiere.fr\/en\/wp-json\/wp\/v2\/pages\/509","targetHints":{"allow":["GET"]}}],"collection":[{"href":"https:\/\/www.touraine-montgolfiere.fr\/en\/wp-json\/wp\/v2\/pages"}],"about":[{"href":"https:\/\/www.touraine-montgolfiere.fr\/en\/wp-json\/wp\/v2\/types\/page"}],"author":[{"embeddable":true,"href":"https:\/\/www.touraine-montgolfiere.fr\/en\/wp-json\/wp\/v2\/users\/3"}],"replies":[{"embeddable":true,"href":"https:\/\/www.touraine-montgolfiere.fr\/en\/wp-json\/wp\/v2\/comments?post=509"}],"version-history":[{"count":3,"href":"https:\/\/www.touraine-montgolfiere.fr\/en\/wp-json\/wp\/v2\/pages\/509\/revisions"}],"predecessor-version":[{"id":1083,"href":"https:\/\/www.touraine-montgolfiere.fr\/en\/wp-json\/wp\/v2\/pages\/509\/revisions\/1083"}],"wp:attachment":[{"href":"https:\/\/www.touraine-montgolfiere.fr\/en\/wp-json\/wp\/v2\/media?parent=509"}],"curies":[{"name":"wp","href":"https:\/\/api.w.org\/{rel}","templated":true}]}}