{"id":83,"date":"2019-04-25T14:02:47","date_gmt":"2019-04-25T12:02:47","guid":{"rendered":"http:\/\/151.80.88.73\/touraine-montgolfiere.fr\/?page_id=83"},"modified":"2021-12-08T11:56:24","modified_gmt":"2021-12-08T10:56:24","slug":"tarifs","status":"publish","type":"page","link":"https:\/\/www.touraine-montgolfiere.fr\/en\/tarifs\/","title":{"rendered":"Pricing"},"content":{"rendered":"\t\t<div data-elementor-type=\"wp-post\" data-elementor-id=\"83\" class=\"elementor elementor-83\">\n\t\t\t\t\t\t<div class=\"elementor-inner\">\n\t\t\t\t<div class=\"elementor-section-wrap\">\n\t\t\t\t\t\t\t\t\t<section class=\"elementor-section elementor-top-section elementor-element elementor-element-8743211 elementor-section-boxed elementor-section-height-default elementor-section-height-default\" data-id=\"8743211\" data-element_type=\"section\">\n\t\t\t\t\t\t<div class=\"elementor-container elementor-column-gap-default\">\n\t\t\t\t\t\t\t<div class=\"elementor-row\">\n\t\t\t\t\t<div class=\"elementor-column elementor-col-50 elementor-top-column elementor-element elementor-element-b1eb043 paveresa\" data-id=\"b1eb043\" data-element_type=\"column\">\n\t\t\t<div class=\"elementor-column-wrap elementor-element-populated\">\n\t\t\t\t\t\t\t<div class=\"elementor-widget-wrap\">\n\t\t\t\t\t\t<div class=\"elementor-element elementor-element-4987646 elementor-widget elementor-widget-text-editor\" data-id=\"4987646\" data-element_type=\"widget\" data-widget_type=\"text-editor.default\">\n\t\t\t\t<div class=\"elementor-widget-container\">\n\t\t\t\t\t\t\t\t<div class=\"elementor-text-editor elementor-clearfix\">\n\t\t\t\t<h2>Flight prices\n<\/h2>\n<p style=\"text-align: center;\"><a href=\"https:\/\/www.touraine-montgolfiere.fr\/fr\/tarifs\/tarifs-des-vols\/\"><img loading=\"lazy\" decoding=\"async\" class=\"alignnone size-full wp-image-354\" src=\"https:\/\/www.touraine-montgolfiere.fr\/wp-content\/uploads\/2019\/05\/vol-montgolfiere.jpg\" alt=\"Vol en montgolfi\u00e8re\" width=\"900\" height=\"675\" srcset=\"https:\/\/www.touraine-montgolfiere.fr\/wp-content\/uploads\/2019\/05\/vol-montgolfiere.jpg 900w, https:\/\/www.touraine-montgolfiere.fr\/wp-content\/uploads\/2019\/05\/vol-montgolfiere-600x450.jpg 600w, https:\/\/www.touraine-montgolfiere.fr\/wp-content\/uploads\/2019\/05\/vol-montgolfiere-300x225.jpg 300w, https:\/\/www.touraine-montgolfiere.fr\/wp-content\/uploads\/2019\/05\/vol-montgolfiere-768x576.jpg 768w\" sizes=\"auto, (max-width: 900px) 100vw, 900px\" \/><\/a><\/p>\n\n\n<div class=\"content\">\n<p style=\"text-align: center;\"><a style=\"text-align: center;\" href=\"https:\/\/www.touraine-montgolfiere.fr\/en\/tarifs\/tarifs-des-vols\/\">Flight Prices<\/a><\/p>\n<\/div>\n\t\t\t\t\t<\/div>\n\t\t\t\t\t\t<\/div>\n\t\t\t\t<\/div>\n\t\t\t\t\t\t<\/div>\n\t\t\t\t\t<\/div>\n\t\t<\/div>\n\t\t\t\t<div class=\"elementor-column elementor-col-50 elementor-top-column elementor-element elementor-element-57d950e\" data-id=\"57d950e\" data-element_type=\"column\">\n\t\t\t<div class=\"elementor-column-wrap elementor-element-populated\">\n\t\t\t\t\t\t\t<div class=\"elementor-widget-wrap\">\n\t\t\t\t\t\t<div class=\"elementor-element elementor-element-7d2146c paveresa elementor-widget elementor-widget-text-editor\" data-id=\"7d2146c\" data-element_type=\"widget\" data-widget_type=\"text-editor.default\">\n\t\t\t\t<div class=\"elementor-widget-container\">\n\t\t\t\t\t\t\t\t<div class=\"elementor-text-editor elementor-clearfix\">\n\t\t\t\t<h2>Rooms Prices\n<\/h2>\n<p style=\"text-align: center;\"><a href=\"https:\/\/www.touraine-montgolfiere.fr\/fr\/tarifs\/tarifs-hotel\/\"><img loading=\"lazy\" decoding=\"async\" class=\"alignnone wp-image-236 size-full\" src=\"https:\/\/www.touraine-montgolfiere.fr\/wp-content\/uploads\/2019\/05\/tarif-hebergement-aerogare.jpg\" alt=\"tarif h\u00e9bergement aerogare\" width=\"800\" height=\"600\" srcset=\"https:\/\/www.touraine-montgolfiere.fr\/wp-content\/uploads\/2019\/05\/tarif-hebergement-aerogare.jpg 800w, https:\/\/www.touraine-montgolfiere.fr\/wp-content\/uploads\/2019\/05\/tarif-hebergement-aerogare-600x450.jpg 600w, https:\/\/www.touraine-montgolfiere.fr\/wp-content\/uploads\/2019\/05\/tarif-hebergement-aerogare-300x225.jpg 300w, https:\/\/www.touraine-montgolfiere.fr\/wp-content\/uploads\/2019\/05\/tarif-hebergement-aerogare-768x576.jpg 768w\" sizes=\"auto, (max-width: 800px) 100vw, 800px\" \/><\/a><\/p>\n\n\n<div class=\"content\">\n<p style=\"text-align: center;\"><a href=\"https:\/\/www.touraine-montgolfiere.fr\/en\/tarifs\/tarifs-hotel\/\">Rooms Prices<\/a><\/p>\n<\/div>\n\n\n\t\t\t\t\t<\/div>\n\t\t\t\t\t\t<\/div>\n\t\t\t\t<\/div>\n\t\t\t\t\t\t<\/div>\n\t\t\t\t\t<\/div>\n\t\t<\/div>\n\t\t\t\t\t\t\t\t<\/div>\n\t\t\t\t\t<\/div>\n\t\t<\/section>\n\t\t\t\t\t\t\t\t\t<\/div>\n\t\t\t<\/div>\n\t\t\t\t\t<\/div>\n\t\t","protected":false},"excerpt":{"rendered":"<p>Flight prices Flight Prices Rooms Prices Rooms Prices<\/p>\n","protected":false},"author":3,"featured_media":0,"parent":0,"menu_order":0,"comment_status":"closed","ping_status":"closed","template":"","meta":{"_vp_format_video_url":"","_vp_image_focal_point":[],"footnotes":""},"class_list":["post-83","page","type-page","status-publish","hentry"],"yoast_head":"<!-- This site is optimized with the Yoast SEO plugin v24.9 - https:\/\/yoast.com\/wordpress\/plugins\/seo\/ -->\n<title>Pricing - Vol en montgolfi\u00e8re survol des Ch\u00e2teaux de la Loire | Touraine Montgolfi\u00e8re<\/title>\n<meta name=\"robots\" content=\"index, follow, max-snippet:-1, max-image-preview:large, max-video-preview:-1\" \/>\n<link rel=\"canonical\" href=\"https:\/\/www.touraine-montgolfiere.fr\/tarifs\/\" \/>\n<meta property=\"og:locale\" content=\"en_US\" \/>\n<meta property=\"og:type\" content=\"article\" \/>\n<meta property=\"og:title\" content=\"Pricing - Vol en montgolfi\u00e8re survol des Ch\u00e2teaux de la Loire | Touraine Montgolfi\u00e8re\" \/>\n<meta property=\"og:description\" content=\"Flight prices Flight Prices Rooms Prices Rooms Prices\" \/>\n<meta property=\"og:url\" content=\"https:\/\/www.touraine-montgolfiere.fr\/tarifs\/\" \/>\n<meta property=\"og:site_name\" content=\"Vol en montgolfi\u00e8re survol des Ch\u00e2teaux de la Loire | Touraine Montgolfi\u00e8re\" \/>\n<meta property=\"article:modified_time\" content=\"2021-12-08T10:56:24+00:00\" \/>\n<meta property=\"og:image\" content=\"https:\/\/www.touraine-montgolfiere.fr\/wp-content\/uploads\/2019\/05\/vol-montgolfiere.jpg\" \/>\n<meta name=\"twitter:card\" content=\"summary_large_image\" \/>\n<meta name=\"twitter:label1\" content=\"Est. reading time\" \/>\n\t<meta name=\"twitter:data1\" content=\"1 minute\" \/>\n<script type=\"application\/ld+json\" class=\"yoast-schema-graph\">{\"@context\":\"https:\/\/schema.org\",\"@graph\":[{\"@type\":\"WebPage\",\"@id\":\"https:\/\/www.touraine-montgolfiere.fr\/tarifs\/\",\"url\":\"https:\/\/www.touraine-montgolfiere.fr\/tarifs\/\",\"name\":\"Pricing - Vol en montgolfi\u00e8re survol des Ch\u00e2teaux de la Loire | Touraine Montgolfi\u00e8re\",\"isPartOf\":{\"@id\":\"https:\/\/www.touraine-montgolfiere.fr\/#website\"},\"primaryImageOfPage\":{\"@id\":\"https:\/\/www.touraine-montgolfiere.fr\/tarifs\/#primaryimage\"},\"image\":{\"@id\":\"https:\/\/www.touraine-montgolfiere.fr\/tarifs\/#primaryimage\"},\"thumbnailUrl\":\"https:\/\/www.touraine-montgolfiere.fr\/wp-content\/uploads\/2019\/05\/vol-montgolfiere.jpg\",\"datePublished\":\"2019-04-25T12:02:47+00:00\",\"dateModified\":\"2021-12-08T10:56:24+00:00\",\"breadcrumb\":{\"@id\":\"https:\/\/www.touraine-montgolfiere.fr\/tarifs\/#breadcrumb\"},\"inLanguage\":\"en-US\",\"potentialAction\":[{\"@type\":\"ReadAction\",\"target\":[\"https:\/\/www.touraine-montgolfiere.fr\/tarifs\/\"]}]},{\"@type\":\"ImageObject\",\"inLanguage\":\"en-US\",\"@id\":\"https:\/\/www.touraine-montgolfiere.fr\/tarifs\/#primaryimage\",\"url\":\"https:\/\/www.touraine-montgolfiere.fr\/wp-content\/uploads\/2019\/05\/vol-montgolfiere.jpg\",\"contentUrl\":\"https:\/\/www.touraine-montgolfiere.fr\/wp-content\/uploads\/2019\/05\/vol-montgolfiere.jpg\"},{\"@type\":\"BreadcrumbList\",\"@id\":\"https:\/\/www.touraine-montgolfiere.fr\/tarifs\/#breadcrumb\",\"itemListElement\":[{\"@type\":\"ListItem\",\"position\":1,\"name\":\"Accueil\",\"item\":\"https:\/\/www.touraine-montgolfiere.fr\/\"},{\"@type\":\"ListItem\",\"position\":2,\"name\":\"[:fr]Tarifs[:en]Pricing[:es]Tarifas[:]\"}]},{\"@type\":\"WebSite\",\"@id\":\"https:\/\/www.touraine-montgolfiere.fr\/#website\",\"url\":\"https:\/\/www.touraine-montgolfiere.fr\/\",\"name\":\"Vol en montgolfi\u00e8re survol des Ch\u00e2teaux de la Loire | Touraine Montgolfi\u00e8re\",\"description\":\"Vol en montgofi\u00e8re au dessus des ch\u00e2teaux de la Loire\",\"potentialAction\":[{\"@type\":\"SearchAction\",\"target\":{\"@type\":\"EntryPoint\",\"urlTemplate\":\"https:\/\/www.touraine-montgolfiere.fr\/?s={search_term_string}\"},\"query-input\":{\"@type\":\"PropertyValueSpecification\",\"valueRequired\":true,\"valueName\":\"search_term_string\"}}],\"inLanguage\":\"en-US\"}]}<\/script>\n<!-- \/ Yoast SEO plugin. -->","yoast_head_json":{"title":"Pricing - Vol en montgolfi\u00e8re survol des Ch\u00e2teaux de la Loire | Touraine Montgolfi\u00e8re","robots":{"index":"index","follow":"follow","max-snippet":"max-snippet:-1","max-image-preview":"max-image-preview:large","max-video-preview":"max-video-preview:-1"},"canonical":"https:\/\/www.touraine-montgolfiere.fr\/tarifs\/","og_locale":"en_US","og_type":"article","og_title":"Pricing - Vol en montgolfi\u00e8re survol des Ch\u00e2teaux de la Loire | Touraine Montgolfi\u00e8re","og_description":"Flight prices Flight Prices Rooms Prices Rooms Prices","og_url":"https:\/\/www.touraine-montgolfiere.fr\/tarifs\/","og_site_name":"Vol en montgolfi\u00e8re survol des Ch\u00e2teaux de la Loire | Touraine Montgolfi\u00e8re","article_modified_time":"2021-12-08T10:56:24+00:00","og_image":[{"url":"https:\/\/www.touraine-montgolfiere.fr\/wp-content\/uploads\/2019\/05\/vol-montgolfiere.jpg","type":"","width":"","height":""}],"twitter_card":"summary_large_image","twitter_misc":{"Est. reading time":"1 minute"},"schema":{"@context":"https:\/\/schema.org","@graph":[{"@type":"WebPage","@id":"https:\/\/www.touraine-montgolfiere.fr\/tarifs\/","url":"https:\/\/www.touraine-montgolfiere.fr\/tarifs\/","name":"Pricing - Vol en montgolfi\u00e8re survol des Ch\u00e2teaux de la Loire | Touraine Montgolfi\u00e8re","isPartOf":{"@id":"https:\/\/www.touraine-montgolfiere.fr\/#website"},"primaryImageOfPage":{"@id":"https:\/\/www.touraine-montgolfiere.fr\/tarifs\/#primaryimage"},"image":{"@id":"https:\/\/www.touraine-montgolfiere.fr\/tarifs\/#primaryimage"},"thumbnailUrl":"https:\/\/www.touraine-montgolfiere.fr\/wp-content\/uploads\/2019\/05\/vol-montgolfiere.jpg","datePublished":"2019-04-25T12:02:47+00:00","dateModified":"2021-12-08T10:56:24+00:00","breadcrumb":{"@id":"https:\/\/www.touraine-montgolfiere.fr\/tarifs\/#breadcrumb"},"inLanguage":"en-US","potentialAction":[{"@type":"ReadAction","target":["https:\/\/www.touraine-montgolfiere.fr\/tarifs\/"]}]},{"@type":"ImageObject","inLanguage":"en-US","@id":"https:\/\/www.touraine-montgolfiere.fr\/tarifs\/#primaryimage","url":"https:\/\/www.touraine-montgolfiere.fr\/wp-content\/uploads\/2019\/05\/vol-montgolfiere.jpg","contentUrl":"https:\/\/www.touraine-montgolfiere.fr\/wp-content\/uploads\/2019\/05\/vol-montgolfiere.jpg"},{"@type":"BreadcrumbList","@id":"https:\/\/www.touraine-montgolfiere.fr\/tarifs\/#breadcrumb","itemListElement":[{"@type":"ListItem","position":1,"name":"Accueil","item":"https:\/\/www.touraine-montgolfiere.fr\/"},{"@type":"ListItem","position":2,"name":"[:fr]Tarifs[:en]Pricing[:es]Tarifas[:]"}]},{"@type":"WebSite","@id":"https:\/\/www.touraine-montgolfiere.fr\/#website","url":"https:\/\/www.touraine-montgolfiere.fr\/","name":"Vol en montgolfi\u00e8re survol des Ch\u00e2teaux de la Loire | Touraine Montgolfi\u00e8re","description":"Vol en montgofi\u00e8re au dessus des ch\u00e2teaux de la Loire","potentialAction":[{"@type":"SearchAction","target":{"@type":"EntryPoint","urlTemplate":"https:\/\/www.touraine-montgolfiere.fr\/?s={search_term_string}"},"query-input":{"@type":"PropertyValueSpecification","valueRequired":true,"valueName":"search_term_string"}}],"inLanguage":"en-US"}]}},"_links":{"self":[{"href":"https:\/\/www.touraine-montgolfiere.fr\/en\/wp-json\/wp\/v2\/pages\/83","targetHints":{"allow":["GET"]}}],"collection":[{"href":"https:\/\/www.touraine-montgolfiere.fr\/en\/wp-json\/wp\/v2\/pages"}],"about":[{"href":"https:\/\/www.touraine-montgolfiere.fr\/en\/wp-json\/wp\/v2\/types\/page"}],"author":[{"embeddable":true,"href":"https:\/\/www.touraine-montgolfiere.fr\/en\/wp-json\/wp\/v2\/users\/3"}],"replies":[{"embeddable":true,"href":"https:\/\/www.touraine-montgolfiere.fr\/en\/wp-json\/wp\/v2\/comments?post=83"}],"version-history":[{"count":79,"href":"https:\/\/www.touraine-montgolfiere.fr\/en\/wp-json\/wp\/v2\/pages\/83\/revisions"}],"predecessor-version":[{"id":2227,"href":"https:\/\/www.touraine-montgolfiere.fr\/en\/wp-json\/wp\/v2\/pages\/83\/revisions\/2227"}],"wp:attachment":[{"href":"https:\/\/www.touraine-montgolfiere.fr\/en\/wp-json\/wp\/v2\/media?parent=83"}],"curies":[{"name":"wp","href":"https:\/\/api.w.org\/{rel}","templated":true}]}}