{"id":892,"date":"2019-10-10T10:45:51","date_gmt":"2019-10-10T08:45:51","guid":{"rendered":"http:\/\/touraine.france-regions.com\/?page_id=892"},"modified":"2026-02-12T16:19:34","modified_gmt":"2026-02-12T15:19:34","slug":"reservation","status":"publish","type":"page","link":"https:\/\/www.touraine-montgolfiere.fr\/en\/reservation\/","title":{"rendered":"Booking"},"content":{"rendered":"\t\t<div data-elementor-type=\"wp-page\" data-elementor-id=\"892\" class=\"elementor elementor-892\">\n\t\t\t\t\t\t<div class=\"elementor-inner\">\n\t\t\t\t<div class=\"elementor-section-wrap\">\n\t\t\t\t\t\t\t\t\t<section class=\"elementor-section elementor-top-section elementor-element elementor-element-1b13346 elementor-section-boxed elementor-section-height-default elementor-section-height-default\" data-id=\"1b13346\" data-element_type=\"section\">\n\t\t\t\t\t\t<div class=\"elementor-container elementor-column-gap-default\">\n\t\t\t\t\t\t\t<div class=\"elementor-row\">\n\t\t\t\t\t<div class=\"elementor-column elementor-col-100 elementor-top-column elementor-element elementor-element-7232c90\" data-id=\"7232c90\" data-element_type=\"column\">\n\t\t\t<div class=\"elementor-column-wrap elementor-element-populated\">\n\t\t\t\t\t\t\t<div class=\"elementor-widget-wrap\">\n\t\t\t\t\t\t<div class=\"elementor-element elementor-element-2ac1d91 elementor-widget elementor-widget-text-editor\" data-id=\"2ac1d91\" data-element_type=\"widget\" data-widget_type=\"text-editor.default\">\n\t\t\t\t<div class=\"elementor-widget-container\">\n\t\t\t\t\t\t\t\t<div class=\"elementor-text-editor elementor-clearfix\">\n\t\t\t\t<p style=\"text-align: center;\"><\/span><\/p>\n<p style=\"text-align: center;\"><span style=\"font-size: 17.3333px;\">You want to make or offer a flight!<\/span><\/p>\n<p style=\"text-align: center;\"><span style=\"font-size: 17.3333px;\">You can choose tickets with or without date, the same for accommodation.<\/span><\/p>\n<p style=\"text-align: center;\"><span style=\"font-size: 17.3333px;\">We recommend that you consult the <\/span><a style=\"background-color: #ffffff;\" href=\"https:\/\/www.touraine-montgolfiere.fr\/tarifs\/tarifs-des-vols\/\"><span style=\"font-size: 17.3333px;\">pricing page<\/span><\/a><span style=\"font-size: 17.3333px;\"><br><\/span><\/p>\n<p style=\"text-align: center;\"><\/p>\t\t\t\t\t<\/div>\n\t\t\t\t\t\t<\/div>\n\t\t\t\t<\/div>\n\t\t\t\t\t\t<\/div>\n\t\t\t\t\t<\/div>\n\t\t<\/div>\n\t\t\t\t\t\t\t\t<\/div>\n\t\t\t\t\t<\/div>\n\t\t<\/section>\n\t\t\t\t<section class=\"elementor-section elementor-top-section elementor-element elementor-element-af7de6f elementor-section-boxed elementor-section-height-default elementor-section-height-default\" data-id=\"af7de6f\" data-element_type=\"section\">\n\t\t\t\t\t\t<div class=\"elementor-container elementor-column-gap-default\">\n\t\t\t\t\t\t\t<div class=\"elementor-row\">\n\t\t\t\t\t<div class=\"elementor-column elementor-col-50 elementor-top-column elementor-element elementor-element-b08c6a0\" data-id=\"b08c6a0\" data-element_type=\"column\">\n\t\t\t<div class=\"elementor-column-wrap elementor-element-populated\">\n\t\t\t\t\t\t\t<div class=\"elementor-widget-wrap\">\n\t\t\t\t\t\t<div class=\"elementor-element elementor-element-01bf414 paveresa elementor-widget elementor-widget-text-editor\" data-id=\"01bf414\" data-element_type=\"widget\" data-widget_type=\"text-editor.default\">\n\t\t\t\t<div class=\"elementor-widget-container\">\n\t\t\t\t\t\t\t\t<div class=\"elementor-text-editor elementor-clearfix\">\n\t\t\t\t<h2>Week ticket<br><\/h2>\n<p><a href=\"https:\/\/www.touraine-montgolfiere.fr\/fr\/reserver-un-semaine?type_vol=2\"><img loading=\"lazy\" decoding=\"async\" class=\"alignnone wp-image-299 size-full\" title=\"Pilote de chasse\" src=\"https:\/\/www.touraine-montgolfiere.fr\/wp-content\/uploads\/2019\/05\/billet-semaine-vol-montgolfiere.jpg\" alt=\"Billet semaine vol en montgolfiere\" width=\"900\" height=\"675\" srcset=\"https:\/\/www.touraine-montgolfiere.fr\/wp-content\/uploads\/2019\/05\/billet-semaine-vol-montgolfiere.jpg 900w, https:\/\/www.touraine-montgolfiere.fr\/wp-content\/uploads\/2019\/05\/billet-semaine-vol-montgolfiere-600x450.jpg 600w, https:\/\/www.touraine-montgolfiere.fr\/wp-content\/uploads\/2019\/05\/billet-semaine-vol-montgolfiere-300x225.jpg 300w, https:\/\/www.touraine-montgolfiere.fr\/wp-content\/uploads\/2019\/05\/billet-semaine-vol-montgolfiere-768x576.jpg 768w\" sizes=\"auto, (max-width: 900px) 100vw, 900px\" \/><\/a><\/p>\n<div class=\"content\">\n<p><\/p>\n<p>Tickets usable outside public holidays, Monday to Thursday morning or evening, as well as Friday morning.<br><\/p>\n<p style=\"text-align: center;\"><a href=\"https:\/\/www.touraine-montgolfiere.fr\/en\/reserver-un-semaine?type_vol=2\">Book Week ticket <\/a><\/p>\n<p><\/p>\n<\/div>\t\t\t\t\t<\/div>\n\t\t\t\t\t\t<\/div>\n\t\t\t\t<\/div>\n\t\t\t\t\t\t<\/div>\n\t\t\t\t\t<\/div>\n\t\t<\/div>\n\t\t\t\t<div class=\"elementor-column elementor-col-50 elementor-top-column elementor-element elementor-element-6e97ee9\" data-id=\"6e97ee9\" data-element_type=\"column\">\n\t\t\t<div class=\"elementor-column-wrap elementor-element-populated\">\n\t\t\t\t\t\t\t<div class=\"elementor-widget-wrap\">\n\t\t\t\t\t\t<div class=\"elementor-element elementor-element-e442696 paveresa elementor-widget elementor-widget-text-editor\" data-id=\"e442696\" data-element_type=\"widget\" data-widget_type=\"text-editor.default\">\n\t\t\t\t<div class=\"elementor-widget-container\">\n\t\t\t\t\t\t\t\t<div class=\"elementor-text-editor elementor-clearfix\">\n\t\t\t\t<h2>Ticket 7days \/ 7<br \/><\/h2><p><a href=\"https:\/\/www.touraine-montgolfiere.fr\/fr\/reserver-un-vol-7-jours-7?type_vol=1\"><img loading=\"lazy\" decoding=\"async\" class=\"alignnone wp-image-301 size-full\" title=\"Pilote de chasse\" src=\"https:\/\/www.touraine-montgolfiere.fr\/wp-content\/uploads\/2019\/05\/billet-7jours7-vol-montgolfiere.jpg\" alt=\"Billet 7jours\/7 vol en montgolfiere\" width=\"900\" height=\"675\" srcset=\"https:\/\/www.touraine-montgolfiere.fr\/wp-content\/uploads\/2019\/05\/billet-7jours7-vol-montgolfiere.jpg 900w, https:\/\/www.touraine-montgolfiere.fr\/wp-content\/uploads\/2019\/05\/billet-7jours7-vol-montgolfiere-600x450.jpg 600w, https:\/\/www.touraine-montgolfiere.fr\/wp-content\/uploads\/2019\/05\/billet-7jours7-vol-montgolfiere-300x225.jpg 300w, https:\/\/www.touraine-montgolfiere.fr\/wp-content\/uploads\/2019\/05\/billet-7jours7-vol-montgolfiere-768x576.jpg 768w\" sizes=\"auto, (max-width: 900px) 100vw, 900px\" \/><\/a><\/p><div class=\"content\"><p><\/p><p>Tickets valid every day of the season, weekends and holidays included.<\/p><p><\/p><p style=\"text-align: center;\"><a href=\"https:\/\/www.touraine-montgolfiere.fr\/en\/reserver-un-vol-7-jours-7?type_vol=1\">Book ticket 7 days\/7<\/a><\/p><p><\/p><\/div>\t\t\t\t\t<\/div>\n\t\t\t\t\t\t<\/div>\n\t\t\t\t<\/div>\n\t\t\t\t\t\t<\/div>\n\t\t\t\t\t<\/div>\n\t\t<\/div>\n\t\t\t\t\t\t\t\t<\/div>\n\t\t\t\t\t<\/div>\n\t\t<\/section>\n\t\t\t\t<section class=\"elementor-section elementor-top-section elementor-element elementor-element-ccc4e8e elementor-hidden-desktop elementor-hidden-tablet elementor-hidden-mobile elementor-section-boxed elementor-section-height-default elementor-section-height-default\" data-id=\"ccc4e8e\" data-element_type=\"section\">\n\t\t\t\t\t\t<div class=\"elementor-container elementor-column-gap-default\">\n\t\t\t\t\t\t\t<div class=\"elementor-row\">\n\t\t\t\t\t<div class=\"elementor-column elementor-col-33 elementor-top-column elementor-element elementor-element-587cc72\" data-id=\"587cc72\" data-element_type=\"column\">\n\t\t\t<div class=\"elementor-column-wrap elementor-element-populated\">\n\t\t\t\t\t\t\t<div class=\"elementor-widget-wrap\">\n\t\t\t\t\t\t<div class=\"elementor-element elementor-element-d81e05c paveresa elementor-widget elementor-widget-text-editor\" data-id=\"d81e05c\" data-element_type=\"widget\" data-widget_type=\"text-editor.default\">\n\t\t\t\t<div class=\"elementor-widget-container\">\n\t\t\t\t\t\t\t\t<div class=\"elementor-text-editor elementor-clearfix\">\n\t\t\t\t<h2>Week ticket<br><\/h2>\n<p><a href=\"https:\/\/www.touraine-montgolfiere.fr\/fr\/reserver-un-semaine?type_vol=2\"><img loading=\"lazy\" decoding=\"async\" class=\"alignnone wp-image-299 size-full\" title=\"Pilote de chasse\" src=\"https:\/\/www.touraine-montgolfiere.fr\/wp-content\/uploads\/2019\/05\/billet-semaine-vol-montgolfiere.jpg\" alt=\"Billet semaine vol en montgolfiere\" width=\"900\" height=\"675\" srcset=\"https:\/\/www.touraine-montgolfiere.fr\/wp-content\/uploads\/2019\/05\/billet-semaine-vol-montgolfiere.jpg 900w, https:\/\/www.touraine-montgolfiere.fr\/wp-content\/uploads\/2019\/05\/billet-semaine-vol-montgolfiere-600x450.jpg 600w, https:\/\/www.touraine-montgolfiere.fr\/wp-content\/uploads\/2019\/05\/billet-semaine-vol-montgolfiere-300x225.jpg 300w, https:\/\/www.touraine-montgolfiere.fr\/wp-content\/uploads\/2019\/05\/billet-semaine-vol-montgolfiere-768x576.jpg 768w\" sizes=\"auto, (max-width: 900px) 100vw, 900px\" \/><\/a><\/p>\n<div class=\"content\">\n<p><\/p>\n<p>Tickets usable outside public holidays, Monday to Thursday morning or evening, as well as Friday morning.<\/p>\n<p><\/p>\n<p style=\"text-align: center;\"><a href=\"https:\/\/www.touraine-montgolfiere.fr\/en\/reserver-un-semaine?type_vol=2\">Book Week ticket <\/a><\/p>\n<p><\/p>\n<\/div>\t\t\t\t\t<\/div>\n\t\t\t\t\t\t<\/div>\n\t\t\t\t<\/div>\n\t\t\t\t\t\t<\/div>\n\t\t\t\t\t<\/div>\n\t\t<\/div>\n\t\t\t\t<div class=\"elementor-column elementor-col-33 elementor-top-column elementor-element elementor-element-f20f716\" data-id=\"f20f716\" data-element_type=\"column\">\n\t\t\t<div class=\"elementor-column-wrap elementor-element-populated\">\n\t\t\t\t\t\t\t<div class=\"elementor-widget-wrap\">\n\t\t\t\t\t\t<div class=\"elementor-element elementor-element-3693e41 paveresa elementor-widget elementor-widget-text-editor\" data-id=\"3693e41\" data-element_type=\"widget\" data-widget_type=\"text-editor.default\">\n\t\t\t\t<div class=\"elementor-widget-container\">\n\t\t\t\t\t\t\t\t<div class=\"elementor-text-editor elementor-clearfix\">\n\t\t\t\t<h2>Ticket 7days \/ 7<br \/><\/h2><p><a href=\"https:\/\/www.touraine-montgolfiere.fr\/fr\/reserver-un-vol-7-jours-7?type_vol=1\"><img loading=\"lazy\" decoding=\"async\" class=\"alignnone wp-image-301 size-full\" title=\"Pilote de chasse\" src=\"https:\/\/www.touraine-montgolfiere.fr\/wp-content\/uploads\/2019\/05\/billet-7jours7-vol-montgolfiere.jpg\" alt=\"Billet 7jours\/7 vol en montgolfiere\" width=\"900\" height=\"675\" srcset=\"https:\/\/www.touraine-montgolfiere.fr\/wp-content\/uploads\/2019\/05\/billet-7jours7-vol-montgolfiere.jpg 900w, https:\/\/www.touraine-montgolfiere.fr\/wp-content\/uploads\/2019\/05\/billet-7jours7-vol-montgolfiere-600x450.jpg 600w, https:\/\/www.touraine-montgolfiere.fr\/wp-content\/uploads\/2019\/05\/billet-7jours7-vol-montgolfiere-300x225.jpg 300w, https:\/\/www.touraine-montgolfiere.fr\/wp-content\/uploads\/2019\/05\/billet-7jours7-vol-montgolfiere-768x576.jpg 768w\" sizes=\"auto, (max-width: 900px) 100vw, 900px\" \/><\/a><\/p><div class=\"content\"><p><\/p><p>Tickets valid every day of the season, weekends and holidays included.<\/p><p><\/p><p style=\"text-align: center;\"><a href=\"https:\/\/www.touraine-montgolfiere.fr\/en\/reserver-un-vol-7-jours-7?type_vol=1\">Book ticket 7 days\/7<\/a><\/p><p><\/p><\/div>\t\t\t\t\t<\/div>\n\t\t\t\t\t\t<\/div>\n\t\t\t\t<\/div>\n\t\t\t\t\t\t<\/div>\n\t\t\t\t\t<\/div>\n\t\t<\/div>\n\t\t\t\t<div class=\"elementor-column elementor-col-33 elementor-top-column elementor-element elementor-element-ed002bf\" data-id=\"ed002bf\" data-element_type=\"column\">\n\t\t\t<div class=\"elementor-column-wrap elementor-element-populated\">\n\t\t\t\t\t\t\t<div class=\"elementor-widget-wrap\">\n\t\t\t\t\t\t<div class=\"elementor-element elementor-element-c5adac4 paveresa elementor-widget elementor-widget-text-editor\" data-id=\"c5adac4\" data-element_type=\"widget\" data-widget_type=\"text-editor.default\">\n\t\t\t\t<div class=\"elementor-widget-container\">\n\t\t\t\t\t\t\t\t<div class=\"elementor-text-editor elementor-clearfix\">\n\t\t\t\t<h2>Private Basket<br \/><\/h2><p><a href=\"https:\/\/www.touraine-montgolfiere.fr\/fr\/reserver-un-nacelle-prive?type_vol=3\"><img loading=\"lazy\" decoding=\"async\" title=\"Pilote de chasse\" src=\"https:\/\/www.touraine-montgolfiere.fr\/wp-content\/uploads\/2019\/05\/securite-touraine-montgolfiere.jpg\" alt=\"s\u00e9curite en montgolfiere\" width=\"800\" height=\"600\" \/><\/a><\/p><div class=\"content\"><p><\/p><p>The basket is reserved for you. Tickets valid every day of the season, weekends and holidays included.<\/p><p style=\"text-align: center;\"><span style=\"color: #ff0000;\">Not available: Full at the moment.<\/span><\/p><p><\/p><p><\/p><p><\/p><\/div>\t\t\t\t\t<\/div>\n\t\t\t\t\t\t<\/div>\n\t\t\t\t<\/div>\n\t\t\t\t\t\t<\/div>\n\t\t\t\t\t<\/div>\n\t\t<\/div>\n\t\t\t\t\t\t\t\t<\/div>\n\t\t\t\t\t<\/div>\n\t\t<\/section>\n\t\t\t\t<section class=\"elementor-section elementor-top-section elementor-element elementor-element-607db2c elementor-section-boxed elementor-section-height-default elementor-section-height-default\" data-id=\"607db2c\" data-element_type=\"section\">\n\t\t\t\t\t\t<div class=\"elementor-container elementor-column-gap-default\">\n\t\t\t\t\t\t\t<div class=\"elementor-row\">\n\t\t\t\t\t<div class=\"elementor-column elementor-col-100 elementor-top-column elementor-element elementor-element-09f6825\" data-id=\"09f6825\" data-element_type=\"column\">\n\t\t\t<div class=\"elementor-column-wrap elementor-element-populated\">\n\t\t\t\t\t\t\t<div class=\"elementor-widget-wrap\">\n\t\t\t\t\t\t<div class=\"elementor-element elementor-element-4b5c949 elementor-widget elementor-widget-spacer\" data-id=\"4b5c949\" data-element_type=\"widget\" data-widget_type=\"spacer.default\">\n\t\t\t\t<div class=\"elementor-widget-container\">\n\t\t\t\t\t<div class=\"elementor-spacer\">\n\t\t\t<div class=\"elementor-spacer-inner\"><\/div>\n\t\t<\/div>\n\t\t\t\t<\/div>\n\t\t\t\t<\/div>\n\t\t\t\t\t\t<\/div>\n\t\t\t\t\t<\/div>\n\t\t<\/div>\n\t\t\t\t\t\t\t\t<\/div>\n\t\t\t\t\t<\/div>\n\t\t<\/section>\n\t\t\t\t<section class=\"elementor-section elementor-top-section elementor-element elementor-element-6afd5ba elementor-section-boxed elementor-section-height-default elementor-section-height-default\" data-id=\"6afd5ba\" data-element_type=\"section\">\n\t\t\t\t\t\t<div class=\"elementor-container elementor-column-gap-default\">\n\t\t\t\t\t\t\t<div class=\"elementor-row\">\n\t\t\t\t\t<div class=\"elementor-column elementor-col-100 elementor-top-column elementor-element elementor-element-e80c1f2\" data-id=\"e80c1f2\" data-element_type=\"column\">\n\t\t\t<div class=\"elementor-column-wrap elementor-element-populated\">\n\t\t\t\t\t\t\t<div class=\"elementor-widget-wrap\">\n\t\t\t\t\t\t<div class=\"elementor-element elementor-element-2a55722 elementor-widget elementor-widget-text-editor\" data-id=\"2a55722\" data-element_type=\"widget\" data-widget_type=\"text-editor.default\">\n\t\t\t\t<div class=\"elementor-widget-container\">\n\t\t\t\t\t\t\t\t<div class=\"elementor-text-editor elementor-clearfix\">\n\t\t\t\t<p><\/p><p style=\"text-align: center;\"><span style=\"font-size: 13pt;\">Prices: including tax and VAT on\u00a0<strong>25\/08\/2022<\/strong>\u00a0(VAT 10.00% including insurance) <\/span><\/p><p><\/p>\t\t\t\t\t<\/div>\n\t\t\t\t\t\t<\/div>\n\t\t\t\t<\/div>\n\t\t\t\t\t\t<\/div>\n\t\t\t\t\t<\/div>\n\t\t<\/div>\n\t\t\t\t\t\t\t\t<\/div>\n\t\t\t\t\t<\/div>\n\t\t<\/section>\n\t\t\t\t\t\t\t\t\t<\/div>\n\t\t\t<\/div>\n\t\t\t\t\t<\/div>\n\t\t","protected":false},"excerpt":{"rendered":"<p>You want to make or offer a flight! You can choose tickets with or without date, the same for accommodation. We recommend that you consult the pricing page Week ticket Tickets usable outside public holidays, Monday to Thursday morning or evening, as well as Friday morning. Book Week ticket Ticket 7days \/ 7 Tickets valid [&hellip;]<\/p>\n","protected":false},"author":3,"featured_media":0,"parent":0,"menu_order":0,"comment_status":"closed","ping_status":"closed","template":"","meta":{"_vp_format_video_url":"","_vp_image_focal_point":[],"footnotes":""},"class_list":["post-892","page","type-page","status-publish","hentry"],"yoast_head":"<!-- This site is optimized with the Yoast SEO plugin v24.9 - https:\/\/yoast.com\/wordpress\/plugins\/seo\/ -->\n<title>Booking - Vol en montgolfi\u00e8re survol des Ch\u00e2teaux de la Loire | Touraine Montgolfi\u00e8re<\/title>\n<meta name=\"robots\" content=\"index, follow, max-snippet:-1, max-image-preview:large, max-video-preview:-1\" \/>\n<link rel=\"canonical\" href=\"https:\/\/www.touraine-montgolfiere.fr\/reservation\/\" \/>\n<meta property=\"og:locale\" content=\"en_US\" \/>\n<meta property=\"og:type\" content=\"article\" \/>\n<meta property=\"og:title\" content=\"Booking - Vol en montgolfi\u00e8re survol des Ch\u00e2teaux de la Loire | Touraine Montgolfi\u00e8re\" \/>\n<meta property=\"og:description\" content=\"You want to make or offer a flight! You can choose tickets with or without date, the same for accommodation. We recommend that you consult the pricing page Week ticket Tickets usable outside public holidays, Monday to Thursday morning or evening, as well as Friday morning. Book Week ticket Ticket 7days \/ 7 Tickets valid [&hellip;]\" \/>\n<meta property=\"og:url\" content=\"https:\/\/www.touraine-montgolfiere.fr\/reservation\/\" \/>\n<meta property=\"og:site_name\" content=\"Vol en montgolfi\u00e8re survol des Ch\u00e2teaux de la Loire | Touraine Montgolfi\u00e8re\" \/>\n<meta property=\"article:modified_time\" content=\"2026-02-12T15:19:34+00:00\" \/>\n<meta property=\"og:image\" content=\"https:\/\/www.touraine-montgolfiere.fr\/wp-content\/uploads\/2019\/05\/billet-semaine-vol-montgolfiere.jpg\" \/>\n\t<meta property=\"og:image:width\" content=\"900\" \/>\n\t<meta property=\"og:image:height\" content=\"675\" \/>\n\t<meta property=\"og:image:type\" content=\"image\/jpeg\" \/>\n<meta name=\"twitter:card\" content=\"summary_large_image\" \/>\n<meta name=\"twitter:label1\" content=\"Est. reading time\" \/>\n\t<meta name=\"twitter:data1\" content=\"4 minutes\" \/>\n<script type=\"application\/ld+json\" class=\"yoast-schema-graph\">{\"@context\":\"https:\/\/schema.org\",\"@graph\":[{\"@type\":\"WebPage\",\"@id\":\"https:\/\/www.touraine-montgolfiere.fr\/reservation\/\",\"url\":\"https:\/\/www.touraine-montgolfiere.fr\/reservation\/\",\"name\":\"Booking - Vol en montgolfi\u00e8re survol des Ch\u00e2teaux de la Loire | Touraine Montgolfi\u00e8re\",\"isPartOf\":{\"@id\":\"https:\/\/www.touraine-montgolfiere.fr\/#website\"},\"primaryImageOfPage\":{\"@id\":\"https:\/\/www.touraine-montgolfiere.fr\/reservation\/#primaryimage\"},\"image\":{\"@id\":\"https:\/\/www.touraine-montgolfiere.fr\/reservation\/#primaryimage\"},\"thumbnailUrl\":\"https:\/\/www.touraine-montgolfiere.fr\/wp-content\/uploads\/2019\/05\/billet-semaine-vol-montgolfiere.jpg\",\"datePublished\":\"2019-10-10T08:45:51+00:00\",\"dateModified\":\"2026-02-12T15:19:34+00:00\",\"breadcrumb\":{\"@id\":\"https:\/\/www.touraine-montgolfiere.fr\/reservation\/#breadcrumb\"},\"inLanguage\":\"en-US\",\"potentialAction\":[{\"@type\":\"ReadAction\",\"target\":[\"https:\/\/www.touraine-montgolfiere.fr\/reservation\/\"]}]},{\"@type\":\"ImageObject\",\"inLanguage\":\"en-US\",\"@id\":\"https:\/\/www.touraine-montgolfiere.fr\/reservation\/#primaryimage\",\"url\":\"https:\/\/www.touraine-montgolfiere.fr\/wp-content\/uploads\/2019\/05\/billet-semaine-vol-montgolfiere.jpg\",\"contentUrl\":\"https:\/\/www.touraine-montgolfiere.fr\/wp-content\/uploads\/2019\/05\/billet-semaine-vol-montgolfiere.jpg\"},{\"@type\":\"BreadcrumbList\",\"@id\":\"https:\/\/www.touraine-montgolfiere.fr\/reservation\/#breadcrumb\",\"itemListElement\":[{\"@type\":\"ListItem\",\"position\":1,\"name\":\"Accueil\",\"item\":\"https:\/\/www.touraine-montgolfiere.fr\/\"},{\"@type\":\"ListItem\",\"position\":2,\"name\":\"[:fr]R\u00e9servation[:en]Booking[:es]Reservas[:]\"}]},{\"@type\":\"WebSite\",\"@id\":\"https:\/\/www.touraine-montgolfiere.fr\/#website\",\"url\":\"https:\/\/www.touraine-montgolfiere.fr\/\",\"name\":\"Vol en montgolfi\u00e8re survol des Ch\u00e2teaux de la Loire | Touraine Montgolfi\u00e8re\",\"description\":\"Vol en montgofi\u00e8re au dessus des ch\u00e2teaux de la Loire\",\"potentialAction\":[{\"@type\":\"SearchAction\",\"target\":{\"@type\":\"EntryPoint\",\"urlTemplate\":\"https:\/\/www.touraine-montgolfiere.fr\/?s={search_term_string}\"},\"query-input\":{\"@type\":\"PropertyValueSpecification\",\"valueRequired\":true,\"valueName\":\"search_term_string\"}}],\"inLanguage\":\"en-US\"}]}<\/script>\n<!-- \/ Yoast SEO plugin. -->","yoast_head_json":{"title":"Booking - Vol en montgolfi\u00e8re survol des Ch\u00e2teaux de la Loire | Touraine Montgolfi\u00e8re","robots":{"index":"index","follow":"follow","max-snippet":"max-snippet:-1","max-image-preview":"max-image-preview:large","max-video-preview":"max-video-preview:-1"},"canonical":"https:\/\/www.touraine-montgolfiere.fr\/reservation\/","og_locale":"en_US","og_type":"article","og_title":"Booking - Vol en montgolfi\u00e8re survol des Ch\u00e2teaux de la Loire | Touraine Montgolfi\u00e8re","og_description":"You want to make or offer a flight! You can choose tickets with or without date, the same for accommodation. We recommend that you consult the pricing page Week ticket Tickets usable outside public holidays, Monday to Thursday morning or evening, as well as Friday morning. Book Week ticket Ticket 7days \/ 7 Tickets valid [&hellip;]","og_url":"https:\/\/www.touraine-montgolfiere.fr\/reservation\/","og_site_name":"Vol en montgolfi\u00e8re survol des Ch\u00e2teaux de la Loire | Touraine Montgolfi\u00e8re","article_modified_time":"2026-02-12T15:19:34+00:00","og_image":[{"width":900,"height":675,"url":"https:\/\/www.touraine-montgolfiere.fr\/wp-content\/uploads\/2019\/05\/billet-semaine-vol-montgolfiere.jpg","type":"image\/jpeg"}],"twitter_card":"summary_large_image","twitter_misc":{"Est. reading time":"4 minutes"},"schema":{"@context":"https:\/\/schema.org","@graph":[{"@type":"WebPage","@id":"https:\/\/www.touraine-montgolfiere.fr\/reservation\/","url":"https:\/\/www.touraine-montgolfiere.fr\/reservation\/","name":"Booking - Vol en montgolfi\u00e8re survol des Ch\u00e2teaux de la Loire | Touraine Montgolfi\u00e8re","isPartOf":{"@id":"https:\/\/www.touraine-montgolfiere.fr\/#website"},"primaryImageOfPage":{"@id":"https:\/\/www.touraine-montgolfiere.fr\/reservation\/#primaryimage"},"image":{"@id":"https:\/\/www.touraine-montgolfiere.fr\/reservation\/#primaryimage"},"thumbnailUrl":"https:\/\/www.touraine-montgolfiere.fr\/wp-content\/uploads\/2019\/05\/billet-semaine-vol-montgolfiere.jpg","datePublished":"2019-10-10T08:45:51+00:00","dateModified":"2026-02-12T15:19:34+00:00","breadcrumb":{"@id":"https:\/\/www.touraine-montgolfiere.fr\/reservation\/#breadcrumb"},"inLanguage":"en-US","potentialAction":[{"@type":"ReadAction","target":["https:\/\/www.touraine-montgolfiere.fr\/reservation\/"]}]},{"@type":"ImageObject","inLanguage":"en-US","@id":"https:\/\/www.touraine-montgolfiere.fr\/reservation\/#primaryimage","url":"https:\/\/www.touraine-montgolfiere.fr\/wp-content\/uploads\/2019\/05\/billet-semaine-vol-montgolfiere.jpg","contentUrl":"https:\/\/www.touraine-montgolfiere.fr\/wp-content\/uploads\/2019\/05\/billet-semaine-vol-montgolfiere.jpg"},{"@type":"BreadcrumbList","@id":"https:\/\/www.touraine-montgolfiere.fr\/reservation\/#breadcrumb","itemListElement":[{"@type":"ListItem","position":1,"name":"Accueil","item":"https:\/\/www.touraine-montgolfiere.fr\/"},{"@type":"ListItem","position":2,"name":"[:fr]R\u00e9servation[:en]Booking[:es]Reservas[:]"}]},{"@type":"WebSite","@id":"https:\/\/www.touraine-montgolfiere.fr\/#website","url":"https:\/\/www.touraine-montgolfiere.fr\/","name":"Vol en montgolfi\u00e8re survol des Ch\u00e2teaux de la Loire | Touraine Montgolfi\u00e8re","description":"Vol en montgofi\u00e8re au dessus des ch\u00e2teaux de la Loire","potentialAction":[{"@type":"SearchAction","target":{"@type":"EntryPoint","urlTemplate":"https:\/\/www.touraine-montgolfiere.fr\/?s={search_term_string}"},"query-input":{"@type":"PropertyValueSpecification","valueRequired":true,"valueName":"search_term_string"}}],"inLanguage":"en-US"}]}},"_links":{"self":[{"href":"https:\/\/www.touraine-montgolfiere.fr\/en\/wp-json\/wp\/v2\/pages\/892","targetHints":{"allow":["GET"]}}],"collection":[{"href":"https:\/\/www.touraine-montgolfiere.fr\/en\/wp-json\/wp\/v2\/pages"}],"about":[{"href":"https:\/\/www.touraine-montgolfiere.fr\/en\/wp-json\/wp\/v2\/types\/page"}],"author":[{"embeddable":true,"href":"https:\/\/www.touraine-montgolfiere.fr\/en\/wp-json\/wp\/v2\/users\/3"}],"replies":[{"embeddable":true,"href":"https:\/\/www.touraine-montgolfiere.fr\/en\/wp-json\/wp\/v2\/comments?post=892"}],"version-history":[{"count":179,"href":"https:\/\/www.touraine-montgolfiere.fr\/en\/wp-json\/wp\/v2\/pages\/892\/revisions"}],"predecessor-version":[{"id":3116,"href":"https:\/\/www.touraine-montgolfiere.fr\/en\/wp-json\/wp\/v2\/pages\/892\/revisions\/3116"}],"wp:attachment":[{"href":"https:\/\/www.touraine-montgolfiere.fr\/en\/wp-json\/wp\/v2\/media?parent=892"}],"curies":[{"name":"wp","href":"https:\/\/api.w.org\/{rel}","templated":true}]}}