{"id":1607,"date":"2021-05-24T15:13:58","date_gmt":"2021-05-24T13:13:58","guid":{"rendered":"https:\/\/www.touraine-montgolfiere.fr\/?page_id=1607"},"modified":"2026-01-22T17:30:52","modified_gmt":"2026-01-22T16:30:52","slug":"vol-avec-hotel-date-definie","status":"publish","type":"page","link":"https:\/\/www.touraine-montgolfiere.fr\/es\/vol-avec-hotel-date-definie\/","title":{"rendered":"(Fran\u00e7ais) Vol avec H\u00f4tel &#8211; Date d\u00e9finie"},"content":{"rendered":"\t\t<div data-elementor-type=\"wp-page\" data-elementor-id=\"1607\" class=\"elementor elementor-1607\">\n\t\t\t\t\t\t<div class=\"elementor-inner\">\n\t\t\t\t<div class=\"elementor-section-wrap\">\n\t\t\t\t\t\t\t\t\t<section class=\"elementor-section elementor-top-section elementor-element elementor-element-0bd0206 elementor-section-boxed elementor-section-height-default elementor-section-height-default\" data-id=\"0bd0206\" data-element_type=\"section\">\n\t\t\t\t\t\t<div class=\"elementor-container elementor-column-gap-default\">\n\t\t\t\t\t\t\t<div class=\"elementor-row\">\n\t\t\t\t\t<div class=\"elementor-column elementor-col-16 elementor-top-column elementor-element elementor-element-420a234\" data-id=\"420a234\" data-element_type=\"column\">\n\t\t\t<div class=\"elementor-column-wrap\">\n\t\t\t\t\t\t\t<div class=\"elementor-widget-wrap\">\n\t\t\t\t\t\t\t\t<\/div>\n\t\t\t\t\t<\/div>\n\t\t<\/div>\n\t\t\t\t<div class=\"elementor-column elementor-col-66 elementor-top-column elementor-element elementor-element-00ce689\" data-id=\"00ce689\" data-element_type=\"column\">\n\t\t\t<div class=\"elementor-column-wrap elementor-element-populated\">\n\t\t\t\t\t\t\t<div class=\"elementor-widget-wrap\">\n\t\t\t\t\t\t<div class=\"elementor-element elementor-element-1891233 elementor-widget elementor-widget-text-editor\" data-id=\"1891233\" data-element_type=\"widget\" data-widget_type=\"text-editor.default\">\n\t\t\t\t<div class=\"elementor-widget-container\">\n\t\t\t\t\t\t\t\t<div class=\"elementor-text-editor elementor-clearfix\">\n\t\t\t\t<p>Les billets sont valables 2 ans et sont utilisables du 15 avril au 15 octobre. Vous trouverez les heures approximatives de d\u00e9part possible en bas de page.&nbsp;<u style=\"font-weight: bold;\"><br><\/u><\/p>\n<p><u style=\"font-weight: bold;\">1- Les dates sont d\u00e9j\u00e0 enregistr\u00e9es&nbsp;<\/u>&nbsp;:<\/p>\n<p>Il ne restera plus qu&#8217;\u00e0 patienter en attendant le jour J-1.<br>En cas de besoin, vous pouvez demander \u00e0 d\u00e9caler votre vol avec un pr\u00e9avis minimum de 96 heures avant la date r\u00e9serv\u00e9e.&nbsp;<br><span style=\"font-weight: var( --e-global-typography-text-font-weight );\">Par exemple, si une belle semaine se pr\u00e9sente avant votre s\u00e9jour, vous pouvez toujours&nbsp;<\/span><span style=\"font-weight: var( --e-global-typography-text-font-weight );\">nous demander les disponibilit\u00e9s de derni\u00e8res minutes pour tenter d&#8217;avancer la r\u00e9servation.<\/span><\/p>\n<p><span style=\"font-weight: bold; text-decoration-line: underline;\">2- La veille du vol<\/span><span style=\"font-weight: bold;\">&nbsp;:<\/span><\/p>\n<p>J-1 Surveillez votre t\u00e9l\u00e9phone ! Les pilotes d\u00e9cideront de maintenir ou d&#8217;annuler les vols du lendemain en fonction des pr\u00e9visions m\u00e9t\u00e9orologiques dont ils disposent. Si le vol est confirm\u00e9, ils d\u00e9termineront \u00e9galement l&#8217;heure pr\u00e9vue pour l&#8217;enregistrement des passagers.<\/p>\n<p>Vous serez inform\u00e9 des d\u00e9cisions par sms avant 12h00.&nbsp;<\/p>\n<p>Dans le cas contraire, si vous n&#8217;avez re\u00e7u aucun message, contactez Touraine Montgolfi\u00e8re entre 14h00 et 15h00 par t\u00e9l\u00e9phone au 02 47 30 10 80.&nbsp;<br><span style=\"font-weight: var( --e-global-typography-text-font-weight );\">Cela peut se produire lorsque la situation m\u00e9t\u00e9o n&#8217;est pas tr\u00e8s claire et que nous attendons des informations plus pr\u00e9cises.<\/span><\/p>\n<p><span style=\"font-weight: var( --e-global-typography-text-font-weight );\">Pour \u00e9viter des frais de route inutiles,&nbsp;<\/span>il est fortement conseill\u00e9<span style=\"font-weight: var( --e-global-typography-text-font-weight );\">&nbsp;d&#8217;attendre la validation du vol avant&nbsp;<\/span>d&#8217;entreprendre<span style=\"font-weight: var( --e-global-typography-text-font-weight );\">&nbsp;votre d\u00e9placement.<br><\/span><br>Si votre vol est annul\u00e9, revenez vers nous sans attendre par t\u00e9l\u00e9phone ou par Email (info@touraine-montgolfiere.fr) pour reprogrammer votre vol.<\/p>\n<p>Attention \u00e0 la validit\u00e9 de vos billets.<span style=\"font-weight: var( --e-global-typography-text-font-weight );\">&nbsp;<\/span><\/p>\n<p><u style=\"font-weight: bold;\">3- Le jour de votre arriv\u00e9e<\/u><span style=\"font-weight: bold;\">&nbsp;:<\/span><\/p>\n<p>Gardez votre t\u00e9l\u00e9phone mobile allum\u00e9 jusqu&#8217;\u00e0 ce que vous ayez rencontr\u00e9 l&#8217;\u00e9quipage.<\/p>\n<p>La r\u00e9ception de l&#8217;h\u00f4tel vous accueillera entre 17h00 et 20h00. Si votre programme ne vous permet pas de vous pr\u00e9senter entre ces heures, pr\u00e9venez l&#8217;h\u00f4tel au 02 47 30 27 16.<\/p>\n<p><u>Si votre vol est pr\u00e9vu en soir\u00e9e<\/u>, pr\u00e9sentez-vous \u00e0 l&#8217;accueil de l&#8217;h\u00f4tel, au minimum 30 minutes avant le d\u00e9part du vol, afin d&#8217;avoir le temps de prendre votre chambre.<\/p>\n<p><u>Si votre vol est pr\u00e9vu le lendemain matin<\/u>,&nbsp;<span style=\"font-weight: var( --e-global-typography-text-font-weight );\">pr\u00e9sentez-vous \u00e0 l&#8217;accueil de l&#8217;h\u00f4tel entre 17h00 et 20h00.<\/span><\/p>\n<p>L&#8217;enregistrement pour le vol s&#8217;effectuera ensuite sur la terrasse \u00e0 l&#8217;heure pr\u00e9cise qui vous aura \u00e9tait communiqu\u00e9e la veille.&nbsp;<span style=\"font-weight: var( --e-global-typography-text-font-weight );\">Pr\u00e9sentez-vous \u00e0 l&#8217;\u00e9quipage avec votre billet, papier ou \u00e9lectronique, accompagn\u00e9 d&#8217;une pi\u00e8ce d&#8217;identit\u00e9.<\/span>&nbsp;<\/p>\t\t\t\t\t<\/div>\n\t\t\t\t\t\t<\/div>\n\t\t\t\t<\/div>\n\t\t\t\t\t\t<\/div>\n\t\t\t\t\t<\/div>\n\t\t<\/div>\n\t\t\t\t<div class=\"elementor-column elementor-col-16 elementor-top-column elementor-element elementor-element-82d1018\" data-id=\"82d1018\" data-element_type=\"column\">\n\t\t\t<div class=\"elementor-column-wrap\">\n\t\t\t\t\t\t\t<div class=\"elementor-widget-wrap\">\n\t\t\t\t\t\t\t\t<\/div>\n\t\t\t\t\t<\/div>\n\t\t<\/div>\n\t\t\t\t\t\t\t\t<\/div>\n\t\t\t\t\t<\/div>\n\t\t<\/section>\n\t\t\t\t<section class=\"elementor-section elementor-top-section elementor-element elementor-element-0739720 elementor-section-boxed elementor-section-height-default elementor-section-height-default\" data-id=\"0739720\" data-element_type=\"section\">\n\t\t\t\t\t\t<div class=\"elementor-container elementor-column-gap-default\">\n\t\t\t\t\t\t\t<div class=\"elementor-row\">\n\t\t\t\t\t<div class=\"elementor-column elementor-col-16 elementor-top-column elementor-element elementor-element-279dc47\" data-id=\"279dc47\" data-element_type=\"column\">\n\t\t\t<div class=\"elementor-column-wrap\">\n\t\t\t\t\t\t\t<div class=\"elementor-widget-wrap\">\n\t\t\t\t\t\t\t\t<\/div>\n\t\t\t\t\t<\/div>\n\t\t<\/div>\n\t\t\t\t<div class=\"elementor-column elementor-col-66 elementor-top-column elementor-element elementor-element-8915ff5\" data-id=\"8915ff5\" data-element_type=\"column\">\n\t\t\t<div class=\"elementor-column-wrap elementor-element-populated\">\n\t\t\t\t\t\t\t<div class=\"elementor-widget-wrap\">\n\t\t\t\t\t\t<div class=\"elementor-element elementor-element-caa5f73 elementor-widget elementor-widget-google_maps\" data-id=\"caa5f73\" data-element_type=\"widget\" data-widget_type=\"google_maps.default\">\n\t\t\t\t<div class=\"elementor-widget-container\">\n\t\t\t\t\t<div class=\"elementor-custom-embed\">\n\t\t\t<iframe frameborder=\"0\" scrolling=\"no\" marginheight=\"0\" marginwidth=\"0\"\n\t\t\t\t\tsrc=\"https:\/\/maps.google.com\/maps?q=4%20chemin%20des%20sables%2C%2037530%20Nazelles-N%C3%A9gron&#038;t=m&#038;z=10&#038;output=embed&#038;iwloc=near\"\n\t\t\t\t\ttitle=\"4 chemin des sables, 37530 Nazelles-N\u00e9gron\"\n\t\t\t\t\taria-label=\"4 chemin des sables, 37530 Nazelles-N\u00e9gron\"\n\t\t\t><\/iframe>\n\t\t<\/div>\n\t\t\t\t<\/div>\n\t\t\t\t<\/div>\n\t\t\t\t\t\t<\/div>\n\t\t\t\t\t<\/div>\n\t\t<\/div>\n\t\t\t\t<div class=\"elementor-column elementor-col-16 elementor-top-column elementor-element elementor-element-3a12ad2\" data-id=\"3a12ad2\" data-element_type=\"column\">\n\t\t\t<div class=\"elementor-column-wrap\">\n\t\t\t\t\t\t\t<div class=\"elementor-widget-wrap\">\n\t\t\t\t\t\t\t\t<\/div>\n\t\t\t\t\t<\/div>\n\t\t<\/div>\n\t\t\t\t\t\t\t\t<\/div>\n\t\t\t\t\t<\/div>\n\t\t<\/section>\n\t\t\t\t<section class=\"elementor-section elementor-top-section elementor-element elementor-element-7f3d3b9 elementor-section-boxed elementor-section-height-default elementor-section-height-default\" data-id=\"7f3d3b9\" data-element_type=\"section\">\n\t\t\t\t\t\t<div class=\"elementor-container elementor-column-gap-default\">\n\t\t\t\t\t\t\t<div class=\"elementor-row\">\n\t\t\t\t\t<div class=\"elementor-column elementor-col-16 elementor-top-column elementor-element elementor-element-49ac6c1\" data-id=\"49ac6c1\" data-element_type=\"column\">\n\t\t\t<div class=\"elementor-column-wrap\">\n\t\t\t\t\t\t\t<div class=\"elementor-widget-wrap\">\n\t\t\t\t\t\t\t\t<\/div>\n\t\t\t\t\t<\/div>\n\t\t<\/div>\n\t\t\t\t<div class=\"elementor-column elementor-col-66 elementor-top-column elementor-element elementor-element-cab21ff\" data-id=\"cab21ff\" data-element_type=\"column\">\n\t\t\t<div class=\"elementor-column-wrap elementor-element-populated\">\n\t\t\t\t\t\t\t<div class=\"elementor-widget-wrap\">\n\t\t\t\t\t\t<div class=\"elementor-element elementor-element-19150f3 elementor-widget elementor-widget-text-editor\" data-id=\"19150f3\" data-element_type=\"widget\" data-widget_type=\"text-editor.default\">\n\t\t\t\t<div class=\"elementor-widget-container\">\n\t\t\t\t\t\t\t\t<div class=\"elementor-text-editor elementor-clearfix\">\n\t\t\t\t<p><span style=\"font-weight: var( --e-global-typography-text-font-weight );\">&nbsp;<\/span><u style=\"font-weight: bold;\">4- Pour le vol<\/u>&nbsp;:<\/p>\n<p>Portez une tenue de saison pratique et confortable ainsi que des chaussures plates et ferm\u00e9es.&nbsp;<span style=\"font-weight: var( --e-global-typography-text-font-weight );\">Les chaussures \u00e0 talon sont interdites.&nbsp;<\/span><span style=\"font-weight: var( --e-global-typography-text-font-weight );\">Pr\u00e9voyez \u00e9galement une paire de rechange pour \u00eatre au sec durant le reste de votre journ\u00e9e.<\/span><\/p>\n<p>En cas de forte chaleur, une casquette et une petite bouteille d&#8217;eau 50cl&nbsp; sont les bienvenues. Il est aussi pr\u00e9f\u00e9rable d&#8217;avoir les \u00e9paules couvertes (T-shirt coton).<\/p>\n<p>A bord, ne prenez ni sac \u00e0 main, ni sac \u00e0 dos, uniquement votre appareil photo ou smartphone en \u00abmode avion\u00bb et obligatoirement&nbsp;<u>muni d&#8217;une dragonne ou bandouli\u00e8re<\/u>.&nbsp;<\/p>\n<p>Les sacs restent dans nos v\u00e9hicules suiveurs et seront accessibles apr\u00e8s l&#8217;atterrissage.&nbsp;<\/p>\n<p><span style=\"font-weight: bold;\"><u>5- Heures approximatives de d\u00e9part<\/u><\/span>&nbsp;:<\/p>\n<p>Le tableau ci-dessous vous donne une approximation (+\/- 30 min) des heures de d\u00e9part qui varient en fonction des heures de soleil et des pr\u00e9visions m\u00e9t\u00e9o.&nbsp;<\/p>\n<p><u>Attention<\/u>, seule l&#8217;heure qui vous sera&nbsp;<u>communiqu\u00e9e la veille du vol<\/u>&nbsp;est \u00e0 retenir.<\/p>\n<p>Les vols durent&nbsp; plus ou moins 1h et vous serez de<span style=\"font-weight: var( --e-global-typography-text-font-weight );\">&nbsp;retour, environ 3 h plus tard.&nbsp;<\/span><\/p>\n<p><\/p>\n<table style=\"border-collapse: collapse; width: 100%;\">\n<tbody>\n<tr>\n<td style=\"width: 33.3333%;\">&nbsp;<\/td>\n<td style=\"width: 33.3333%;\">Vols du matin&nbsp;&nbsp;<\/td>\n<td style=\"width: 33.3333%;\">Vols en soir\u00e9e&nbsp;<\/td>\n<\/tr>\n<tr>\n<td style=\"width: 33.3333%;\">&nbsp;Avril<\/td>\n<td style=\"width: 33.3333%;\">&nbsp;07 h 00<\/td>\n<td style=\"width: 33.3333%;\">&nbsp;18 h 15<\/td>\n<\/tr>\n<tr>\n<td style=\"width: 33.3333%;\">&nbsp;Mai<\/td>\n<td style=\"width: 33.3333%;\">&nbsp;06 h 00<\/td>\n<td style=\"width: 33.3333%;\">19 h 00&nbsp;<\/td>\n<\/tr>\n<tr>\n<td style=\"width: 33.3333%;\">&nbsp;Juin<\/td>\n<td style=\"width: 33.3333%;\">05 h 30&nbsp;<\/td>\n<td style=\"width: 33.3333%;\">19 h 15&nbsp;<\/td>\n<\/tr>\n<tr>\n<td style=\"width: 33.3333%;\">&nbsp;Juillet<\/td>\n<td style=\"width: 33.3333%;\">&nbsp;05 h 45<\/td>\n<td style=\"width: 33.3333%;\">19 h 15&nbsp;<\/td>\n<\/tr>\n<tr>\n<td style=\"width: 33.3333%;\">&nbsp;Ao\u00fbt<\/td>\n<td style=\"width: 33.3333%;\">&nbsp;06 h 30<\/td>\n<td style=\"width: 33.3333%;\">&nbsp;18 h 30<\/td>\n<\/tr>\n<tr>\n<td style=\"width: 33.3333%;\">&nbsp;Septembre<\/td>\n<td style=\"width: 33.3333%;\">07 h 15<\/td>\n<td style=\"width: 33.3333%;\">17 h 30&nbsp;<\/td>\n<\/tr>\n<tr>\n<td style=\"width: 33.3333%;\">&nbsp;Octobre<\/td>\n<td style=\"width: 33.3333%;\">08 h 00&nbsp;<\/td>\n<td style=\"width: 33.3333%;\">16 h 45<\/td>\n<\/tr>\n<\/tbody>\n<\/table>\n<div>\n<p><u><b><br><\/b><\/u><\/p>\n<p><u><b>6- Protocole Covid 19<\/b><\/u> :&nbsp;<\/p>\n<p>Le mat\u00e9riel et les v\u00e9hicules sont d\u00e9sinfect\u00e9s entre chaque vol. Du liquide hydroalcoolique sera \u00e0 disposition.<br>L&#8217;accueil des passagers se fera sur la terrasse, <u>sans possibilit\u00e9 d&#8217;entrer dans nos locaux<\/u> pour les passagers qui ne r\u00e9sident pas \u00e0 l&#8217;h\u00f4tel. Les WC publics sont condamn\u00e9s et non accessibles.<\/p><p><span style=\"font-weight: bold;\"><u>7- Si vous souhaitez en savoir plus :<\/u><\/span><\/p><p><a href=\"https:\/\/www.touraine-montgolfiere.fr\/faq\/\">&gt;&gt; Cliquez ici &lt;&lt;<\/a><\/p>\n<p><\/p>\n<\/div>\t\t\t\t\t<\/div>\n\t\t\t\t\t\t<\/div>\n\t\t\t\t<\/div>\n\t\t\t\t\t\t<\/div>\n\t\t\t\t\t<\/div>\n\t\t<\/div>\n\t\t\t\t<div class=\"elementor-column elementor-col-16 elementor-top-column elementor-element elementor-element-4da26d9\" data-id=\"4da26d9\" data-element_type=\"column\">\n\t\t\t<div class=\"elementor-column-wrap\">\n\t\t\t\t\t\t\t<div class=\"elementor-widget-wrap\">\n\t\t\t\t\t\t\t\t<\/div>\n\t\t\t\t\t<\/div>\n\t\t<\/div>\n\t\t\t\t\t\t\t\t<\/div>\n\t\t\t\t\t<\/div>\n\t\t<\/section>\n\t\t\t\t\t\t\t\t\t<\/div>\n\t\t\t<\/div>\n\t\t\t\t\t<\/div>\n\t\t","protected":false},"excerpt":{"rendered":"<p>Les billets sont valables 2 ans et sont utilisables du 15 avril au 15 octobre. Vous trouverez les heures approximatives de d\u00e9part possible en bas de page.&nbsp; 1- Les dates sont d\u00e9j\u00e0 enregistr\u00e9es&nbsp;&nbsp;: Il ne restera plus qu&#8217;\u00e0 patienter en attendant le jour J-1.En cas de besoin, vous pouvez demander \u00e0 d\u00e9caler votre vol avec [&hellip;]<\/p>\n","protected":false},"author":3,"featured_media":0,"parent":0,"menu_order":0,"comment_status":"closed","ping_status":"closed","template":"page-titre.php","meta":{"_vp_format_video_url":"","_vp_image_focal_point":[],"footnotes":""},"class_list":["post-1607","page","type-page","status-publish","hentry"],"yoast_head":"<!-- This site is optimized with the Yoast SEO plugin v24.9 - https:\/\/yoast.com\/wordpress\/plugins\/seo\/ -->\n<title>(Fran\u00e7ais) Vol avec H\u00f4tel - Date d\u00e9finie - Vol en montgolfi\u00e8re survol des Ch\u00e2teaux de la Loire | Touraine Montgolfi\u00e8re<\/title>\n<meta name=\"robots\" content=\"index, follow, max-snippet:-1, max-image-preview:large, max-video-preview:-1\" \/>\n<link rel=\"canonical\" href=\"https:\/\/www.touraine-montgolfiere.fr\/vol-avec-hotel-date-definie\/\" \/>\n<meta property=\"og:locale\" content=\"es_ES\" \/>\n<meta property=\"og:type\" content=\"article\" \/>\n<meta property=\"og:title\" content=\"(Fran\u00e7ais) Vol avec H\u00f4tel - Date d\u00e9finie - Vol en montgolfi\u00e8re survol des Ch\u00e2teaux de la Loire | Touraine Montgolfi\u00e8re\" \/>\n<meta property=\"og:description\" content=\"Les billets sont valables 2 ans et sont utilisables du 15 avril au 15 octobre. Vous trouverez les heures approximatives de d\u00e9part possible en bas de page.&nbsp; 1- Les dates sont d\u00e9j\u00e0 enregistr\u00e9es&nbsp;&nbsp;: Il ne restera plus qu&#8217;\u00e0 patienter en attendant le jour J-1.En cas de besoin, vous pouvez demander \u00e0 d\u00e9caler votre vol avec [&hellip;]\" \/>\n<meta property=\"og:url\" content=\"https:\/\/www.touraine-montgolfiere.fr\/vol-avec-hotel-date-definie\/\" \/>\n<meta property=\"og:site_name\" content=\"Vol en montgolfi\u00e8re survol des Ch\u00e2teaux de la Loire | Touraine Montgolfi\u00e8re\" \/>\n<meta property=\"article:modified_time\" content=\"2026-01-22T16:30:52+00:00\" \/>\n<meta name=\"twitter:card\" content=\"summary_large_image\" \/>\n<meta name=\"twitter:label1\" content=\"Tiempo de lectura\" \/>\n\t<meta name=\"twitter:data1\" content=\"4 minutos\" \/>\n<script type=\"application\/ld+json\" class=\"yoast-schema-graph\">{\"@context\":\"https:\/\/schema.org\",\"@graph\":[{\"@type\":\"WebPage\",\"@id\":\"https:\/\/www.touraine-montgolfiere.fr\/vol-avec-hotel-date-definie\/\",\"url\":\"https:\/\/www.touraine-montgolfiere.fr\/vol-avec-hotel-date-definie\/\",\"name\":\"(Fran\u00e7ais) Vol avec H\u00f4tel - Date d\u00e9finie - Vol en montgolfi\u00e8re survol des Ch\u00e2teaux de la Loire | Touraine Montgolfi\u00e8re\",\"isPartOf\":{\"@id\":\"https:\/\/www.touraine-montgolfiere.fr\/#website\"},\"datePublished\":\"2021-05-24T13:13:58+00:00\",\"dateModified\":\"2026-01-22T16:30:52+00:00\",\"breadcrumb\":{\"@id\":\"https:\/\/www.touraine-montgolfiere.fr\/vol-avec-hotel-date-definie\/#breadcrumb\"},\"inLanguage\":\"es\",\"potentialAction\":[{\"@type\":\"ReadAction\",\"target\":[\"https:\/\/www.touraine-montgolfiere.fr\/vol-avec-hotel-date-definie\/\"]}]},{\"@type\":\"BreadcrumbList\",\"@id\":\"https:\/\/www.touraine-montgolfiere.fr\/vol-avec-hotel-date-definie\/#breadcrumb\",\"itemListElement\":[{\"@type\":\"ListItem\",\"position\":1,\"name\":\"Accueil\",\"item\":\"https:\/\/www.touraine-montgolfiere.fr\/\"},{\"@type\":\"ListItem\",\"position\":2,\"name\":\"[:fr]Vol avec H\u00f4tel &#8211; Date d\u00e9finie [:]\"}]},{\"@type\":\"WebSite\",\"@id\":\"https:\/\/www.touraine-montgolfiere.fr\/#website\",\"url\":\"https:\/\/www.touraine-montgolfiere.fr\/\",\"name\":\"Vol en montgolfi\u00e8re survol des Ch\u00e2teaux de la Loire | Touraine Montgolfi\u00e8re\",\"description\":\"Vol en montgofi\u00e8re au dessus des ch\u00e2teaux de la Loire\",\"potentialAction\":[{\"@type\":\"SearchAction\",\"target\":{\"@type\":\"EntryPoint\",\"urlTemplate\":\"https:\/\/www.touraine-montgolfiere.fr\/?s={search_term_string}\"},\"query-input\":{\"@type\":\"PropertyValueSpecification\",\"valueRequired\":true,\"valueName\":\"search_term_string\"}}],\"inLanguage\":\"es\"}]}<\/script>\n<!-- \/ Yoast SEO plugin. -->","yoast_head_json":{"title":"(Fran\u00e7ais) Vol avec H\u00f4tel - Date d\u00e9finie - Vol en montgolfi\u00e8re survol des Ch\u00e2teaux de la Loire | Touraine Montgolfi\u00e8re","robots":{"index":"index","follow":"follow","max-snippet":"max-snippet:-1","max-image-preview":"max-image-preview:large","max-video-preview":"max-video-preview:-1"},"canonical":"https:\/\/www.touraine-montgolfiere.fr\/vol-avec-hotel-date-definie\/","og_locale":"es_ES","og_type":"article","og_title":"(Fran\u00e7ais) Vol avec H\u00f4tel - Date d\u00e9finie - Vol en montgolfi\u00e8re survol des Ch\u00e2teaux de la Loire | Touraine Montgolfi\u00e8re","og_description":"Les billets sont valables 2 ans et sont utilisables du 15 avril au 15 octobre. Vous trouverez les heures approximatives de d\u00e9part possible en bas de page.&nbsp; 1- Les dates sont d\u00e9j\u00e0 enregistr\u00e9es&nbsp;&nbsp;: Il ne restera plus qu&#8217;\u00e0 patienter en attendant le jour J-1.En cas de besoin, vous pouvez demander \u00e0 d\u00e9caler votre vol avec [&hellip;]","og_url":"https:\/\/www.touraine-montgolfiere.fr\/vol-avec-hotel-date-definie\/","og_site_name":"Vol en montgolfi\u00e8re survol des Ch\u00e2teaux de la Loire | Touraine Montgolfi\u00e8re","article_modified_time":"2026-01-22T16:30:52+00:00","twitter_card":"summary_large_image","twitter_misc":{"Tiempo de lectura":"4 minutos"},"schema":{"@context":"https:\/\/schema.org","@graph":[{"@type":"WebPage","@id":"https:\/\/www.touraine-montgolfiere.fr\/vol-avec-hotel-date-definie\/","url":"https:\/\/www.touraine-montgolfiere.fr\/vol-avec-hotel-date-definie\/","name":"(Fran\u00e7ais) Vol avec H\u00f4tel - Date d\u00e9finie - Vol en montgolfi\u00e8re survol des Ch\u00e2teaux de la Loire | Touraine Montgolfi\u00e8re","isPartOf":{"@id":"https:\/\/www.touraine-montgolfiere.fr\/#website"},"datePublished":"2021-05-24T13:13:58+00:00","dateModified":"2026-01-22T16:30:52+00:00","breadcrumb":{"@id":"https:\/\/www.touraine-montgolfiere.fr\/vol-avec-hotel-date-definie\/#breadcrumb"},"inLanguage":"es","potentialAction":[{"@type":"ReadAction","target":["https:\/\/www.touraine-montgolfiere.fr\/vol-avec-hotel-date-definie\/"]}]},{"@type":"BreadcrumbList","@id":"https:\/\/www.touraine-montgolfiere.fr\/vol-avec-hotel-date-definie\/#breadcrumb","itemListElement":[{"@type":"ListItem","position":1,"name":"Accueil","item":"https:\/\/www.touraine-montgolfiere.fr\/"},{"@type":"ListItem","position":2,"name":"[:fr]Vol avec H\u00f4tel &#8211; Date d\u00e9finie [:]"}]},{"@type":"WebSite","@id":"https:\/\/www.touraine-montgolfiere.fr\/#website","url":"https:\/\/www.touraine-montgolfiere.fr\/","name":"Vol en montgolfi\u00e8re survol des Ch\u00e2teaux de la Loire | Touraine Montgolfi\u00e8re","description":"Vol en montgofi\u00e8re au dessus des ch\u00e2teaux de la Loire","potentialAction":[{"@type":"SearchAction","target":{"@type":"EntryPoint","urlTemplate":"https:\/\/www.touraine-montgolfiere.fr\/?s={search_term_string}"},"query-input":{"@type":"PropertyValueSpecification","valueRequired":true,"valueName":"search_term_string"}}],"inLanguage":"es"}]}},"_links":{"self":[{"href":"https:\/\/www.touraine-montgolfiere.fr\/es\/wp-json\/wp\/v2\/pages\/1607","targetHints":{"allow":["GET"]}}],"collection":[{"href":"https:\/\/www.touraine-montgolfiere.fr\/es\/wp-json\/wp\/v2\/pages"}],"about":[{"href":"https:\/\/www.touraine-montgolfiere.fr\/es\/wp-json\/wp\/v2\/types\/page"}],"author":[{"embeddable":true,"href":"https:\/\/www.touraine-montgolfiere.fr\/es\/wp-json\/wp\/v2\/users\/3"}],"replies":[{"embeddable":true,"href":"https:\/\/www.touraine-montgolfiere.fr\/es\/wp-json\/wp\/v2\/comments?post=1607"}],"version-history":[{"count":78,"href":"https:\/\/www.touraine-montgolfiere.fr\/es\/wp-json\/wp\/v2\/pages\/1607\/revisions"}],"predecessor-version":[{"id":3091,"href":"https:\/\/www.touraine-montgolfiere.fr\/es\/wp-json\/wp\/v2\/pages\/1607\/revisions\/3091"}],"wp:attachment":[{"href":"https:\/\/www.touraine-montgolfiere.fr\/es\/wp-json\/wp\/v2\/media?parent=1607"}],"curies":[{"name":"wp","href":"https:\/\/api.w.org\/{rel}","templated":true}]}}