{"id":206,"date":"2019-05-20T15:07:11","date_gmt":"2019-05-20T13:07:11","guid":{"rendered":"http:\/\/151.80.88.73\/touraine-montgolfiere.fr\/?page_id=206"},"modified":"2020-10-14T11:35:30","modified_gmt":"2020-10-14T09:35:30","slug":"a-visiter","status":"publish","type":"page","link":"https:\/\/www.touraine-montgolfiere.fr\/es\/a-visiter\/","title":{"rendered":"A visitar"},"content":{"rendered":"\t\t<div data-elementor-type=\"wp-post\" data-elementor-id=\"206\" class=\"elementor elementor-206\">\n\t\t\t\t\t\t<div class=\"elementor-inner\">\n\t\t\t\t<div class=\"elementor-section-wrap\">\n\t\t\t\t\t\t\t\t\t<section class=\"elementor-section elementor-top-section elementor-element elementor-element-6fac385 elementor-section-boxed elementor-section-height-default elementor-section-height-default\" data-id=\"6fac385\" data-element_type=\"section\">\n\t\t\t\t\t\t<div class=\"elementor-container elementor-column-gap-default\">\n\t\t\t\t\t\t\t<div class=\"elementor-row\">\n\t\t\t\t\t<div class=\"elementor-column elementor-col-50 elementor-top-column elementor-element elementor-element-651148f\" data-id=\"651148f\" data-element_type=\"column\">\n\t\t\t<div class=\"elementor-column-wrap elementor-element-populated\">\n\t\t\t\t\t\t\t<div class=\"elementor-widget-wrap\">\n\t\t\t\t\t\t<div class=\"elementor-element elementor-element-34dff6f elementor-widget elementor-widget-image\" data-id=\"34dff6f\" data-element_type=\"widget\" data-widget_type=\"image.default\">\n\t\t\t\t<div class=\"elementor-widget-container\">\n\t\t\t\t\t\t\t\t<div class=\"elementor-image\">\n\t\t\t\t\t\t\t\t\t<figure class=\"wp-caption\">\n\t\t\t\t\t\t\t\t\t\t\t<a href=\"https:\/\/www.touraine-montgolfiere.fr\/en-image\/\">\n\t\t\t\t\t\t\t<img loading=\"lazy\" decoding=\"async\" width=\"899\" height=\"675\" src=\"https:\/\/www.touraine-montgolfiere.fr\/wp-content\/uploads\/2019\/05\/vol-en-montgolfiere-amboise-chenonceaux-2.jpg\" class=\"attachment-large size-large\" alt=\"Ch\u00e2teau d&#039;Amboise\" srcset=\"https:\/\/www.touraine-montgolfiere.fr\/wp-content\/uploads\/2019\/05\/vol-en-montgolfiere-amboise-chenonceaux-2.jpg 899w, https:\/\/www.touraine-montgolfiere.fr\/wp-content\/uploads\/2019\/05\/vol-en-montgolfiere-amboise-chenonceaux-2-600x451.jpg 600w, https:\/\/www.touraine-montgolfiere.fr\/wp-content\/uploads\/2019\/05\/vol-en-montgolfiere-amboise-chenonceaux-2-300x225.jpg 300w, https:\/\/www.touraine-montgolfiere.fr\/wp-content\/uploads\/2019\/05\/vol-en-montgolfiere-amboise-chenonceaux-2-768x577.jpg 768w\" sizes=\"auto, (max-width: 899px) 100vw, 899px\" \/>\t\t\t\t\t\t\t\t<\/a>\n\t\t\t\t\t\t\t\t\t\t\t<figcaption class=\"widget-image-caption wp-caption-text\">Le Ch\u00e2teau Royal d'Amboise<\/figcaption>\n\t\t\t\t\t\t\t\t\t\t<\/figure>\n\t\t\t\t\t\t\t\t<\/div>\n\t\t\t\t\t\t<\/div>\n\t\t\t\t<\/div>\n\t\t\t\t\t\t<\/div>\n\t\t\t\t\t<\/div>\n\t\t<\/div>\n\t\t\t\t<div class=\"elementor-column elementor-col-50 elementor-top-column elementor-element elementor-element-27d9909\" data-id=\"27d9909\" data-element_type=\"column\">\n\t\t\t<div class=\"elementor-column-wrap elementor-element-populated\">\n\t\t\t\t\t\t\t<div class=\"elementor-widget-wrap\">\n\t\t\t\t\t\t<div class=\"elementor-element elementor-element-9e958b0 elementor-widget elementor-widget-text-editor\" data-id=\"9e958b0\" data-element_type=\"widget\" data-widget_type=\"text-editor.default\">\n\t\t\t\t<div class=\"elementor-widget-container\">\n\t\t\t\t\t\t\t\t<div class=\"elementor-text-editor elementor-clearfix\">\n\t\t\t\t<p><\/p><h2>Le Ch\u00e2teau Royal d&#8217;Amboise<\/h2><p>Palacio de los reyes de Francia en el Renacimiento, el castillo real ser\u00e1 el centro de las conmemoraciones del 5\u00ba centenario de Leonardo da Vinci (1519-2019), del que alberga la tumba.<br \/>Durante casi dos siglos, la historia del castillo real de Amboise estuvo \u00edntimamente ligada con la gran Historia de Francia. Magn\u00edfico palacio de los reyes Carlos VIII y Francisco I de Francia durante el Renacimiento, lugar de sepultura del emblem\u00e1tico Leonardo da Vinci, constituye para todos nuestros visitantes un testimonio excepcional de los cambios profundos que se produjeron en Europa en los siglos XV y XVI. M\u00e1xima expresi\u00f3n del lujo y del arte de vivir a la francesa, el castillo de Amboise tambi\u00e9n es un balc\u00f3n incomparable y monumental, abierto a 360\u00b0 sobre paisajes declarados Patrimonio Mundial de la Humanidad.<\/p><p style=\"text-align: right;\"><em><a href=\"https:\/\/www.chateau-amboise.com\/n\/fr\/\" target=\"_blank\" rel=\"noopener\">En savoir +<\/a><\/em><\/p><p><\/p>\t\t\t\t\t<\/div>\n\t\t\t\t\t\t<\/div>\n\t\t\t\t<\/div>\n\t\t\t\t\t\t<\/div>\n\t\t\t\t\t<\/div>\n\t\t<\/div>\n\t\t\t\t\t\t\t\t<\/div>\n\t\t\t\t\t<\/div>\n\t\t<\/section>\n\t\t\t\t<section class=\"elementor-section elementor-top-section elementor-element elementor-element-51e3da7 elementor-section-boxed elementor-section-height-default elementor-section-height-default\" data-id=\"51e3da7\" data-element_type=\"section\">\n\t\t\t\t\t\t<div class=\"elementor-container elementor-column-gap-default\">\n\t\t\t\t\t\t\t<div class=\"elementor-row\">\n\t\t\t\t\t<div class=\"elementor-column elementor-col-50 elementor-top-column elementor-element elementor-element-be58a36\" data-id=\"be58a36\" data-element_type=\"column\">\n\t\t\t<div class=\"elementor-column-wrap elementor-element-populated\">\n\t\t\t\t\t\t\t<div class=\"elementor-widget-wrap\">\n\t\t\t\t\t\t<div class=\"elementor-element elementor-element-78cac1f elementor-widget elementor-widget-image\" data-id=\"78cac1f\" data-element_type=\"widget\" data-widget_type=\"image.default\">\n\t\t\t\t<div class=\"elementor-widget-container\">\n\t\t\t\t\t\t\t\t<div class=\"elementor-image\">\n\t\t\t\t\t\t\t\t\t<figure class=\"wp-caption\">\n\t\t\t\t\t\t\t\t\t\t\t<a href=\"https:\/\/www.touraine-montgolfiere.fr\/en-image\/\">\n\t\t\t\t\t\t\t<img loading=\"lazy\" decoding=\"async\" width=\"899\" height=\"675\" src=\"https:\/\/www.touraine-montgolfiere.fr\/wp-content\/uploads\/2019\/05\/chateau-du-clos-luce-amboise.jpg\" class=\"attachment-large size-large\" alt=\"Chateau du clos luce \u00e0 amboise\" srcset=\"https:\/\/www.touraine-montgolfiere.fr\/wp-content\/uploads\/2019\/05\/chateau-du-clos-luce-amboise.jpg 899w, https:\/\/www.touraine-montgolfiere.fr\/wp-content\/uploads\/2019\/05\/chateau-du-clos-luce-amboise-600x451.jpg 600w, https:\/\/www.touraine-montgolfiere.fr\/wp-content\/uploads\/2019\/05\/chateau-du-clos-luce-amboise-300x225.jpg 300w, https:\/\/www.touraine-montgolfiere.fr\/wp-content\/uploads\/2019\/05\/chateau-du-clos-luce-amboise-768x577.jpg 768w\" sizes=\"auto, (max-width: 899px) 100vw, 899px\" \/>\t\t\t\t\t\t\t\t<\/a>\n\t\t\t\t\t\t\t\t\t\t\t<figcaption class=\"widget-image-caption wp-caption-text\">Le Ch\u00e2teau du Clos Luc\u00e9 \u00e0 Amboise<\/figcaption>\n\t\t\t\t\t\t\t\t\t\t<\/figure>\n\t\t\t\t\t\t\t\t<\/div>\n\t\t\t\t\t\t<\/div>\n\t\t\t\t<\/div>\n\t\t\t\t\t\t<\/div>\n\t\t\t\t\t<\/div>\n\t\t<\/div>\n\t\t\t\t<div class=\"elementor-column elementor-col-50 elementor-top-column elementor-element elementor-element-d7514dc\" data-id=\"d7514dc\" data-element_type=\"column\">\n\t\t\t<div class=\"elementor-column-wrap elementor-element-populated\">\n\t\t\t\t\t\t\t<div class=\"elementor-widget-wrap\">\n\t\t\t\t\t\t<div class=\"elementor-element elementor-element-70f7940 elementor-widget elementor-widget-text-editor\" data-id=\"70f7940\" data-element_type=\"widget\" data-widget_type=\"text-editor.default\">\n\t\t\t\t<div class=\"elementor-widget-container\">\n\t\t\t\t\t\t\t\t<div class=\"elementor-text-editor elementor-clearfix\">\n\t\t\t\t<p><\/p><h2>Le Ch\u00e2teau du Clos Luc\u00e9<\/h2><p>Desde su casa Toscana hasta su muerte en el Clos Luc\u00e9 el 2 de mayo de 1519, Leonardo da Vinci ha tratado de desvelar los secretos de la naturaleza y la f\u00edsica, que son la base de su trabajo.<br \/>Quinientos a\u00f1os despu\u00e9s, Leonardo da Vinci sigue presente en nuestra vida diaria a trav\u00e9s de su herencia. Nos sigue fascinando e inspira a novelistas, cineastas e incluso a la industria de los videojuegos. Este hombre, que sue\u00f1a con hacer volar a los hombres e imaginar el futuro, este pintor, inventor, ingeniero, cient\u00edfico, humanista y fil\u00f3sofo, permanece inmortal.<br \/>El Ch\u00e2teau du Clos Luc\u00e9, con la marca dejada por el Maestro, tiene la misi\u00f3n de ofrecer una visi\u00f3n general de la obra de Leonardo al p\u00fablico en general. Desde el principio hasta el final de la visita, experimente esta sensaci\u00f3n divertida, que el genio estaba all\u00ed, hace un momento.<\/p><p style=\"text-align: right;\"><em><a href=\"http:\/\/www.vinci-closluce.com\/fr\" target=\"_blank\" rel=\"noopener\">En savoir +<\/a><\/em><\/p><p><\/p>\t\t\t\t\t<\/div>\n\t\t\t\t\t\t<\/div>\n\t\t\t\t<\/div>\n\t\t\t\t\t\t<\/div>\n\t\t\t\t\t<\/div>\n\t\t<\/div>\n\t\t\t\t\t\t\t\t<\/div>\n\t\t\t\t\t<\/div>\n\t\t<\/section>\n\t\t\t\t\t\t\t\t\t<\/div>\n\t\t\t<\/div>\n\t\t\t\t\t<\/div>\n\t\t","protected":false},"excerpt":{"rendered":"<p>Le Ch\u00e2teau Royal d&#8217;Amboise Le ch\u00e2teau Royal d&#8217;Amboise vous accueille tous les jours de l&#8217;ann\u00e9e (\u00e0 l&#8217;exception du 1er janvier et du 25 d\u00e9cembre). Ce monument embl\u00e9matique et ses jardins paysagers offrent un des plus remarquables panoramas sur la vall\u00e9e de la Loire, class\u00e9 au Patrimoine mondial par l&#8217;Unesco.Chaque parcours de visite porte un regard [&hellip;]<\/p>\n","protected":false},"author":3,"featured_media":0,"parent":0,"menu_order":0,"comment_status":"closed","ping_status":"closed","template":"","meta":{"_vp_format_video_url":"","_vp_image_focal_point":[],"footnotes":""},"class_list":["post-206","page","type-page","status-publish","hentry"],"yoast_head":"<!-- This site is optimized with the Yoast SEO plugin v24.9 - https:\/\/yoast.com\/wordpress\/plugins\/seo\/ -->\n<title>A visitar - Vol en montgolfi\u00e8re survol des Ch\u00e2teaux de la Loire | Touraine Montgolfi\u00e8re<\/title>\n<meta name=\"description\" content=\"Sites touristiques \u00e0 visiter en Touraine, Ch\u00e2teau d&#039;Amboise, Chenonceaux, Pagode de Chanteloup, Clos Luc\u00e9, Vignobles, d\u00e9couverte de la Loire.\" \/>\n<meta name=\"robots\" content=\"index, follow, max-snippet:-1, max-image-preview:large, max-video-preview:-1\" \/>\n<link rel=\"canonical\" href=\"https:\/\/www.touraine-montgolfiere.fr\/a-visiter\/\" \/>\n<meta property=\"og:locale\" content=\"es_ES\" \/>\n<meta property=\"og:type\" content=\"article\" \/>\n<meta property=\"og:title\" content=\"A visitar - Vol en montgolfi\u00e8re survol des Ch\u00e2teaux de la Loire | Touraine Montgolfi\u00e8re\" \/>\n<meta property=\"og:description\" content=\"Sites touristiques \u00e0 visiter en Touraine, Ch\u00e2teau d&#039;Amboise, Chenonceaux, Pagode de Chanteloup, Clos Luc\u00e9, Vignobles, d\u00e9couverte de la Loire.\" \/>\n<meta property=\"og:url\" content=\"https:\/\/www.touraine-montgolfiere.fr\/a-visiter\/\" \/>\n<meta property=\"og:site_name\" content=\"Vol en montgolfi\u00e8re survol des Ch\u00e2teaux de la Loire | Touraine Montgolfi\u00e8re\" \/>\n<meta property=\"article:modified_time\" content=\"2020-10-14T09:35:30+00:00\" \/>\n<meta property=\"og:image\" content=\"http:\/\/touraine.france-regions.com\/wp-content\/uploads\/2019\/05\/vol-en-montgolfiere-amboise-chenonceaux-2.jpg\" \/>\n<meta name=\"twitter:card\" content=\"summary_large_image\" \/>\n<meta name=\"twitter:label1\" content=\"Tiempo de lectura\" \/>\n\t<meta name=\"twitter:data1\" content=\"3 minutos\" \/>\n<script type=\"application\/ld+json\" class=\"yoast-schema-graph\">{\"@context\":\"https:\/\/schema.org\",\"@graph\":[{\"@type\":\"WebPage\",\"@id\":\"https:\/\/www.touraine-montgolfiere.fr\/a-visiter\/\",\"url\":\"https:\/\/www.touraine-montgolfiere.fr\/a-visiter\/\",\"name\":\"A visitar - Vol en montgolfi\u00e8re survol des Ch\u00e2teaux de la Loire | Touraine Montgolfi\u00e8re\",\"isPartOf\":{\"@id\":\"https:\/\/www.touraine-montgolfiere.fr\/#website\"},\"primaryImageOfPage\":{\"@id\":\"https:\/\/www.touraine-montgolfiere.fr\/a-visiter\/#primaryimage\"},\"image\":{\"@id\":\"https:\/\/www.touraine-montgolfiere.fr\/a-visiter\/#primaryimage\"},\"thumbnailUrl\":\"http:\/\/touraine.france-regions.com\/wp-content\/uploads\/2019\/05\/vol-en-montgolfiere-amboise-chenonceaux-2.jpg\",\"datePublished\":\"2019-05-20T13:07:11+00:00\",\"dateModified\":\"2020-10-14T09:35:30+00:00\",\"description\":\"Sites touristiques \u00e0 visiter en Touraine, Ch\u00e2teau d'Amboise, Chenonceaux, Pagode de Chanteloup, Clos Luc\u00e9, Vignobles, d\u00e9couverte de la Loire.\",\"breadcrumb\":{\"@id\":\"https:\/\/www.touraine-montgolfiere.fr\/a-visiter\/#breadcrumb\"},\"inLanguage\":\"es\",\"potentialAction\":[{\"@type\":\"ReadAction\",\"target\":[\"https:\/\/www.touraine-montgolfiere.fr\/a-visiter\/\"]}]},{\"@type\":\"ImageObject\",\"inLanguage\":\"es\",\"@id\":\"https:\/\/www.touraine-montgolfiere.fr\/a-visiter\/#primaryimage\",\"url\":\"http:\/\/touraine.france-regions.com\/wp-content\/uploads\/2019\/05\/vol-en-montgolfiere-amboise-chenonceaux-2.jpg\",\"contentUrl\":\"http:\/\/touraine.france-regions.com\/wp-content\/uploads\/2019\/05\/vol-en-montgolfiere-amboise-chenonceaux-2.jpg\"},{\"@type\":\"BreadcrumbList\",\"@id\":\"https:\/\/www.touraine-montgolfiere.fr\/a-visiter\/#breadcrumb\",\"itemListElement\":[{\"@type\":\"ListItem\",\"position\":1,\"name\":\"Accueil\",\"item\":\"https:\/\/www.touraine-montgolfiere.fr\/\"},{\"@type\":\"ListItem\",\"position\":2,\"name\":\"A Visiter\"}]},{\"@type\":\"WebSite\",\"@id\":\"https:\/\/www.touraine-montgolfiere.fr\/#website\",\"url\":\"https:\/\/www.touraine-montgolfiere.fr\/\",\"name\":\"Vol en montgolfi\u00e8re survol des Ch\u00e2teaux de la Loire | Touraine Montgolfi\u00e8re\",\"description\":\"Vol en montgofi\u00e8re au dessus des ch\u00e2teaux de la Loire\",\"potentialAction\":[{\"@type\":\"SearchAction\",\"target\":{\"@type\":\"EntryPoint\",\"urlTemplate\":\"https:\/\/www.touraine-montgolfiere.fr\/?s={search_term_string}\"},\"query-input\":{\"@type\":\"PropertyValueSpecification\",\"valueRequired\":true,\"valueName\":\"search_term_string\"}}],\"inLanguage\":\"es\"}]}<\/script>\n<!-- \/ Yoast SEO plugin. -->","yoast_head_json":{"title":"A visitar - Vol en montgolfi\u00e8re survol des Ch\u00e2teaux de la Loire | Touraine Montgolfi\u00e8re","description":"Sites touristiques \u00e0 visiter en Touraine, Ch\u00e2teau d'Amboise, Chenonceaux, Pagode de Chanteloup, Clos Luc\u00e9, Vignobles, d\u00e9couverte de la Loire.","robots":{"index":"index","follow":"follow","max-snippet":"max-snippet:-1","max-image-preview":"max-image-preview:large","max-video-preview":"max-video-preview:-1"},"canonical":"https:\/\/www.touraine-montgolfiere.fr\/a-visiter\/","og_locale":"es_ES","og_type":"article","og_title":"A visitar - Vol en montgolfi\u00e8re survol des Ch\u00e2teaux de la Loire | Touraine Montgolfi\u00e8re","og_description":"Sites touristiques \u00e0 visiter en Touraine, Ch\u00e2teau d'Amboise, Chenonceaux, Pagode de Chanteloup, Clos Luc\u00e9, Vignobles, d\u00e9couverte de la Loire.","og_url":"https:\/\/www.touraine-montgolfiere.fr\/a-visiter\/","og_site_name":"Vol en montgolfi\u00e8re survol des Ch\u00e2teaux de la Loire | Touraine Montgolfi\u00e8re","article_modified_time":"2020-10-14T09:35:30+00:00","og_image":[{"url":"http:\/\/touraine.france-regions.com\/wp-content\/uploads\/2019\/05\/vol-en-montgolfiere-amboise-chenonceaux-2.jpg","type":"","width":"","height":""}],"twitter_card":"summary_large_image","twitter_misc":{"Tiempo de lectura":"3 minutos"},"schema":{"@context":"https:\/\/schema.org","@graph":[{"@type":"WebPage","@id":"https:\/\/www.touraine-montgolfiere.fr\/a-visiter\/","url":"https:\/\/www.touraine-montgolfiere.fr\/a-visiter\/","name":"A visitar - Vol en montgolfi\u00e8re survol des Ch\u00e2teaux de la Loire | Touraine Montgolfi\u00e8re","isPartOf":{"@id":"https:\/\/www.touraine-montgolfiere.fr\/#website"},"primaryImageOfPage":{"@id":"https:\/\/www.touraine-montgolfiere.fr\/a-visiter\/#primaryimage"},"image":{"@id":"https:\/\/www.touraine-montgolfiere.fr\/a-visiter\/#primaryimage"},"thumbnailUrl":"http:\/\/touraine.france-regions.com\/wp-content\/uploads\/2019\/05\/vol-en-montgolfiere-amboise-chenonceaux-2.jpg","datePublished":"2019-05-20T13:07:11+00:00","dateModified":"2020-10-14T09:35:30+00:00","description":"Sites touristiques \u00e0 visiter en Touraine, Ch\u00e2teau d'Amboise, Chenonceaux, Pagode de Chanteloup, Clos Luc\u00e9, Vignobles, d\u00e9couverte de la Loire.","breadcrumb":{"@id":"https:\/\/www.touraine-montgolfiere.fr\/a-visiter\/#breadcrumb"},"inLanguage":"es","potentialAction":[{"@type":"ReadAction","target":["https:\/\/www.touraine-montgolfiere.fr\/a-visiter\/"]}]},{"@type":"ImageObject","inLanguage":"es","@id":"https:\/\/www.touraine-montgolfiere.fr\/a-visiter\/#primaryimage","url":"http:\/\/touraine.france-regions.com\/wp-content\/uploads\/2019\/05\/vol-en-montgolfiere-amboise-chenonceaux-2.jpg","contentUrl":"http:\/\/touraine.france-regions.com\/wp-content\/uploads\/2019\/05\/vol-en-montgolfiere-amboise-chenonceaux-2.jpg"},{"@type":"BreadcrumbList","@id":"https:\/\/www.touraine-montgolfiere.fr\/a-visiter\/#breadcrumb","itemListElement":[{"@type":"ListItem","position":1,"name":"Accueil","item":"https:\/\/www.touraine-montgolfiere.fr\/"},{"@type":"ListItem","position":2,"name":"A Visiter"}]},{"@type":"WebSite","@id":"https:\/\/www.touraine-montgolfiere.fr\/#website","url":"https:\/\/www.touraine-montgolfiere.fr\/","name":"Vol en montgolfi\u00e8re survol des Ch\u00e2teaux de la Loire | Touraine Montgolfi\u00e8re","description":"Vol en montgofi\u00e8re au dessus des ch\u00e2teaux de la Loire","potentialAction":[{"@type":"SearchAction","target":{"@type":"EntryPoint","urlTemplate":"https:\/\/www.touraine-montgolfiere.fr\/?s={search_term_string}"},"query-input":{"@type":"PropertyValueSpecification","valueRequired":true,"valueName":"search_term_string"}}],"inLanguage":"es"}]}},"_links":{"self":[{"href":"https:\/\/www.touraine-montgolfiere.fr\/es\/wp-json\/wp\/v2\/pages\/206","targetHints":{"allow":["GET"]}}],"collection":[{"href":"https:\/\/www.touraine-montgolfiere.fr\/es\/wp-json\/wp\/v2\/pages"}],"about":[{"href":"https:\/\/www.touraine-montgolfiere.fr\/es\/wp-json\/wp\/v2\/types\/page"}],"author":[{"embeddable":true,"href":"https:\/\/www.touraine-montgolfiere.fr\/es\/wp-json\/wp\/v2\/users\/3"}],"replies":[{"embeddable":true,"href":"https:\/\/www.touraine-montgolfiere.fr\/es\/wp-json\/wp\/v2\/comments?post=206"}],"version-history":[{"count":21,"href":"https:\/\/www.touraine-montgolfiere.fr\/es\/wp-json\/wp\/v2\/pages\/206\/revisions"}],"predecessor-version":[{"id":1368,"href":"https:\/\/www.touraine-montgolfiere.fr\/es\/wp-json\/wp\/v2\/pages\/206\/revisions\/1368"}],"wp:attachment":[{"href":"https:\/\/www.touraine-montgolfiere.fr\/es\/wp-json\/wp\/v2\/media?parent=206"}],"curies":[{"name":"wp","href":"https:\/\/api.w.org\/{rel}","templated":true}]}}